{"id":3480,"date":"2024-05-28T07:42:22","date_gmt":"2024-05-28T05:42:22","guid":{"rendered":"https:\/\/davidhorn.com\/branchen\/"},"modified":"2025-07-29T10:06:07","modified_gmt":"2025-07-29T08:06:07","slug":"branchen","status":"publish","type":"page","link":"https:\/\/davidhorn.com\/de\/branchen\/","title":{"rendered":"Branchen"},"content":{"rendered":"\n<section class=\"wp-block-group has-global-padding is-layout-constrained wp-block-group-is-layout-constrained\" style=\"margin-top:var(--wp--preset--spacing--80);margin-bottom:var(--wp--preset--spacing--80)\">\n<div class=\"wp-block-columns alignwide is-layout-flex wp-container-core-columns-is-layout-28f84493 wp-block-columns-is-layout-flex\">\n<div class=\"wp-block-column is-layout-flow wp-block-column-is-layout-flow\">\n<h1 class=\"wp-block-heading\" id=\"h-ermittlungen-effizient-genau-und-fair-gestaltet\">Ermittlungen effizient, genau und fair gestaltet.<\/h1>\n\n\n\n<p class=\"is-style-lead\">Unterst\u00fctzung von Vernehmungsleitern und ihrer Arbeit. Ganz gleich, ob Sie gef\u00e4hrdete Zeugen, Kinder oder Verd\u00e4chtige befragen. Ganz gleich, ob Sie bei der Polizei, in der Verteidigung, bei der Einwanderungsbeh\u00f6rde, bei Barnahus oder bei Corporate Investigations arbeiten. <\/p>\n\n\n\n<p>Davidhorn wird Sie mit L\u00f6sungen unterst\u00fctzen, die auf Innovation und 40 Jahren Erfahrung basieren.<\/p>\n<\/div>\n\n\n\n<div class=\"wp-block-column is-layout-flow wp-block-column-is-layout-flow\"><\/div>\n<\/div>\n<\/section>\n\n\n\n<section class=\"wp-block-group has-global-padding is-layout-constrained wp-block-group-is-layout-constrained\" style=\"margin-top:var(--wp--preset--spacing--80);margin-bottom:var(--wp--preset--spacing--80)\">\n<div class=\"wp-block-group alignwide is-layout-flow wp-block-group-is-layout-flow\">\n<h2 class=\"wp-block-heading\" id=\"h-branchen-die-wir-bedienen\">Branchen, die wir bedienen<\/h2>\n\n\n\n<div class=\"align wp-block-site-carousel\" id=\"block-f95282c46aac5b78830e7b976383b573\">\n\n<div class=\"swiper\">\n\t<div class=\"swiper-button-prev\"><\/div>\n\t<div class=\"swiper-button-next\"><\/div>\n\t<ul class=\"carousel carousel__container swiper-wrapper\">\n\t\t\t\t\t\t\t\t\t<li class=\"carousel__item swiper-slide\">\n\t\t\t\t\t<a href=\"https:\/\/davidhorn.com\/de\/industry\/polizei\/\">\n\t\t\t\t\t\t\t\t\t\t\t\t\t<figure class=\"carousel__figure\">\n\t\t\t\t\t\t\t\t<img decoding=\"async\" src=\"https:\/\/d3pwq9e4hibwhv.cloudfront.net\/wp-content\/uploads\/2024\/06\/20093845\/AdobeStock_298601376-1024x671.jpg\">\n\t\t\t\t\t\t\t<\/figure>\n\t\t\t\t\t\t\t\t\t\t\t\t<div class=\"carousel__item-content\">\n\t\t\t\t\t\t\t<h2 class=\"carousel__item-title\">Polizeiliche Vernehmungsaufzeichnung<\/h2>\n\t\t\t\t\t\t\t<p class=\"carousel__item-excerpt\"><p>Durch Innovation und basierend auf 40 Jahren Erfahrung, bef\u00e4higen wir die Polizei mit beweissicheren&#8230;<\/p>\n<\/p>\n\t\t\t\t\t\t<\/div>\n\t\t\t\t\t<\/a>\n\t\t\t\t<\/li>\n\t\t\t\t\t\t\t<li class=\"carousel__item swiper-slide\">\n\t\t\t\t\t<a href=\"https:\/\/davidhorn.com\/de\/industry\/einwanderungs-und-zollvernehmung\/\">\n\t\t\t\t\t\t\t\t\t\t\t\t\t<figure class=\"carousel__figure\">\n\t\t\t\t\t\t\t\t<img decoding=\"async\" src=\"https:\/\/d3pwq9e4hibwhv.cloudfront.net\/wp-content\/uploads\/2024\/05\/11170743\/immigration-customs-1-1024x609.jpg\">\n\t\t\t\t\t\t\t<\/figure>\n\t\t\t\t\t\t\t\t\t\t\t\t<div class=\"carousel__item-content\">\n\t\t\t\t\t\t\t<h2 class=\"carousel__item-title\">Immigration &amp; Asyl Befragung Aufnahme L\u00f6sungen<\/h2>\n\t\t\t\t\t\t\t<p class=\"carousel__item-excerpt\"><p>Mit produktivit\u00e4tssteigernden Vernehmungswerkzeugen statten wir lokale Beh\u00f6rden aus, um gerichtsfeste Beweise&#8230;<\/p>\n<\/p>\n\t\t\t\t\t\t<\/div>\n\t\t\t\t\t<\/a>\n\t\t\t\t<\/li>\n\t\t\t\t\t\t\t<li class=\"carousel__item swiper-slide\">\n\t\t\t\t\t<a href=\"https:\/\/davidhorn.com\/de\/industry\/kinder-und-zeugenbefragung-barnahus\/\">\n\t\t\t\t\t\t\t\t\t\t\t\t\t<figure class=\"carousel__figure\">\n\t\t\t\t\t\t\t\t<img decoding=\"async\" src=\"https:\/\/d3pwq9e4hibwhv.cloudfront.net\/wp-content\/uploads\/2024\/05\/28101700\/AdobeStock_397823189-1024x684.jpeg\">\n\t\t\t\t\t\t\t<\/figure>\n\t\t\t\t\t\t\t\t\t\t\t\t<div class=\"carousel__item-content\">\n\t\t\t\t\t\t\t<h2 class=\"carousel__item-title\">Kinder- und Zeugenbefragung<\/h2>\n\t\t\t\t\t\t\t<p class=\"carousel__item-excerpt\"><p>Davidhorn arbeitet mit Barnahus zusammen, um fortschrittliche Werkzeuge bereitzustellen, die das Wohl von Kinderzeugen&#8230;<\/p>\n<\/p>\n\t\t\t\t\t\t<\/div>\n\t\t\t\t\t<\/a>\n\t\t\t\t<\/li>\n\t\t\t\t\t\t\t<li class=\"carousel__item swiper-slide\">\n\t\t\t\t\t<a href=\"https:\/\/davidhorn.com\/de\/industry\/vernehmungsaufzeichnung-der-verteidigung\/\">\n\t\t\t\t\t\t\t\t\t\t\t\t\t<figure class=\"carousel__figure\">\n\t\t\t\t\t\t\t\t<img decoding=\"async\" src=\"https:\/\/d3pwq9e4hibwhv.cloudfront.net\/wp-content\/uploads\/2024\/05\/28074413\/low-angle-view-of-row-of-men-wearing-military-unif-2023-11-27-05-15-15-utc-1024x814.jpg\">\n\t\t\t\t\t\t\t<\/figure>\n\t\t\t\t\t\t\t\t\t\t\t\t<div class=\"carousel__item-content\">\n\t\t\t\t\t\t\t<h2 class=\"carousel__item-title\">Vernehmungsaufzeichnung der Verteidigung<\/h2>\n\t\t\t\t\t\t\t<p class=\"carousel__item-excerpt\"><p>Eine sichere Vernehmungsl\u00f6sung, unterst\u00fctzt durch unsere bew\u00e4hrte Vertraulichkeit und F\u00e4higkeit, hochklassifizierte&#8230;<\/p>\n<\/p>\n\t\t\t\t\t\t<\/div>\n\t\t\t\t\t<\/a>\n\t\t\t\t<\/li>\n\t\t\t\t\t\t\t<li class=\"carousel__item swiper-slide\">\n\t\t\t\t\t<a href=\"https:\/\/davidhorn.com\/de\/industry\/unternehmensuntersuchungen\/\">\n\t\t\t\t\t\t\t\t\t\t\t\t\t<figure class=\"carousel__figure\">\n\t\t\t\t\t\t\t\t<img decoding=\"async\" src=\"https:\/\/d3pwq9e4hibwhv.cloudfront.net\/wp-content\/uploads\/2024\/06\/28111848\/Industry_top-banner1-1024x684.jpg\">\n\t\t\t\t\t\t\t<\/figure>\n\t\t\t\t\t\t\t\t\t\t\t\t<div class=\"carousel__item-content\">\n\t\t\t\t\t\t\t<h2 class=\"carousel__item-title\">Unternehmensuntersuchungen<\/h2>\n\t\t\t\t\t\t\t<p class=\"carousel__item-excerpt\"><p>Durch Innovation und auf der Grundlage von 40 Jahren Erfahrung versetzen wir die Polizei in die Lage,&#8230;<\/p>\n<\/p>\n\t\t\t\t\t\t<\/div>\n\t\t\t\t\t<\/a>\n\t\t\t\t<\/li>\n\t\t\t\t\t\t\t<li class=\"carousel__item swiper-slide\">\n\t\t\t\t\t<a href=\"https:\/\/davidhorn.com\/de\/industry\/vernehmungsaufzeichnung-fuer-kommunalbehoerden\/\">\n\t\t\t\t\t\t\t\t\t\t\t\t\t<figure class=\"carousel__figure\">\n\t\t\t\t\t\t\t\t<img decoding=\"async\" src=\"https:\/\/d3pwq9e4hibwhv.cloudfront.net\/wp-content\/uploads\/2024\/06\/18060316\/AdobeStock_496689125-1024x683.jpeg\">\n\t\t\t\t\t\t\t<\/figure>\n\t\t\t\t\t\t\t\t\t\t\t\t<div class=\"carousel__item-content\">\n\t\t\t\t\t\t\t<h2 class=\"carousel__item-title\">Vernehmungsaufzeichnung f\u00fcr Kommunalbeh\u00f6rden<\/h2>\n\t\t\t\t\t\t\t<p class=\"carousel__item-excerpt\"><p>Mit produktivit\u00e4tssteigernden Vernehmungswerkzeugen statten wir lokale Beh\u00f6rden aus, um gerichtsfeste Beweise&#8230;<\/p>\n<\/p>\n\t\t\t\t\t\t<\/div>\n\t\t\t\t\t<\/a>\n\t\t\t\t<\/li>\n\t\t\t\t\t\t\t\t\t<\/ul>\n<\/div>\n<div class=\"swiper-pagination\"><\/div>\n\n<\/div>\n<\/div>\n<\/section>\n\n\n\n<section class=\"wp-block-group has-global-padding is-layout-constrained wp-block-group-is-layout-constrained\" style=\"margin-top:var(--wp--preset--spacing--80);margin-bottom:var(--wp--preset--spacing--80)\">\n<div class=\"wp-block-columns alignwide is-layout-flex wp-container-core-columns-is-layout-cbe57604 wp-block-columns-is-layout-flex\">\n<div class=\"wp-block-column is-layout-flow wp-block-column-is-layout-flow\" style=\"flex-basis:44.6%\">\n<h1 class=\"wp-block-heading\" id=\"h-erfahren-sie-mehr-uber-unsere-produkte\">Erfahren Sie mehr \u00fcber unsere Produkte<\/h1>\n\n\n\n<p class=\"has-large-font-size\">Wir statten Strafverfolgungsbeh\u00f6rden mit effizienten und sicheren Vernehmungswerkzeugen aus Produkt\u00fcbersicht<\/p>\n\n\n\n<div class=\"wp-block-buttons is-layout-flex wp-block-buttons-is-layout-flex\">\n<div class=\"wp-block-button is-style-fill\"><a class=\"wp-block-button__link has-white-color has-primary-600-background-color has-text-color has-background has-link-color wp-element-button\" href=\"https:\/\/davidhorn.com\/de\/produkte\/\">Produkt\u00fcbersicht<\/a><\/div>\n<\/div>\n<\/div>\n\n\n\n<div class=\"wp-block-column has-primary-25-background-color has-background is-layout-flow wp-block-column-is-layout-flow\">\n<figure class=\"wp-block-image size-large\"><img loading=\"lazy\" decoding=\"async\" width=\"1024\" height=\"576\" src=\"https:\/\/d3pwq9e4hibwhv.cloudfront.net\/wp-content\/uploads\/2025\/01\/22065737\/0009_09.05.2024_3D_suspect_room_Marketing_01-1024x576.jpg\" alt=\"Verd\u00e4chtige Suite_beste Praxis\" class=\"wp-image-4934\" style=\"aspect-ratio:3\/2;object-fit:cover\" srcset=\"https:\/\/d3pwq9e4hibwhv.cloudfront.net\/wp-content\/uploads\/2025\/01\/22065737\/0009_09.05.2024_3D_suspect_room_Marketing_01-1024x576.jpg 1024w, https:\/\/d3pwq9e4hibwhv.cloudfront.net\/wp-content\/uploads\/2025\/01\/22065737\/0009_09.05.2024_3D_suspect_room_Marketing_01-300x169.jpg 300w, https:\/\/d3pwq9e4hibwhv.cloudfront.net\/wp-content\/uploads\/2025\/01\/22065737\/0009_09.05.2024_3D_suspect_room_Marketing_01-768x432.jpg 768w, https:\/\/d3pwq9e4hibwhv.cloudfront.net\/wp-content\/uploads\/2025\/01\/22065737\/0009_09.05.2024_3D_suspect_room_Marketing_01-1536x864.jpg 1536w, https:\/\/d3pwq9e4hibwhv.cloudfront.net\/wp-content\/uploads\/2025\/01\/22065737\/0009_09.05.2024_3D_suspect_room_Marketing_01.jpg 1920w\" sizes=\"auto, (max-width: 1024px) 100vw, 1024px\" \/><\/figure>\n<\/div>\n<\/div>\n<\/section>\n\n\n\n<section class=\"wp-block-group has-global-padding is-layout-constrained wp-container-core-group-is-layout-46ffcf9b wp-block-group-is-layout-constrained\" style=\"margin-top:var(--wp--preset--spacing--80);margin-bottom:var(--wp--preset--spacing--80);padding-top:var(--wp--preset--spacing--60);padding-bottom:var(--wp--preset--spacing--80)\">\n<p class=\"has-text-align-left is-style-default\" style=\"padding-bottom:var(--wp--preset--spacing--30);font-size:clamp(38.682px, 2.418rem + ((1vw - 3.2px) * 3.4), 72px);line-height:1.2\">Lesen Sie, wie <mark style=\"background-color:rgba(0, 0, 0, 0)\" class=\"has-inline-color has-primary-color\"><strong>Kunden<\/strong><\/mark> unsere Produkte in ihrer Arbeit einsetzen.<\/p>\n\n\n\n<div class=\"wp-block-buttons is-layout-flex wp-block-buttons-is-layout-flex\">\n<div class=\"wp-block-button\"><a class=\"wp-block-button__link wp-element-button\" href=\"\/blog\">Erfahren Sie mehr<\/a><\/div>\n<\/div>\n<\/section>\n","protected":false},"excerpt":{"rendered":"<p>Ermittlungen effizient, genau und fair gestaltet. Unterst\u00fctzung von Vernehmungsleitern und ihrer Arbeit. Ganz gleich,&#8230;<\/p>\n","protected":false},"author":1,"featured_media":0,"parent":0,"menu_order":0,"comment_status":"closed","ping_status":"closed","template":"","meta":{"_acf_changed":false,"inline_featured_image":false,"footnotes":""},"class_list":["post-3480","page","type-page","status-publish","hentry"],"acf":[],"yoast_head":"<!-- This site is optimized with the Yoast SEO Premium plugin v27.3 (Yoast SEO v27.3) - https:\/\/yoast.com\/product\/yoast-seo-premium-wordpress\/ -->\n<title>Davidhorn<\/title>\n<meta name=\"robots\" content=\"index, follow, max-snippet:-1, max-image-preview:large, max-video-preview:-1\" \/>\n<link rel=\"canonical\" href=\"https:\/\/davidhorn.com\/de\/branchen\/\" \/>\n<meta property=\"og:locale\" content=\"de_DE\" \/>\n<meta property=\"og:type\" content=\"article\" \/>\n<meta property=\"og:title\" content=\"Branchen\" \/>\n<meta property=\"og:description\" content=\"Ermittlungen effizient, genau und fair gestaltet. Unterst\u00fctzung von Vernehmungsleitern und ihrer Arbeit. Ganz gleich,...\" \/>\n<meta property=\"og:url\" content=\"https:\/\/davidhorn.com\/de\/branchen\/\" \/>\n<meta property=\"og:site_name\" content=\"Davidhorn\" \/>\n<meta property=\"article:publisher\" content=\"https:\/\/www.facebook.com\/Equipped.for.Justice\/\" \/>\n<meta property=\"article:modified_time\" content=\"2025-07-29T08:06:07+00:00\" \/>\n<meta property=\"og:image\" content=\"https:\/\/davidhorn.com\/wp-content\/uploads\/2025\/01\/0009_09.05.2024_3D_suspect_room_Marketing_01-1024x576.jpg\" \/>\n<meta name=\"twitter:card\" content=\"summary_large_image\" \/>\n<meta name=\"twitter:label1\" content=\"Gesch\u00e4tzte Lesezeit\" \/>\n\t<meta name=\"twitter:data1\" content=\"1\u00a0Minute\" \/>\n<script type=\"application\/ld+json\" class=\"yoast-schema-graph\">{\"@context\":\"https:\\\/\\\/schema.org\",\"@graph\":[{\"@type\":\"WebPage\",\"@id\":\"https:\\\/\\\/davidhorn.com\\\/de\\\/branchen\\\/\",\"url\":\"https:\\\/\\\/davidhorn.com\\\/de\\\/branchen\\\/\",\"name\":\"Branchen - Davidhorn\",\"isPartOf\":{\"@id\":\"https:\\\/\\\/davidhorn.com\\\/#website\"},\"primaryImageOfPage\":{\"@id\":\"https:\\\/\\\/davidhorn.com\\\/de\\\/branchen\\\/#primaryimage\"},\"image\":{\"@id\":\"https:\\\/\\\/davidhorn.com\\\/de\\\/branchen\\\/#primaryimage\"},\"thumbnailUrl\":\"https:\\\/\\\/davidhorn.com\\\/wp-content\\\/uploads\\\/2025\\\/01\\\/0009_09.05.2024_3D_suspect_room_Marketing_01-1024x576.jpg\",\"datePublished\":\"2024-05-28T05:42:22+00:00\",\"dateModified\":\"2025-07-29T08:06:07+00:00\",\"breadcrumb\":{\"@id\":\"https:\\\/\\\/davidhorn.com\\\/de\\\/branchen\\\/#breadcrumb\"},\"inLanguage\":\"de\",\"potentialAction\":[{\"@type\":\"ReadAction\",\"target\":[\"https:\\\/\\\/davidhorn.com\\\/de\\\/branchen\\\/\"]}]},{\"@type\":\"ImageObject\",\"inLanguage\":\"de\",\"@id\":\"https:\\\/\\\/davidhorn.com\\\/de\\\/branchen\\\/#primaryimage\",\"url\":\"https:\\\/\\\/davidhorn.com\\\/wp-content\\\/uploads\\\/2025\\\/01\\\/0009_09.05.2024_3D_suspect_room_Marketing_01-1024x576.jpg\",\"contentUrl\":\"https:\\\/\\\/davidhorn.com\\\/wp-content\\\/uploads\\\/2025\\\/01\\\/0009_09.05.2024_3D_suspect_room_Marketing_01-1024x576.jpg\"},{\"@type\":\"BreadcrumbList\",\"@id\":\"https:\\\/\\\/davidhorn.com\\\/de\\\/branchen\\\/#breadcrumb\",\"itemListElement\":[{\"@type\":\"ListItem\",\"position\":1,\"name\":\"Home\",\"item\":\"https:\\\/\\\/davidhorn.com\\\/de\\\/\"},{\"@type\":\"ListItem\",\"position\":2,\"name\":\"Branchen\"}]},{\"@type\":\"WebSite\",\"@id\":\"https:\\\/\\\/davidhorn.com\\\/#website\",\"url\":\"https:\\\/\\\/davidhorn.com\\\/\",\"name\":\"Davidhorn\",\"description\":\"\",\"publisher\":{\"@id\":\"https:\\\/\\\/davidhorn.com\\\/#organization\"},\"potentialAction\":[{\"@type\":\"SearchAction\",\"target\":{\"@type\":\"EntryPoint\",\"urlTemplate\":\"https:\\\/\\\/davidhorn.com\\\/?s={search_term_string}\"},\"query-input\":{\"@type\":\"PropertyValueSpecification\",\"valueRequired\":true,\"valueName\":\"search_term_string\"}}],\"inLanguage\":\"de\"},{\"@type\":\"Organization\",\"@id\":\"https:\\\/\\\/davidhorn.com\\\/#organization\",\"name\":\"Davidhorn\",\"url\":\"https:\\\/\\\/davidhorn.com\\\/\",\"logo\":{\"@type\":\"ImageObject\",\"inLanguage\":\"de\",\"@id\":\"https:\\\/\\\/davidhorn.com\\\/#\\\/schema\\\/logo\\\/image\\\/\",\"url\":\"https:\\\/\\\/d3pwq9e4hibwhv.cloudfront.net\\\/wp-content\\\/uploads\\\/2024\\\/05\\\/29122828\\\/primary-1.svg\",\"contentUrl\":\"https:\\\/\\\/d3pwq9e4hibwhv.cloudfront.net\\\/wp-content\\\/uploads\\\/2024\\\/05\\\/29122828\\\/primary-1.svg\",\"width\":200,\"height\":32,\"caption\":\"Davidhorn\"},\"image\":{\"@id\":\"https:\\\/\\\/davidhorn.com\\\/#\\\/schema\\\/logo\\\/image\\\/\"},\"sameAs\":[\"https:\\\/\\\/www.facebook.com\\\/Equipped.for.Justice\\\/\",\"https:\\\/\\\/www.linkedin.com\\\/company\\\/davidhorn\",\"https:\\\/\\\/www.instagram.com\\\/davidhorn_company\"]}]}<\/script>\n<!-- \/ Yoast SEO Premium plugin. -->","yoast_head_json":{"title":"Davidhorn","robots":{"index":"index","follow":"follow","max-snippet":"max-snippet:-1","max-image-preview":"max-image-preview:large","max-video-preview":"max-video-preview:-1"},"canonical":"https:\/\/davidhorn.com\/de\/branchen\/","og_locale":"de_DE","og_type":"article","og_title":"Branchen","og_description":"Ermittlungen effizient, genau und fair gestaltet. Unterst\u00fctzung von Vernehmungsleitern und ihrer Arbeit. Ganz gleich,...","og_url":"https:\/\/davidhorn.com\/de\/branchen\/","og_site_name":"Davidhorn","article_publisher":"https:\/\/www.facebook.com\/Equipped.for.Justice\/","article_modified_time":"2025-07-29T08:06:07+00:00","og_image":[{"url":"https:\/\/davidhorn.com\/wp-content\/uploads\/2025\/01\/0009_09.05.2024_3D_suspect_room_Marketing_01-1024x576.jpg","type":"","width":"","height":""}],"twitter_card":"summary_large_image","twitter_misc":{"Gesch\u00e4tzte Lesezeit":"1\u00a0Minute"},"schema":{"@context":"https:\/\/schema.org","@graph":[{"@type":"WebPage","@id":"https:\/\/davidhorn.com\/de\/branchen\/","url":"https:\/\/davidhorn.com\/de\/branchen\/","name":"Branchen - Davidhorn","isPartOf":{"@id":"https:\/\/davidhorn.com\/#website"},"primaryImageOfPage":{"@id":"https:\/\/davidhorn.com\/de\/branchen\/#primaryimage"},"image":{"@id":"https:\/\/davidhorn.com\/de\/branchen\/#primaryimage"},"thumbnailUrl":"https:\/\/davidhorn.com\/wp-content\/uploads\/2025\/01\/0009_09.05.2024_3D_suspect_room_Marketing_01-1024x576.jpg","datePublished":"2024-05-28T05:42:22+00:00","dateModified":"2025-07-29T08:06:07+00:00","breadcrumb":{"@id":"https:\/\/davidhorn.com\/de\/branchen\/#breadcrumb"},"inLanguage":"de","potentialAction":[{"@type":"ReadAction","target":["https:\/\/davidhorn.com\/de\/branchen\/"]}]},{"@type":"ImageObject","inLanguage":"de","@id":"https:\/\/davidhorn.com\/de\/branchen\/#primaryimage","url":"https:\/\/davidhorn.com\/wp-content\/uploads\/2025\/01\/0009_09.05.2024_3D_suspect_room_Marketing_01-1024x576.jpg","contentUrl":"https:\/\/davidhorn.com\/wp-content\/uploads\/2025\/01\/0009_09.05.2024_3D_suspect_room_Marketing_01-1024x576.jpg"},{"@type":"BreadcrumbList","@id":"https:\/\/davidhorn.com\/de\/branchen\/#breadcrumb","itemListElement":[{"@type":"ListItem","position":1,"name":"Home","item":"https:\/\/davidhorn.com\/de\/"},{"@type":"ListItem","position":2,"name":"Branchen"}]},{"@type":"WebSite","@id":"https:\/\/davidhorn.com\/#website","url":"https:\/\/davidhorn.com\/","name":"Davidhorn","description":"","publisher":{"@id":"https:\/\/davidhorn.com\/#organization"},"potentialAction":[{"@type":"SearchAction","target":{"@type":"EntryPoint","urlTemplate":"https:\/\/davidhorn.com\/?s={search_term_string}"},"query-input":{"@type":"PropertyValueSpecification","valueRequired":true,"valueName":"search_term_string"}}],"inLanguage":"de"},{"@type":"Organization","@id":"https:\/\/davidhorn.com\/#organization","name":"Davidhorn","url":"https:\/\/davidhorn.com\/","logo":{"@type":"ImageObject","inLanguage":"de","@id":"https:\/\/davidhorn.com\/#\/schema\/logo\/image\/","url":"https:\/\/d3pwq9e4hibwhv.cloudfront.net\/wp-content\/uploads\/2024\/05\/29122828\/primary-1.svg","contentUrl":"https:\/\/d3pwq9e4hibwhv.cloudfront.net\/wp-content\/uploads\/2024\/05\/29122828\/primary-1.svg","width":200,"height":32,"caption":"Davidhorn"},"image":{"@id":"https:\/\/davidhorn.com\/#\/schema\/logo\/image\/"},"sameAs":["https:\/\/www.facebook.com\/Equipped.for.Justice\/","https:\/\/www.linkedin.com\/company\/davidhorn","https:\/\/www.instagram.com\/davidhorn_company"]}]}},"_links":{"self":[{"href":"https:\/\/davidhorn.com\/de\/wp-json\/wp\/v2\/pages\/3480","targetHints":{"allow":["GET"]}}],"collection":[{"href":"https:\/\/davidhorn.com\/de\/wp-json\/wp\/v2\/pages"}],"about":[{"href":"https:\/\/davidhorn.com\/de\/wp-json\/wp\/v2\/types\/page"}],"author":[{"embeddable":true,"href":"https:\/\/davidhorn.com\/de\/wp-json\/wp\/v2\/users\/1"}],"replies":[{"embeddable":true,"href":"https:\/\/davidhorn.com\/de\/wp-json\/wp\/v2\/comments?post=3480"}],"version-history":[{"count":5,"href":"https:\/\/davidhorn.com\/de\/wp-json\/wp\/v2\/pages\/3480\/revisions"}],"predecessor-version":[{"id":13901,"href":"https:\/\/davidhorn.com\/de\/wp-json\/wp\/v2\/pages\/3480\/revisions\/13901"}],"wp:attachment":[{"href":"https:\/\/davidhorn.com\/de\/wp-json\/wp\/v2\/media?parent=3480"}],"curies":[{"name":"wp","href":"https:\/\/api.w.org\/{rel}","templated":true}]}}