{"id":3491,"date":"2024-05-28T09:13:33","date_gmt":"2024-05-28T07:13:33","guid":{"rendered":"https:\/\/davidhorn.com\/integrationen-und-apis\/"},"modified":"2024-08-22T12:26:55","modified_gmt":"2024-08-22T12:26:55","slug":"integrationen-und-apis","status":"publish","type":"page","link":"https:\/\/davidhorn.com\/de\/integrationen-und-apis\/","title":{"rendered":"Integrationen und APIs"},"content":{"rendered":"\n<div class=\"wp-block-columns alignfull are-vertically-aligned-center is-layout-flex wp-container-core-columns-is-layout-7fc3d43a wp-block-columns-is-layout-flex\">\n<div class=\"wp-block-column is-vertically-aligned-center is-layout-flow wp-block-column-is-layout-flow\" style=\"flex-basis:45%\">\n<div class=\"wp-block-cover is-light cover-50-mobile\" style=\"min-height:70vh;aspect-ratio:unset;\"><span aria-hidden=\"true\" class=\"wp-block-cover__background has-background-dim-0 has-background-dim\" style=\"background-color:#8c8685\"><\/span><img loading=\"lazy\" decoding=\"async\" width=\"2119\" height=\"2560\" class=\"wp-block-cover__image-background wp-image-2273\" alt=\"\" src=\"https:\/\/d3pwq9e4hibwhv.cloudfront.net\/wp-content\/uploads\/2024\/06\/26141515\/integrations-scaled.jpg\" data-object-fit=\"cover\" srcset=\"https:\/\/d3pwq9e4hibwhv.cloudfront.net\/wp-content\/uploads\/2024\/06\/26141515\/integrations-scaled.jpg 2119w, https:\/\/d3pwq9e4hibwhv.cloudfront.net\/wp-content\/uploads\/2024\/06\/26141515\/integrations-248x300.jpg 248w, https:\/\/d3pwq9e4hibwhv.cloudfront.net\/wp-content\/uploads\/2024\/06\/26141515\/integrations-847x1024.jpg 847w, https:\/\/d3pwq9e4hibwhv.cloudfront.net\/wp-content\/uploads\/2024\/06\/26141515\/integrations-768x928.jpg 768w, https:\/\/d3pwq9e4hibwhv.cloudfront.net\/wp-content\/uploads\/2024\/06\/26141515\/integrations-1271x1536.jpg 1271w, https:\/\/d3pwq9e4hibwhv.cloudfront.net\/wp-content\/uploads\/2024\/06\/26141515\/integrations-1695x2048.jpg 1695w\" sizes=\"auto, (max-width: 2119px) 100vw, 2119px\" \/><div class=\"wp-block-cover__inner-container has-global-padding is-layout-constrained wp-block-cover-is-layout-constrained\">\n<p class=\"has-text-align-center has-large-font-size\"><\/p>\n<\/div><\/div>\n<\/div>\n\n\n\n<div class=\"wp-block-column is-vertically-aligned-center is-layout-flow wp-block-column-is-layout-flow\">\n<div class=\"wp-block-group has-global-padding is-content-justification-left is-layout-constrained wp-container-core-group-is-layout-ee720ff1 wp-block-group-is-layout-constrained\" style=\"padding-top:var(--wp--preset--spacing--40);padding-right:var(--wp--preset--spacing--30);padding-bottom:var(--wp--preset--spacing--40);padding-left:var(--wp--preset--spacing--30)\">\n<h1 class=\"wp-block-heading has-display-font-size\" style=\"line-height:1.1\">Admin- und API-Integrationen<\/h1>\n\n\n\n<div style=\"height:5px\" aria-hidden=\"true\" class=\"wp-block-spacer\"><\/div>\n\n\n\n<p>Vereinfachen Sie die System\u00fcberwachung und den Metadatentransfer zu und von anderen IT-Systemen mit Davidhorn API-Integrationen und einem entwicklerfreundlichen Admin-Panel.<\/p>\n\n\n\n<div style=\"height:10px\" aria-hidden=\"true\" class=\"wp-block-spacer\"><\/div>\n\n\n\n<div class=\"wp-block-buttons is-layout-flex wp-block-buttons-is-layout-flex\">\n<div class=\"wp-block-button is-style-arrow-btn\"><a class=\"wp-block-button__link wp-element-button\" href=\"https:\/\/davidhorn.com\/de\/eine-demo-buchen\/\">Buchen Sie eine Demo<\/a><\/div>\n<\/div>\n<\/div>\n<\/div>\n<\/div>\n\n<section class=\"wp-block-group has-medium-gray-background-color has-background has-global-padding is-layout-constrained wp-block-group-is-layout-constrained\" style=\"margin-top:0;margin-bottom:var(--wp--preset--spacing--80);padding-top:var(--wp--preset--spacing--40);padding-bottom:var(--wp--preset--spacing--40)\">\n<h2 class=\"wp-block-heading has-text-align-center has-white-color has-text-color has-link-color wp-elements-cfa578cdb4a1d5ba15064fccd2610e5c\">Einsatzbereit auf<\/h2>\n\n\n\n<figure class=\"wp-block-image size-large\"><img loading=\"lazy\" decoding=\"async\" width=\"1024\" height=\"168\" src=\"https:\/\/d3pwq9e4hibwhv.cloudfront.net\/wp-content\/uploads\/2024\/06\/21153044\/deployable-on-1024x168.png\" alt=\"\" class=\"wp-image-1545\" srcset=\"https:\/\/d3pwq9e4hibwhv.cloudfront.net\/wp-content\/uploads\/2024\/06\/21153044\/deployable-on-1024x168.png 1024w, https:\/\/d3pwq9e4hibwhv.cloudfront.net\/wp-content\/uploads\/2024\/06\/21153044\/deployable-on-300x49.png 300w, https:\/\/d3pwq9e4hibwhv.cloudfront.net\/wp-content\/uploads\/2024\/06\/21153044\/deployable-on-768x126.png 768w, https:\/\/d3pwq9e4hibwhv.cloudfront.net\/wp-content\/uploads\/2024\/06\/21153044\/deployable-on-1536x252.png 1536w, https:\/\/d3pwq9e4hibwhv.cloudfront.net\/wp-content\/uploads\/2024\/06\/21153044\/deployable-on-2048x336.png 2048w\" sizes=\"auto, (max-width: 1024px) 100vw, 1024px\" \/><\/figure>\n<\/section>\n\n<div class=\"wp-block-group alignwide has-global-padding is-layout-constrained wp-block-group-is-layout-constrained\">\n<div class=\"wp-block-columns alignwide are-vertically-aligned-top is-layout-flex wp-container-core-columns-is-layout-4c1dd492 wp-block-columns-is-layout-flex\" style=\"margin-top:var(--wp--preset--spacing--80);margin-bottom:var(--wp--preset--spacing--80)\">\n<div class=\"wp-block-column is-vertically-aligned-top is-layout-flow wp-block-column-is-layout-flow\">\n<div class=\"wp-block-group heading-underline has-global-padding is-layout-constrained wp-block-group-is-layout-constrained\" style=\"margin-top:0;margin-bottom:var(--wp--preset--spacing--30)\">\n<h2 class=\"wp-block-heading has-display-medium-font-size\"><span style=\"white-space:pre-wrap;\">\u00dcberwachen Sie Ihre Systeme an einem Ort<\/span><\/h2>\n<\/div>\n<\/div>\n\n\n\n<div class=\"wp-block-column is-vertically-aligned-top is-layout-flow wp-block-column-is-layout-flow\">\n<p class=\"is-style-lead\">Beobachten und steuern Sie Ihre Systeme in Echtzeit an einem Ort.<br\/>Davidhorn bietet robuste Integrationsm\u00f6glichkeiten, um IT-Systemadministratoren dabei zu unterst\u00fctzen, ihre Teams f\u00fcr die Gerechtigkeit auszur\u00fcsten.<\/p>\n\n\n\n<p>Mit umfassenden Content-Management- und Konfigurationsm\u00f6glichkeiten stellt das Davidhorn Admin-Panel sicher, dass Beweise sicher, gesch\u00fctzt und konform erfasst und aufbewahrt werden. Das Panel wird mit detaillierter In-App-Entwicklerdokumentation geliefert. <\/p>\n<\/div>\n<\/div>\n<\/div>\n\n<section class=\"wp-block-group has-global-padding is-layout-constrained wp-block-group-is-layout-constrained\" style=\"margin-top:var(--wp--preset--spacing--80);margin-bottom:var(--wp--preset--spacing--80)\">\n<div class=\"wp-block-columns alignwide is-layout-flex wp-container-core-columns-is-layout-28f84493 wp-block-columns-is-layout-flex\">\n<div class=\"wp-block-column is-layout-flow wp-block-column-is-layout-flow\">\n<div class=\"wp-block-columns are-vertically-aligned-center is-not-stacked-on-mobile is-layout-flex wp-container-core-columns-is-layout-28f84493 wp-block-columns-is-layout-flex\">\n<div class=\"wp-block-column is-vertically-aligned-center is-layout-flow wp-block-column-is-layout-flow\">\n<h2 class=\"wp-block-heading\">Konfigurieren und verwalten Sie Inhalte, Ger\u00e4te und Benutzer<\/h2>\n\n\n\n<p class=\"has-medium-font-size\">Richten Sie benutzerdefinierte Aufzeichnungsvorlagen ein und konfigurieren Sie Client-, Service- und Aufbewahrungseinstellungen.<\/p>\n<\/div>\n<\/div>\n<\/div>\n\n\n\n<div class=\"wp-block-column is-layout-flow wp-block-column-is-layout-flow\">\n<div class=\"wp-block-columns are-vertically-aligned-center is-not-stacked-on-mobile is-layout-flex wp-container-core-columns-is-layout-28f84493 wp-block-columns-is-layout-flex\">\n<div class=\"wp-block-column is-vertically-aligned-center is-layout-flow wp-block-column-is-layout-flow\">\n<h2 class=\"wp-block-heading\">F\u00fchren Sie Dienste und Integrationen Ihrer Wahl aus<\/h2>\n\n\n\n<p class=\"has-medium-font-size\">Davidhorn API-Integrationen k\u00f6nnen Metadaten aus Polizeigewahrsamssystemen abrufen und an externe DEMS weiterleiten.<\/p>\n<\/div>\n<\/div>\n<\/div>\n<\/div>\n<\/section>\n\n<section class=\"wp-block-group has-global-padding is-layout-constrained wp-block-group-is-layout-constrained\" style=\"margin-top:var(--wp--preset--spacing--80);margin-bottom:var(--wp--preset--spacing--80)\">\n<div class=\"wp-block-group alignwide is-layout-flow wp-block-group-is-layout-flow\">\n<h2 class=\"wp-block-heading\">Das k\u00f6nnte Ihnen auch gefallen<\/h2>\n\n\n\n<div class=\"align wp-block-site-carousel\" id=\"block-76c62f2fda553608345f925c562a77bf\">\n\n<div class=\"swiper\">\n\t<div class=\"swiper-button-prev\"><\/div>\n\t<div class=\"swiper-button-next\"><\/div>\n\t<ul class=\"carousel carousel__container swiper-wrapper\">\n\t\t\t\t\t\t\t\t\t<li class=\"carousel__item swiper-slide\">\n\t\t\t\t\t<a href=\"https:\/\/davidhorn.com\/de\/product\/software-zur-vernehmungsverwaltung-ark\/\">\n\t\t\t\t\t\t\t\t\t\t\t\t\t<figure class=\"carousel__figure\">\n\t\t\t\t\t\t\t\t<img decoding=\"async\" src=\"https:\/\/d3pwq9e4hibwhv.cloudfront.net\/wp-content\/uploads\/2024\/06\/26094613\/DSCF1093_1-1-1024x683.jpg\">\n\t\t\t\t\t\t\t<\/figure>\n\t\t\t\t\t\t\t\t\t\t\t\t<div class=\"carousel__item-content\">\n\t\t\t\t\t\t\t<h2 class=\"carousel__item-title\">Software zur Vernehmungsverwaltung: Ark<\/h2>\n\t\t\t\t\t\t\t<p class=\"carousel__item-excerpt\"><p>Empfangen, \u00fcberwachen und archivieren Sie Beweismittel w\u00e4hrend der gesamten Lebensdauer mit einer umfassenden&#8230;<\/p>\n<\/p>\n\t\t\t\t\t\t<\/div>\n\t\t\t\t\t<\/a>\n\t\t\t\t<\/li>\n\t\t\t\t\t\t\t<li class=\"carousel__item swiper-slide\">\n\t\t\t\t\t<a href=\"https:\/\/davidhorn.com\/de\/product\/beweiserfassung-aufzeichnungsapp\/\">\n\t\t\t\t\t\t\t\t\t\t\t\t\t<figure class=\"carousel__figure\">\n\t\t\t\t\t\t\t\t<img decoding=\"async\" src=\"https:\/\/d3pwq9e4hibwhv.cloudfront.net\/wp-content\/uploads\/2024\/06\/20075100\/mobile-placeholder-3-1024x1007.jpg\">\n\t\t\t\t\t\t\t<\/figure>\n\t\t\t\t\t\t\t\t\t\t\t\t<div class=\"carousel__item-content\">\n\t\t\t\t\t\t\t<h2 class=\"carousel__item-title\">Beweiserfassung: Aufzeichnungsapp<\/h2>\n\t\t\t\t\t\t\t<p class=\"carousel__item-excerpt\"><p>Beweiserfassung mit Davidhorn: Erfassen Sie Ereignisse, f\u00fchren Sie Tatortmanagement durch und zeichnen Sie&#8230;<\/p>\n<\/p>\n\t\t\t\t\t\t<\/div>\n\t\t\t\t\t<\/a>\n\t\t\t\t<\/li>\n\t\t\t\t\t\t\t<li class=\"carousel__item swiper-slide\">\n\t\t\t\t\t<a href=\"https:\/\/davidhorn.com\/de\/product\/portable-recorder\/\">\n\t\t\t\t\t\t\t\t\t\t\t\t\t<figure class=\"carousel__figure\">\n\t\t\t\t\t\t\t\t<img decoding=\"async\" src=\"https:\/\/d3pwq9e4hibwhv.cloudfront.net\/wp-content\/uploads\/2024\/05\/18111442\/DSCF0515-683x1024.jpg\">\n\t\t\t\t\t\t\t<\/figure>\n\t\t\t\t\t\t\t\t\t\t\t\t<div class=\"carousel__item-content\">\n\t\t\t\t\t\t\t<h2 class=\"carousel__item-title\">Tragbarer Vernehmungs-Recorder<\/h2>\n\t\t\t\t\t\t\t<p class=\"carousel__item-excerpt\"><p>Leichter Vernehmungsrekorder f\u00fcr jede Umgebung, der den strengsten Gesetzen entspricht.<\/p>\n<\/p>\n\t\t\t\t\t\t<\/div>\n\t\t\t\t\t<\/a>\n\t\t\t\t<\/li>\n\t\t\t\t\t\t\t<li class=\"carousel__item swiper-slide\">\n\t\t\t\t\t<a href=\"https:\/\/davidhorn.com\/de\/product\/fixed-vernehmungsrekorder\/\">\n\t\t\t\t\t\t\t\t\t\t\t\t\t<figure class=\"carousel__figure\">\n\t\t\t\t\t\t\t\t<img decoding=\"async\" src=\"https:\/\/d3pwq9e4hibwhv.cloudfront.net\/wp-content\/uploads\/2024\/06\/18110937\/DSCF0669-1-1024x683.jpg\">\n\t\t\t\t\t\t\t<\/figure>\n\t\t\t\t\t\t\t\t\t\t\t\t<div class=\"carousel__item-content\">\n\t\t\t\t\t\t\t<h2 class=\"carousel__item-title\">Fixed Vernehmungsrekorder<\/h2>\n\t\t\t\t\t\t\t<p class=\"carousel__item-excerpt\"><p>Vernehmungsrekorder von Davidhorn: Vielseitiger HD-Recorder f\u00fcr Verd\u00e4chtige, Zeugenbefragungen und ABE-Aufnahmen&#8230;.<\/p>\n<\/p>\n\t\t\t\t\t\t<\/div>\n\t\t\t\t\t<\/a>\n\t\t\t\t<\/li>\n\t\t\t\t\t\t\t\t\t<\/ul>\n<\/div>\n<div class=\"swiper-pagination\"><\/div>\n\n<\/div>\n<\/div>\n<\/section>\n","protected":false},"excerpt":{"rendered":"<p>Admin- und API-Integrationen Vereinfachen Sie die System\u00fcberwachung und den Metadatentransfer zu und von anderen&#8230;<\/p>\n","protected":false},"author":1,"featured_media":2275,"parent":0,"menu_order":0,"comment_status":"closed","ping_status":"closed","template":"","meta":{"_acf_changed":false,"inline_featured_image":false,"footnotes":""},"class_list":["post-3491","page","type-page","status-publish","has-post-thumbnail","hentry"],"acf":[],"yoast_head":"<!-- This site is optimized with the Yoast SEO Premium plugin v27.3 (Yoast SEO v27.3) - https:\/\/yoast.com\/product\/yoast-seo-premium-wordpress\/ -->\n<title>Davidhorn<\/title>\n<meta name=\"robots\" content=\"index, follow, max-snippet:-1, max-image-preview:large, max-video-preview:-1\" \/>\n<link rel=\"canonical\" href=\"https:\/\/davidhorn.com\/de\/integrationen-und-apis\/\" \/>\n<meta property=\"og:locale\" content=\"de_DE\" \/>\n<meta property=\"og:type\" content=\"article\" \/>\n<meta property=\"og:title\" content=\"Integrationen und APIs\" \/>\n<meta property=\"og:description\" content=\"Admin- und API-Integrationen Vereinfachen Sie die System\u00fcberwachung und den Metadatentransfer zu und von anderen...\" \/>\n<meta property=\"og:url\" content=\"https:\/\/davidhorn.com\/de\/integrationen-und-apis\/\" \/>\n<meta property=\"og:site_name\" content=\"Davidhorn\" \/>\n<meta property=\"article:publisher\" content=\"https:\/\/www.facebook.com\/Equipped.for.Justice\/\" \/>\n<meta property=\"article:modified_time\" content=\"2024-08-22T12:26:55+00:00\" \/>\n<meta property=\"og:image\" content=\"https:\/\/d3pwq9e4hibwhv.cloudfront.net\/wp-content\/uploads\/2024\/06\/26141515\/integrations-scaled.jpg\" \/>\n\t<meta property=\"og:image:width\" content=\"2119\" \/>\n\t<meta property=\"og:image:height\" content=\"2560\" \/>\n\t<meta property=\"og:image:type\" content=\"image\/jpeg\" \/>\n<meta name=\"twitter:card\" content=\"summary_large_image\" \/>\n<meta name=\"twitter:label1\" content=\"Gesch\u00e4tzte Lesezeit\" \/>\n\t<meta name=\"twitter:data1\" content=\"1\u00a0Minute\" \/>\n<script type=\"application\/ld+json\" class=\"yoast-schema-graph\">{\"@context\":\"https:\\\/\\\/schema.org\",\"@graph\":[{\"@type\":\"WebPage\",\"@id\":\"https:\\\/\\\/davidhorn.com\\\/de\\\/integrationen-und-apis\\\/\",\"url\":\"https:\\\/\\\/davidhorn.com\\\/de\\\/integrationen-und-apis\\\/\",\"name\":\"Integrationen und APIs - Davidhorn\",\"isPartOf\":{\"@id\":\"https:\\\/\\\/davidhorn.com\\\/#website\"},\"primaryImageOfPage\":{\"@id\":\"https:\\\/\\\/davidhorn.com\\\/de\\\/integrationen-und-apis\\\/#primaryimage\"},\"image\":{\"@id\":\"https:\\\/\\\/davidhorn.com\\\/de\\\/integrationen-und-apis\\\/#primaryimage\"},\"thumbnailUrl\":\"https:\\\/\\\/d3pwq9e4hibwhv.cloudfront.net\\\/wp-content\\\/uploads\\\/2024\\\/06\\\/26141515\\\/integrations-scaled.jpg\",\"datePublished\":\"2024-05-28T07:13:33+00:00\",\"dateModified\":\"2024-08-22T12:26:55+00:00\",\"breadcrumb\":{\"@id\":\"https:\\\/\\\/davidhorn.com\\\/de\\\/integrationen-und-apis\\\/#breadcrumb\"},\"inLanguage\":\"de\",\"potentialAction\":[{\"@type\":\"ReadAction\",\"target\":[\"https:\\\/\\\/davidhorn.com\\\/de\\\/integrationen-und-apis\\\/\"]}]},{\"@type\":\"ImageObject\",\"inLanguage\":\"de\",\"@id\":\"https:\\\/\\\/davidhorn.com\\\/de\\\/integrationen-und-apis\\\/#primaryimage\",\"url\":\"https:\\\/\\\/d3pwq9e4hibwhv.cloudfront.net\\\/wp-content\\\/uploads\\\/2024\\\/06\\\/26141515\\\/integrations-scaled.jpg\",\"contentUrl\":\"https:\\\/\\\/d3pwq9e4hibwhv.cloudfront.net\\\/wp-content\\\/uploads\\\/2024\\\/06\\\/26141515\\\/integrations-scaled.jpg\",\"width\":2119,\"height\":2560,\"caption\":\"Abstract graphic featuring a central black tile with a Davidhorn logo, surrounded by light gray tiles displaying icons for network connectivity, media playback, transcription, and other features for law enforcement agencies\u2014representing configurable modules in Davidhorn\u2019s software integration with RMS and DEMS systems for secure digital interview recording and evidence management.\"},{\"@type\":\"BreadcrumbList\",\"@id\":\"https:\\\/\\\/davidhorn.com\\\/de\\\/integrationen-und-apis\\\/#breadcrumb\",\"itemListElement\":[{\"@type\":\"ListItem\",\"position\":1,\"name\":\"Home\",\"item\":\"https:\\\/\\\/davidhorn.com\\\/de\\\/\"},{\"@type\":\"ListItem\",\"position\":2,\"name\":\"Integrationen und APIs\"}]},{\"@type\":\"WebSite\",\"@id\":\"https:\\\/\\\/davidhorn.com\\\/#website\",\"url\":\"https:\\\/\\\/davidhorn.com\\\/\",\"name\":\"Davidhorn\",\"description\":\"\",\"publisher\":{\"@id\":\"https:\\\/\\\/davidhorn.com\\\/#organization\"},\"potentialAction\":[{\"@type\":\"SearchAction\",\"target\":{\"@type\":\"EntryPoint\",\"urlTemplate\":\"https:\\\/\\\/davidhorn.com\\\/?s={search_term_string}\"},\"query-input\":{\"@type\":\"PropertyValueSpecification\",\"valueRequired\":true,\"valueName\":\"search_term_string\"}}],\"inLanguage\":\"de\"},{\"@type\":\"Organization\",\"@id\":\"https:\\\/\\\/davidhorn.com\\\/#organization\",\"name\":\"Davidhorn\",\"url\":\"https:\\\/\\\/davidhorn.com\\\/\",\"logo\":{\"@type\":\"ImageObject\",\"inLanguage\":\"de\",\"@id\":\"https:\\\/\\\/davidhorn.com\\\/#\\\/schema\\\/logo\\\/image\\\/\",\"url\":\"https:\\\/\\\/d3pwq9e4hibwhv.cloudfront.net\\\/wp-content\\\/uploads\\\/2024\\\/05\\\/29122828\\\/primary-1.svg\",\"contentUrl\":\"https:\\\/\\\/d3pwq9e4hibwhv.cloudfront.net\\\/wp-content\\\/uploads\\\/2024\\\/05\\\/29122828\\\/primary-1.svg\",\"width\":200,\"height\":32,\"caption\":\"Davidhorn\"},\"image\":{\"@id\":\"https:\\\/\\\/davidhorn.com\\\/#\\\/schema\\\/logo\\\/image\\\/\"},\"sameAs\":[\"https:\\\/\\\/www.facebook.com\\\/Equipped.for.Justice\\\/\",\"https:\\\/\\\/www.linkedin.com\\\/company\\\/davidhorn\",\"https:\\\/\\\/www.instagram.com\\\/davidhorn_company\"]}]}<\/script>\n<!-- \/ Yoast SEO Premium plugin. -->","yoast_head_json":{"title":"Davidhorn","robots":{"index":"index","follow":"follow","max-snippet":"max-snippet:-1","max-image-preview":"max-image-preview:large","max-video-preview":"max-video-preview:-1"},"canonical":"https:\/\/davidhorn.com\/de\/integrationen-und-apis\/","og_locale":"de_DE","og_type":"article","og_title":"Integrationen und APIs","og_description":"Admin- und API-Integrationen Vereinfachen Sie die System\u00fcberwachung und den Metadatentransfer zu und von anderen...","og_url":"https:\/\/davidhorn.com\/de\/integrationen-und-apis\/","og_site_name":"Davidhorn","article_publisher":"https:\/\/www.facebook.com\/Equipped.for.Justice\/","article_modified_time":"2024-08-22T12:26:55+00:00","og_image":[{"width":2119,"height":2560,"url":"https:\/\/d3pwq9e4hibwhv.cloudfront.net\/wp-content\/uploads\/2024\/06\/26141515\/integrations-scaled.jpg","type":"image\/jpeg"}],"twitter_card":"summary_large_image","twitter_misc":{"Gesch\u00e4tzte Lesezeit":"1\u00a0Minute"},"schema":{"@context":"https:\/\/schema.org","@graph":[{"@type":"WebPage","@id":"https:\/\/davidhorn.com\/de\/integrationen-und-apis\/","url":"https:\/\/davidhorn.com\/de\/integrationen-und-apis\/","name":"Integrationen und APIs - Davidhorn","isPartOf":{"@id":"https:\/\/davidhorn.com\/#website"},"primaryImageOfPage":{"@id":"https:\/\/davidhorn.com\/de\/integrationen-und-apis\/#primaryimage"},"image":{"@id":"https:\/\/davidhorn.com\/de\/integrationen-und-apis\/#primaryimage"},"thumbnailUrl":"https:\/\/d3pwq9e4hibwhv.cloudfront.net\/wp-content\/uploads\/2024\/06\/26141515\/integrations-scaled.jpg","datePublished":"2024-05-28T07:13:33+00:00","dateModified":"2024-08-22T12:26:55+00:00","breadcrumb":{"@id":"https:\/\/davidhorn.com\/de\/integrationen-und-apis\/#breadcrumb"},"inLanguage":"de","potentialAction":[{"@type":"ReadAction","target":["https:\/\/davidhorn.com\/de\/integrationen-und-apis\/"]}]},{"@type":"ImageObject","inLanguage":"de","@id":"https:\/\/davidhorn.com\/de\/integrationen-und-apis\/#primaryimage","url":"https:\/\/d3pwq9e4hibwhv.cloudfront.net\/wp-content\/uploads\/2024\/06\/26141515\/integrations-scaled.jpg","contentUrl":"https:\/\/d3pwq9e4hibwhv.cloudfront.net\/wp-content\/uploads\/2024\/06\/26141515\/integrations-scaled.jpg","width":2119,"height":2560,"caption":"Abstract graphic featuring a central black tile with a Davidhorn logo, surrounded by light gray tiles displaying icons for network connectivity, media playback, transcription, and other features for law enforcement agencies\u2014representing configurable modules in Davidhorn\u2019s software integration with RMS and DEMS systems for secure digital interview recording and evidence management."},{"@type":"BreadcrumbList","@id":"https:\/\/davidhorn.com\/de\/integrationen-und-apis\/#breadcrumb","itemListElement":[{"@type":"ListItem","position":1,"name":"Home","item":"https:\/\/davidhorn.com\/de\/"},{"@type":"ListItem","position":2,"name":"Integrationen und APIs"}]},{"@type":"WebSite","@id":"https:\/\/davidhorn.com\/#website","url":"https:\/\/davidhorn.com\/","name":"Davidhorn","description":"","publisher":{"@id":"https:\/\/davidhorn.com\/#organization"},"potentialAction":[{"@type":"SearchAction","target":{"@type":"EntryPoint","urlTemplate":"https:\/\/davidhorn.com\/?s={search_term_string}"},"query-input":{"@type":"PropertyValueSpecification","valueRequired":true,"valueName":"search_term_string"}}],"inLanguage":"de"},{"@type":"Organization","@id":"https:\/\/davidhorn.com\/#organization","name":"Davidhorn","url":"https:\/\/davidhorn.com\/","logo":{"@type":"ImageObject","inLanguage":"de","@id":"https:\/\/davidhorn.com\/#\/schema\/logo\/image\/","url":"https:\/\/d3pwq9e4hibwhv.cloudfront.net\/wp-content\/uploads\/2024\/05\/29122828\/primary-1.svg","contentUrl":"https:\/\/d3pwq9e4hibwhv.cloudfront.net\/wp-content\/uploads\/2024\/05\/29122828\/primary-1.svg","width":200,"height":32,"caption":"Davidhorn"},"image":{"@id":"https:\/\/davidhorn.com\/#\/schema\/logo\/image\/"},"sameAs":["https:\/\/www.facebook.com\/Equipped.for.Justice\/","https:\/\/www.linkedin.com\/company\/davidhorn","https:\/\/www.instagram.com\/davidhorn_company"]}]}},"_links":{"self":[{"href":"https:\/\/davidhorn.com\/de\/wp-json\/wp\/v2\/pages\/3491","targetHints":{"allow":["GET"]}}],"collection":[{"href":"https:\/\/davidhorn.com\/de\/wp-json\/wp\/v2\/pages"}],"about":[{"href":"https:\/\/davidhorn.com\/de\/wp-json\/wp\/v2\/types\/page"}],"author":[{"embeddable":true,"href":"https:\/\/davidhorn.com\/de\/wp-json\/wp\/v2\/users\/1"}],"replies":[{"embeddable":true,"href":"https:\/\/davidhorn.com\/de\/wp-json\/wp\/v2\/comments?post=3491"}],"version-history":[{"count":1,"href":"https:\/\/davidhorn.com\/de\/wp-json\/wp\/v2\/pages\/3491\/revisions"}],"predecessor-version":[{"id":3492,"href":"https:\/\/davidhorn.com\/de\/wp-json\/wp\/v2\/pages\/3491\/revisions\/3492"}],"wp:featuredmedia":[{"embeddable":true,"href":"https:\/\/davidhorn.com\/de\/wp-json\/wp\/v2\/media\/2275"}],"wp:attachment":[{"href":"https:\/\/davidhorn.com\/de\/wp-json\/wp\/v2\/media?parent=3491"}],"curies":[{"name":"wp","href":"https:\/\/api.w.org\/{rel}","templated":true}]}}