{"id":3660,"date":"2024-05-28T11:02:28","date_gmt":"2024-05-28T09:02:28","guid":{"rendered":"https:\/\/davidhorn.com\/support\/"},"modified":"2025-06-26T13:50:57","modified_gmt":"2025-06-26T11:50:57","slug":"support","status":"publish","type":"page","link":"https:\/\/davidhorn.com\/de\/support\/","title":{"rendered":"Unterst\u00fctzen Sie"},"content":{"rendered":"\n<div class=\"wp-block-cover is-light\" style=\"padding-right:var(--wp--preset--spacing--40);padding-left:var(--wp--preset--spacing--40);min-height:692px;aspect-ratio:unset;\"><span aria-hidden=\"true\" class=\"wp-block-cover__background has-primary-25-background-color has-background-dim-100 has-background-dim\"><\/span><div class=\"wp-block-cover__inner-container has-global-padding is-layout-constrained wp-container-core-cover-is-layout-97829e9f wp-block-cover-is-layout-constrained\">\n<div class=\"wp-block-columns alignfull are-vertically-aligned-center is-layout-flex wp-container-core-columns-is-layout-feb467cd wp-block-columns-is-layout-flex\" style=\"padding-right:var(--wp--preset--spacing--30);padding-left:var(--wp--preset--spacing--30)\">\n<div class=\"wp-block-column is-vertically-aligned-center is-layout-flow wp-block-column-is-layout-flow\" style=\"flex-basis:45%\">\n<div class=\"wp-block-cover is-light cover-50-mobile\" style=\"min-height:70vh;aspect-ratio:unset;\"><img loading=\"lazy\" decoding=\"async\" width=\"1500\" height=\"1500\" class=\"wp-block-cover__image-background wp-image-174\" alt=\"\" src=\"https:\/\/d3pwq9e4hibwhv.cloudfront.net\/wp-content\/uploads\/2024\/05\/28074601\/Untitled-design-17.png\" data-object-fit=\"cover\" srcset=\"https:\/\/d3pwq9e4hibwhv.cloudfront.net\/wp-content\/uploads\/2024\/05\/28074601\/Untitled-design-17.png 1500w, https:\/\/d3pwq9e4hibwhv.cloudfront.net\/wp-content\/uploads\/2024\/05\/28074601\/Untitled-design-17-300x300.png 300w, https:\/\/d3pwq9e4hibwhv.cloudfront.net\/wp-content\/uploads\/2024\/05\/28074601\/Untitled-design-17-1024x1024.png 1024w, https:\/\/d3pwq9e4hibwhv.cloudfront.net\/wp-content\/uploads\/2024\/05\/28074601\/Untitled-design-17-150x150.png 150w, https:\/\/d3pwq9e4hibwhv.cloudfront.net\/wp-content\/uploads\/2024\/05\/28074601\/Untitled-design-17-768x768.png 768w\" sizes=\"auto, (max-width: 1500px) 100vw, 1500px\" \/><span aria-hidden=\"true\" class=\"wp-block-cover__background has-background-dim-0 has-background-dim\" style=\"background-color:#8c8685\"><\/span><div class=\"wp-block-cover__inner-container has-global-padding is-layout-constrained wp-block-cover-is-layout-constrained\">\n<p class=\"has-text-align-center has-large-font-size\"><\/p>\n<\/div><\/div>\n<\/div>\n\n\n\n<div class=\"wp-block-column is-vertically-aligned-center is-layout-flow wp-block-column-is-layout-flow\">\n<div class=\"wp-block-group has-global-padding is-content-justification-left is-layout-constrained wp-container-core-group-is-layout-ee720ff1 wp-block-group-is-layout-constrained\" style=\"padding-top:var(--wp--preset--spacing--40);padding-right:var(--wp--preset--spacing--30);padding-bottom:var(--wp--preset--spacing--40);padding-left:var(--wp--preset--spacing--30)\">\n<h1 class=\"wp-block-heading has-display-font-size\" id=\"h-we-re-here-to-help\" style=\"line-height:1.1\">Wir sind hier, um zu helfen<\/h1>\n\n\n\n<div style=\"height:5px\" aria-hidden=\"true\" class=\"wp-block-spacer\"><\/div>\n\n\n\n<p>Wir bieten unseren Kunden ein umfassendes Onboarding, Produktschulungen und Support. Wenden Sie sich \u00fcber das Support-Portal an unser Support-Team oder buchen Sie eine Demo, um mehr \u00fcber unser Onboarding-, Schulungs- und Support-Angebot zu erfahren. <\/p>\n\n\n\n<div style=\"height:10px\" aria-hidden=\"true\" class=\"wp-block-spacer\"><\/div>\n\n\n\n<div class=\"wp-block-buttons is-layout-flex wp-block-buttons-is-layout-flex\">\n<div class=\"wp-block-button is-style-arrow-btn\"><a class=\"wp-block-button__link wp-element-button\" href=\"https:\/\/support.indicosys.com\/\" target=\"_blank\" rel=\"noreferrer noopener\">Unterst\u00fctzungsportal<\/a><\/div>\n\n\n\n<div class=\"wp-block-button is-style-outline is-style-outline--1\"><a class=\"wp-block-button__link wp-element-button\" href=\"https:\/\/davidhorn.com\/de\/profile\/\" target=\"_blank\" rel=\"noreferrer noopener\">Portal f\u00fcr Produktschulungen<\/a><\/div>\n<\/div>\n<\/div>\n<\/div>\n<\/div>\n<\/div><\/div>\n\n<section class=\"wp-block-group has-global-padding is-layout-constrained wp-block-group-is-layout-constrained\" style=\"margin-top:var(--wp--preset--spacing--80);margin-bottom:var(--wp--preset--spacing--80)\">\n<h2 class=\"wp-block-heading alignwide\" id=\"h-what-our-customers-say\" style=\"margin-bottom:var(--wp--preset--spacing--60)\">Was unsere Kunden sagen<\/h2>\n\n\n\n<div class=\"wp-block-query alignwide is-layout-flow wp-block-query-is-layout-flow\"><ul class=\"columns-3 wp-block-post-template is-layout-grid wp-container-core-post-template-is-layout-10753265 wp-block-post-template-is-layout-grid\"><li class=\"wp-block-post post-3881 testimonial type-testimonial status-publish hentry\">\n<div class=\"entry-content wp-block-post-content is-layout-flow wp-block-post-content-is-layout-flow\">\n<p>\u201eEs hat sich gelohnt! Eine sehr einfache und effektive L\u00f6sung.\u201c<\/p>\n\n<p><strong>Polizeibeamter<\/strong><br\/>Europ\u00e4ische Polizei<\/p>\n\n<p><\/p>\n<\/div>\n<\/li><li class=\"wp-block-post post-3397 testimonial type-testimonial status-publish hentry\">\n<div class=\"entry-content wp-block-post-content is-layout-flow wp-block-post-content-is-layout-flow\">\n<p>&#8222;Ich bin immer vorbereitet. Ich muss keinen neuen Termin f\u00fcr die n\u00e4chste Woche vereinbaren, weil ich die Ausr\u00fcstung brauche. Ich habe sie bereits bei mir und bin wirklich flexibel.&#8220;<\/p>\n\n<p><strong>Leiter der Unternehmenssicherheit<\/strong> <br\/>Kunde f\u00fcr Unternehmensuntersuchungen<\/p>\n\n<p><\/p>\n<\/div>\n<\/li><li class=\"wp-block-post post-3398 testimonial type-testimonial status-publish hentry\">\n<div class=\"entry-content wp-block-post-content is-layout-flow wp-block-post-content-is-layout-flow\">\n<p>&#8222;Der erste Schritt zu einer guten Vernehmung ist, sie aufzuzeichnen. Wir suchten nach einem Unternehmen, das uns dabei helfen konnte. Ein Kontakt empfahl uns 2012 Davidhorn (fr\u00fcher Indico Systems) und es stellte sich heraus, dass es perfekt f\u00fcr uns war. Wir haben es geschafft, unsere Ermittlungsoperationen auf ein neues Niveau zu bringen. Seitdem arbeiten wir mit ihnen zusammen.&#8220;<\/p>\n\n<p><strong><strong>Uwe Keller<\/strong><\/strong><br\/>Schleswig-Holstein ex-Polizist<\/p>\n<\/div>\n<\/li><\/ul><\/div>\n<\/section>\n\n<section class=\"wp-block-group alignwide is-layout-flow wp-block-group-is-layout-flow\" style=\"margin-top:var(--wp--preset--spacing--80);margin-bottom:var(--wp--preset--spacing--80)\">\n<div class=\"wp-block-cover is-light white-box has-aspect-ratio\" style=\"margin-top:0;margin-bottom:0;aspect-ratio:16\/9;min-height:unset;\"><img loading=\"lazy\" decoding=\"async\" width=\"1770\" height=\"972\" class=\"wp-block-cover__image-background wp-image-2094\" alt=\"\" src=\"https:\/\/d3pwq9e4hibwhv.cloudfront.net\/wp-content\/uploads\/2024\/06\/26092519\/stefan-stefancik-bEeq7l5LoiI-unsplash-scaled-e1719393966575.jpg\" data-object-fit=\"cover\" srcset=\"https:\/\/d3pwq9e4hibwhv.cloudfront.net\/wp-content\/uploads\/2024\/06\/26092519\/stefan-stefancik-bEeq7l5LoiI-unsplash-scaled-e1719393966575.jpg 1770w, https:\/\/d3pwq9e4hibwhv.cloudfront.net\/wp-content\/uploads\/2024\/06\/26092519\/stefan-stefancik-bEeq7l5LoiI-unsplash-scaled-e1719393966575-300x165.jpg 300w, https:\/\/d3pwq9e4hibwhv.cloudfront.net\/wp-content\/uploads\/2024\/06\/26092519\/stefan-stefancik-bEeq7l5LoiI-unsplash-scaled-e1719393966575-1024x562.jpg 1024w, https:\/\/d3pwq9e4hibwhv.cloudfront.net\/wp-content\/uploads\/2024\/06\/26092519\/stefan-stefancik-bEeq7l5LoiI-unsplash-scaled-e1719393966575-768x422.jpg 768w, https:\/\/d3pwq9e4hibwhv.cloudfront.net\/wp-content\/uploads\/2024\/06\/26092519\/stefan-stefancik-bEeq7l5LoiI-unsplash-scaled-e1719393966575-1536x843.jpg 1536w\" sizes=\"auto, (max-width: 1770px) 100vw, 1770px\" \/><span aria-hidden=\"true\" class=\"wp-block-cover__background has-primary-background-color has-background-dim-30 has-background-dim\"><\/span><div class=\"wp-block-cover__inner-container has-global-padding is-layout-constrained wp-block-cover-is-layout-constrained\">\n<div class=\"wp-block-group alignwide has-global-padding is-layout-constrained wp-block-group-is-layout-constrained\" style=\"padding-top:0;padding-bottom:0\">\n<div class=\"wp-block-group alignwide is-nowrap is-layout-flex wp-container-core-group-is-layout-cd9ab148 wp-block-group-is-layout-flex\">\n<div class=\"wp-block-group w-100-mobile position-relative has-background has-global-padding is-layout-constrained wp-container-core-group-is-layout-0519f95b wp-block-group-is-layout-constrained\" style=\"background-color:#ffffffe6;margin-top:0;margin-bottom:0;padding-top:var(--wp--preset--spacing--50);padding-right:var(--wp--preset--spacing--40);padding-bottom:var(--wp--preset--spacing--50);padding-left:var(--wp--preset--spacing--40)\">\n<div class=\"wp-block-group heading-underline has-global-padding is-layout-constrained wp-block-group-is-layout-constrained\" style=\"margin-top:0;margin-bottom:var(--wp--preset--spacing--30)\">\n<h2 class=\"wp-block-heading is-style-underline has-arrow stretched-link has-secondary-color has-text-color has-link-color wp-elements-b9dbeab6d22d4bc735812b358438cf62\" id=\"h-product-training\" style=\"font-size:clamp(29.768px, 1.861rem + ((1vw - 3.2px) * 2.269), 52px);font-style:normal;font-weight:300;line-height:1.4\"><a href=\"https:\/\/davidhorn.com\/de\/profile\/\">Produktschulung<\/a><\/h2>\n<\/div>\n\n\n\n<p class=\"has-text-align-left has-secondary-color has-text-color has-link-color has-large-font-size wp-elements-c6ce739e6b3a938517a7988eca045a8a\">Greifen Sie auf Videokurse zu den Produkten zu, die in Ihrem Unternehmen verwendet werden, und machen Sie sich mit den Kenntnissen und F\u00e4higkeiten vertraut, die f\u00fcr die Verwendung von Davidhorn-Recordern und Interview-Management-Software erforderlich sind.<\/p>\n<\/div>\n<\/div>\n<\/div>\n<\/div><\/div>\n<\/section>\n\n<p><\/p>\n","protected":false},"excerpt":{"rendered":"<p>Was unsere Kunden sagen<\/p>\n","protected":false},"author":1,"featured_media":0,"parent":0,"menu_order":0,"comment_status":"closed","ping_status":"closed","template":"","meta":{"_acf_changed":false,"inline_featured_image":false,"footnotes":""},"class_list":["post-3660","page","type-page","status-publish","hentry"],"acf":[],"yoast_head":"<!-- This site is optimized with the Yoast SEO Premium plugin v27.3 (Yoast SEO v27.3) - https:\/\/yoast.com\/product\/yoast-seo-premium-wordpress\/ -->\n<title>Davidhorn<\/title>\n<meta name=\"description\" content=\"Erhalten Sie umfassende Schulungen, Einarbeitung und Support f\u00fcr Davidhorn Interview-Recorder und Software. Unser Kundenbetreuungsteam ist f\u00fcr Sie da.\" \/>\n<meta name=\"robots\" content=\"index, follow, max-snippet:-1, max-image-preview:large, max-video-preview:-1\" \/>\n<link rel=\"canonical\" href=\"https:\/\/davidhorn.com\/de\/support\/\" \/>\n<meta property=\"og:locale\" content=\"de_DE\" \/>\n<meta property=\"og:type\" content=\"article\" \/>\n<meta property=\"og:title\" content=\"Unterst\u00fctzen Sie\" \/>\n<meta property=\"og:description\" content=\"Erhalten Sie umfassende Schulungen, Einarbeitung und Support f\u00fcr Davidhorn Interview-Recorder und Software. Unser Kundenbetreuungsteam ist f\u00fcr Sie da.\" \/>\n<meta property=\"og:url\" content=\"https:\/\/davidhorn.com\/de\/support\/\" \/>\n<meta property=\"og:site_name\" content=\"Davidhorn\" \/>\n<meta property=\"article:publisher\" content=\"https:\/\/www.facebook.com\/Equipped.for.Justice\/\" \/>\n<meta property=\"article:modified_time\" content=\"2025-06-26T11:50:57+00:00\" \/>\n<meta property=\"og:image\" content=\"https:\/\/davidhorn.com\/wp-content\/uploads\/2024\/05\/Untitled-design-17.png\" \/>\n<meta name=\"twitter:card\" content=\"summary_large_image\" \/>\n<meta name=\"twitter:label1\" content=\"Gesch\u00e4tzte Lesezeit\" \/>\n\t<meta name=\"twitter:data1\" content=\"1\u00a0Minute\" \/>\n<script type=\"application\/ld+json\" class=\"yoast-schema-graph\">{\"@context\":\"https:\\\/\\\/schema.org\",\"@graph\":[{\"@type\":\"WebPage\",\"@id\":\"https:\\\/\\\/davidhorn.com\\\/de\\\/support\\\/\",\"url\":\"https:\\\/\\\/davidhorn.com\\\/de\\\/support\\\/\",\"name\":\"Unterst\u00fctzen Sie - Davidhorn\",\"isPartOf\":{\"@id\":\"https:\\\/\\\/davidhorn.com\\\/#website\"},\"primaryImageOfPage\":{\"@id\":\"https:\\\/\\\/davidhorn.com\\\/de\\\/support\\\/#primaryimage\"},\"image\":{\"@id\":\"https:\\\/\\\/davidhorn.com\\\/de\\\/support\\\/#primaryimage\"},\"thumbnailUrl\":\"https:\\\/\\\/davidhorn.com\\\/wp-content\\\/uploads\\\/2024\\\/05\\\/Untitled-design-17.png\",\"datePublished\":\"2024-05-28T09:02:28+00:00\",\"dateModified\":\"2025-06-26T11:50:57+00:00\",\"description\":\"Erhalten Sie umfassende Schulungen, Einarbeitung und Support f\u00fcr Davidhorn Interview-Recorder und Software. Unser Kundenbetreuungsteam ist f\u00fcr Sie da.\",\"breadcrumb\":{\"@id\":\"https:\\\/\\\/davidhorn.com\\\/de\\\/support\\\/#breadcrumb\"},\"inLanguage\":\"de\",\"potentialAction\":[{\"@type\":\"ReadAction\",\"target\":[\"https:\\\/\\\/davidhorn.com\\\/de\\\/support\\\/\"]}]},{\"@type\":\"ImageObject\",\"inLanguage\":\"de\",\"@id\":\"https:\\\/\\\/davidhorn.com\\\/de\\\/support\\\/#primaryimage\",\"url\":\"https:\\\/\\\/davidhorn.com\\\/wp-content\\\/uploads\\\/2024\\\/05\\\/Untitled-design-17.png\",\"contentUrl\":\"https:\\\/\\\/davidhorn.com\\\/wp-content\\\/uploads\\\/2024\\\/05\\\/Untitled-design-17.png\"},{\"@type\":\"BreadcrumbList\",\"@id\":\"https:\\\/\\\/davidhorn.com\\\/de\\\/support\\\/#breadcrumb\",\"itemListElement\":[{\"@type\":\"ListItem\",\"position\":1,\"name\":\"Home\",\"item\":\"https:\\\/\\\/davidhorn.com\\\/de\\\/\"},{\"@type\":\"ListItem\",\"position\":2,\"name\":\"Unterst\u00fctzen Sie\"}]},{\"@type\":\"WebSite\",\"@id\":\"https:\\\/\\\/davidhorn.com\\\/#website\",\"url\":\"https:\\\/\\\/davidhorn.com\\\/\",\"name\":\"Davidhorn\",\"description\":\"\",\"publisher\":{\"@id\":\"https:\\\/\\\/davidhorn.com\\\/#organization\"},\"potentialAction\":[{\"@type\":\"SearchAction\",\"target\":{\"@type\":\"EntryPoint\",\"urlTemplate\":\"https:\\\/\\\/davidhorn.com\\\/?s={search_term_string}\"},\"query-input\":{\"@type\":\"PropertyValueSpecification\",\"valueRequired\":true,\"valueName\":\"search_term_string\"}}],\"inLanguage\":\"de\"},{\"@type\":\"Organization\",\"@id\":\"https:\\\/\\\/davidhorn.com\\\/#organization\",\"name\":\"Davidhorn\",\"url\":\"https:\\\/\\\/davidhorn.com\\\/\",\"logo\":{\"@type\":\"ImageObject\",\"inLanguage\":\"de\",\"@id\":\"https:\\\/\\\/davidhorn.com\\\/#\\\/schema\\\/logo\\\/image\\\/\",\"url\":\"https:\\\/\\\/d3pwq9e4hibwhv.cloudfront.net\\\/wp-content\\\/uploads\\\/2024\\\/05\\\/29122828\\\/primary-1.svg\",\"contentUrl\":\"https:\\\/\\\/d3pwq9e4hibwhv.cloudfront.net\\\/wp-content\\\/uploads\\\/2024\\\/05\\\/29122828\\\/primary-1.svg\",\"width\":200,\"height\":32,\"caption\":\"Davidhorn\"},\"image\":{\"@id\":\"https:\\\/\\\/davidhorn.com\\\/#\\\/schema\\\/logo\\\/image\\\/\"},\"sameAs\":[\"https:\\\/\\\/www.facebook.com\\\/Equipped.for.Justice\\\/\",\"https:\\\/\\\/www.linkedin.com\\\/company\\\/davidhorn\",\"https:\\\/\\\/www.instagram.com\\\/davidhorn_company\"]}]}<\/script>\n<!-- \/ Yoast SEO Premium plugin. -->","yoast_head_json":{"title":"Davidhorn","description":"Erhalten Sie umfassende Schulungen, Einarbeitung und Support f\u00fcr Davidhorn Interview-Recorder und Software. Unser Kundenbetreuungsteam ist f\u00fcr Sie da.","robots":{"index":"index","follow":"follow","max-snippet":"max-snippet:-1","max-image-preview":"max-image-preview:large","max-video-preview":"max-video-preview:-1"},"canonical":"https:\/\/davidhorn.com\/de\/support\/","og_locale":"de_DE","og_type":"article","og_title":"Unterst\u00fctzen Sie","og_description":"Erhalten Sie umfassende Schulungen, Einarbeitung und Support f\u00fcr Davidhorn Interview-Recorder und Software. Unser Kundenbetreuungsteam ist f\u00fcr Sie da.","og_url":"https:\/\/davidhorn.com\/de\/support\/","og_site_name":"Davidhorn","article_publisher":"https:\/\/www.facebook.com\/Equipped.for.Justice\/","article_modified_time":"2025-06-26T11:50:57+00:00","og_image":[{"url":"https:\/\/davidhorn.com\/wp-content\/uploads\/2024\/05\/Untitled-design-17.png","type":"","width":"","height":""}],"twitter_card":"summary_large_image","twitter_misc":{"Gesch\u00e4tzte Lesezeit":"1\u00a0Minute"},"schema":{"@context":"https:\/\/schema.org","@graph":[{"@type":"WebPage","@id":"https:\/\/davidhorn.com\/de\/support\/","url":"https:\/\/davidhorn.com\/de\/support\/","name":"Unterst\u00fctzen Sie - Davidhorn","isPartOf":{"@id":"https:\/\/davidhorn.com\/#website"},"primaryImageOfPage":{"@id":"https:\/\/davidhorn.com\/de\/support\/#primaryimage"},"image":{"@id":"https:\/\/davidhorn.com\/de\/support\/#primaryimage"},"thumbnailUrl":"https:\/\/davidhorn.com\/wp-content\/uploads\/2024\/05\/Untitled-design-17.png","datePublished":"2024-05-28T09:02:28+00:00","dateModified":"2025-06-26T11:50:57+00:00","description":"Erhalten Sie umfassende Schulungen, Einarbeitung und Support f\u00fcr Davidhorn Interview-Recorder und Software. Unser Kundenbetreuungsteam ist f\u00fcr Sie da.","breadcrumb":{"@id":"https:\/\/davidhorn.com\/de\/support\/#breadcrumb"},"inLanguage":"de","potentialAction":[{"@type":"ReadAction","target":["https:\/\/davidhorn.com\/de\/support\/"]}]},{"@type":"ImageObject","inLanguage":"de","@id":"https:\/\/davidhorn.com\/de\/support\/#primaryimage","url":"https:\/\/davidhorn.com\/wp-content\/uploads\/2024\/05\/Untitled-design-17.png","contentUrl":"https:\/\/davidhorn.com\/wp-content\/uploads\/2024\/05\/Untitled-design-17.png"},{"@type":"BreadcrumbList","@id":"https:\/\/davidhorn.com\/de\/support\/#breadcrumb","itemListElement":[{"@type":"ListItem","position":1,"name":"Home","item":"https:\/\/davidhorn.com\/de\/"},{"@type":"ListItem","position":2,"name":"Unterst\u00fctzen Sie"}]},{"@type":"WebSite","@id":"https:\/\/davidhorn.com\/#website","url":"https:\/\/davidhorn.com\/","name":"Davidhorn","description":"","publisher":{"@id":"https:\/\/davidhorn.com\/#organization"},"potentialAction":[{"@type":"SearchAction","target":{"@type":"EntryPoint","urlTemplate":"https:\/\/davidhorn.com\/?s={search_term_string}"},"query-input":{"@type":"PropertyValueSpecification","valueRequired":true,"valueName":"search_term_string"}}],"inLanguage":"de"},{"@type":"Organization","@id":"https:\/\/davidhorn.com\/#organization","name":"Davidhorn","url":"https:\/\/davidhorn.com\/","logo":{"@type":"ImageObject","inLanguage":"de","@id":"https:\/\/davidhorn.com\/#\/schema\/logo\/image\/","url":"https:\/\/d3pwq9e4hibwhv.cloudfront.net\/wp-content\/uploads\/2024\/05\/29122828\/primary-1.svg","contentUrl":"https:\/\/d3pwq9e4hibwhv.cloudfront.net\/wp-content\/uploads\/2024\/05\/29122828\/primary-1.svg","width":200,"height":32,"caption":"Davidhorn"},"image":{"@id":"https:\/\/davidhorn.com\/#\/schema\/logo\/image\/"},"sameAs":["https:\/\/www.facebook.com\/Equipped.for.Justice\/","https:\/\/www.linkedin.com\/company\/davidhorn","https:\/\/www.instagram.com\/davidhorn_company"]}]}},"_links":{"self":[{"href":"https:\/\/davidhorn.com\/de\/wp-json\/wp\/v2\/pages\/3660","targetHints":{"allow":["GET"]}}],"collection":[{"href":"https:\/\/davidhorn.com\/de\/wp-json\/wp\/v2\/pages"}],"about":[{"href":"https:\/\/davidhorn.com\/de\/wp-json\/wp\/v2\/types\/page"}],"author":[{"embeddable":true,"href":"https:\/\/davidhorn.com\/de\/wp-json\/wp\/v2\/users\/1"}],"replies":[{"embeddable":true,"href":"https:\/\/davidhorn.com\/de\/wp-json\/wp\/v2\/comments?post=3660"}],"version-history":[{"count":11,"href":"https:\/\/davidhorn.com\/de\/wp-json\/wp\/v2\/pages\/3660\/revisions"}],"predecessor-version":[{"id":12685,"href":"https:\/\/davidhorn.com\/de\/wp-json\/wp\/v2\/pages\/3660\/revisions\/12685"}],"wp:attachment":[{"href":"https:\/\/davidhorn.com\/de\/wp-json\/wp\/v2\/media?parent=3660"}],"curies":[{"name":"wp","href":"https:\/\/api.w.org\/{rel}","templated":true}]}}