{"id":9210,"date":"2024-05-28T07:42:22","date_gmt":"2024-05-28T05:42:22","guid":{"rendered":"https:\/\/davidhorn.com\/industries\/"},"modified":"2025-09-12T10:22:33","modified_gmt":"2025-09-12T08:22:33","slug":"industries","status":"publish","type":"page","link":"https:\/\/davidhorn.com\/fr\/industries\/","title":{"rendered":"Industries"},"content":{"rendered":"\n<section class=\"wp-block-group has-global-padding is-layout-constrained wp-block-group-is-layout-constrained\" style=\"margin-top:var(--wp--preset--spacing--80);margin-bottom:var(--wp--preset--spacing--80)\">\n<div class=\"wp-block-columns alignwide is-layout-flex wp-container-core-columns-is-layout-28f84493 wp-block-columns-is-layout-flex\">\n<div class=\"wp-block-column is-layout-flow wp-block-column-is-layout-flow\">\n<h1 class=\"wp-block-heading\" id=\"h-des-enquetes-efficaces-precises-et-equitables\">Des enqu\u00eates efficaces, pr\u00e9cises et \u00e9quitables.<\/h1>\n\n\n\n<p class=\"is-style-lead\">Soutenir les enqu\u00eateurs et leur travail. Que vous meniez des entretiens avec des t\u00e9moins, des enfants ou des suspects vuln\u00e9rables, que vous travailliez dans la police, la d\u00e9fense, l&rsquo;immigration, Barnahus ou les enqu\u00eates d&rsquo;entreprise.<\/p>\n\n\n\n<p>Davidhorn vous apportera des solutions fond\u00e9es sur l&rsquo;innovation et 40 ans d&rsquo;exp\u00e9rience.<\/p>\n<\/div>\n\n\n\n<div class=\"wp-block-column is-layout-flow wp-block-column-is-layout-flow\"><\/div>\n<\/div>\n<\/section>\n\n\n\n<section class=\"wp-block-group has-global-padding is-layout-constrained wp-block-group-is-layout-constrained\" style=\"margin-top:var(--wp--preset--spacing--80);margin-bottom:var(--wp--preset--spacing--80)\">\n<div class=\"wp-block-group alignwide is-layout-flow wp-block-group-is-layout-flow\">\n<h2 class=\"wp-block-heading\" id=\"h-industries-que-nous-servons\">Industries que nous servons<\/h2>\n\n\n\n<div class=\"align wp-block-site-carousel\" id=\"block-16ba348c3d177f6198fbff1b5f1561f7\">\n\n<div class=\"swiper\">\n\t<div class=\"swiper-button-prev\"><\/div>\n\t<div class=\"swiper-button-next\"><\/div>\n\t<ul class=\"carousel carousel__container swiper-wrapper\">\n\t\t\t\t\t\t\t\t\t<li class=\"carousel__item swiper-slide\">\n\t\t\t\t\t<a href=\"https:\/\/davidhorn.com\/fr\/industry\/enregistrement-dentretiens-policiers\/\">\n\t\t\t\t\t\t\t\t\t\t\t\t\t<figure class=\"carousel__figure\">\n\t\t\t\t\t\t\t\t<img decoding=\"async\" src=\"https:\/\/d3pwq9e4hibwhv.cloudfront.net\/wp-content\/uploads\/2024\/06\/20093845\/AdobeStock_298601376-1024x671.jpg\">\n\t\t\t\t\t\t\t<\/figure>\n\t\t\t\t\t\t\t\t\t\t\t\t<div class=\"carousel__item-content\">\n\t\t\t\t\t\t\t<h2 class=\"carousel__item-title\">Enregistrement d&rsquo;entretiens policiers<\/h2>\n\t\t\t\t\t\t\t<p class=\"carousel__item-excerpt\"><p>Gr\u00e2ce \u00e0 l&rsquo;innovation et sur la base de 40 ans d&rsquo;exp\u00e9rience, nous donnons \u00e0 la police les moyens de disposer&#8230;<\/p>\n<\/p>\n\t\t\t\t\t\t<\/div>\n\t\t\t\t\t<\/a>\n\t\t\t\t<\/li>\n\t\t\t\t\t\t\t<li class=\"carousel__item swiper-slide\">\n\t\t\t\t\t<a href=\"https:\/\/davidhorn.com\/fr\/industry\/enregistrement-entretiens-immigration-douanes\/\">\n\t\t\t\t\t\t\t\t\t\t\t\t\t<figure class=\"carousel__figure\">\n\t\t\t\t\t\t\t\t<img decoding=\"async\" src=\"https:\/\/d3pwq9e4hibwhv.cloudfront.net\/wp-content\/uploads\/2024\/05\/11170743\/immigration-customs-1-1024x609.jpg\">\n\t\t\t\t\t\t\t<\/figure>\n\t\t\t\t\t\t\t\t\t\t\t\t<div class=\"carousel__item-content\">\n\t\t\t\t\t\t\t<h2 class=\"carousel__item-title\">Solutions d&rsquo;enregistrement d&rsquo;entretiens pour l&rsquo;immigration<\/h2>\n\t\t\t\t\t\t\t<p class=\"carousel__item-excerpt\"><p>Gr\u00e2ce \u00e0 des outils d&rsquo;entretien qui am\u00e9liorent la productivit\u00e9, nous \u00e9quipons les autorit\u00e9s locales pour qu&rsquo;elles&#8230;<\/p>\n<\/p>\n\t\t\t\t\t\t<\/div>\n\t\t\t\t\t<\/a>\n\t\t\t\t<\/li>\n\t\t\t\t\t\t\t<li class=\"carousel__item swiper-slide\">\n\t\t\t\t\t<a href=\"https:\/\/davidhorn.com\/fr\/industry\/barnahus\/\">\n\t\t\t\t\t\t\t\t\t\t\t\t\t<figure class=\"carousel__figure\">\n\t\t\t\t\t\t\t\t<img decoding=\"async\" src=\"https:\/\/d3pwq9e4hibwhv.cloudfront.net\/wp-content\/uploads\/2024\/05\/28101700\/AdobeStock_397823189-1024x684.jpeg\">\n\t\t\t\t\t\t\t<\/figure>\n\t\t\t\t\t\t\t\t\t\t\t\t<div class=\"carousel__item-content\">\n\t\t\t\t\t\t\t<h2 class=\"carousel__item-title\">Entretiens avec enfants et t\u00e9moins vuln\u00e9rables<\/h2>\n\t\t\t\t\t\t\t<p class=\"carousel__item-excerpt\"><p>Davidhorn s&rsquo;associe \u00e0 Barnahus pour fournir des outils avanc\u00e9s qui garantissent le bien-\u00eatre des enfants lors de&#8230;<\/p>\n<\/p>\n\t\t\t\t\t\t<\/div>\n\t\t\t\t\t<\/a>\n\t\t\t\t<\/li>\n\t\t\t\t\t\t\t<li class=\"carousel__item swiper-slide\">\n\t\t\t\t\t<a href=\"https:\/\/davidhorn.com\/fr\/industry\/la-defense\/\">\n\t\t\t\t\t\t\t\t\t\t\t\t\t<figure class=\"carousel__figure\">\n\t\t\t\t\t\t\t\t<img decoding=\"async\" src=\"https:\/\/d3pwq9e4hibwhv.cloudfront.net\/wp-content\/uploads\/2024\/05\/28074413\/low-angle-view-of-row-of-men-wearing-military-unif-2023-11-27-05-15-15-utc-1024x814.jpg\">\n\t\t\t\t\t\t\t<\/figure>\n\t\t\t\t\t\t\t\t\t\t\t\t<div class=\"carousel__item-content\">\n\t\t\t\t\t\t\t<h2 class=\"carousel__item-title\">Enregistrement d&rsquo;entretiens de d\u00e9fense<\/h2>\n\t\t\t\t\t\t\t<p class=\"carousel__item-excerpt\"><p>Une solution d&rsquo;entretien s\u00e9curis\u00e9e qui s&rsquo;appuie sur notre confidentialit\u00e9 \u00e9prouv\u00e9e et notre capacit\u00e9 \u00e0 traiter&#8230;<\/p>\n<\/p>\n\t\t\t\t\t\t<\/div>\n\t\t\t\t\t<\/a>\n\t\t\t\t<\/li>\n\t\t\t\t\t\t\t<li class=\"carousel__item swiper-slide\">\n\t\t\t\t\t<a href=\"https:\/\/davidhorn.com\/fr\/industry\/enquetes-sur-les-entreprises\/\">\n\t\t\t\t\t\t\t\t\t\t\t\t\t<figure class=\"carousel__figure\">\n\t\t\t\t\t\t\t\t<img decoding=\"async\" src=\"https:\/\/d3pwq9e4hibwhv.cloudfront.net\/wp-content\/uploads\/2024\/06\/28111848\/Industry_top-banner1-1024x684.jpg\">\n\t\t\t\t\t\t\t<\/figure>\n\t\t\t\t\t\t\t\t\t\t\t\t<div class=\"carousel__item-content\">\n\t\t\t\t\t\t\t<h2 class=\"carousel__item-title\">Enqu\u00eates sur les entreprises<\/h2>\n\t\t\t\t\t\t\t<p class=\"carousel__item-excerpt\"><p>Gr\u00e2ce \u00e0 l&rsquo;innovation et sur la base de 40 ans d&rsquo;exp\u00e9rience, nous donnons \u00e0 la police les moyens de disposer&#8230;<\/p>\n<\/p>\n\t\t\t\t\t\t<\/div>\n\t\t\t\t\t<\/a>\n\t\t\t\t<\/li>\n\t\t\t\t\t\t\t<li class=\"carousel__item swiper-slide\">\n\t\t\t\t\t<a href=\"https:\/\/davidhorn.com\/fr\/industry\/autorites-locales\/\">\n\t\t\t\t\t\t\t\t\t\t\t\t\t<figure class=\"carousel__figure\">\n\t\t\t\t\t\t\t\t<img decoding=\"async\" src=\"https:\/\/d3pwq9e4hibwhv.cloudfront.net\/wp-content\/uploads\/2024\/05\/28121543\/Industry_top-banner3-1024x684.jpg\">\n\t\t\t\t\t\t\t<\/figure>\n\t\t\t\t\t\t\t\t\t\t\t\t<div class=\"carousel__item-content\">\n\t\t\t\t\t\t\t<h2 class=\"carousel__item-title\">Enregistrement d&rsquo;entretiens des autorit\u00e9s locales<\/h2>\n\t\t\t\t\t\t\t<p class=\"carousel__item-excerpt\"><p>Gr\u00e2ce \u00e0 des outils d&rsquo;interrogation qui am\u00e9liorent la productivit\u00e9, nous \u00e9quipons les autorit\u00e9s locales pour&#8230;<\/p>\n<\/p>\n\t\t\t\t\t\t<\/div>\n\t\t\t\t\t<\/a>\n\t\t\t\t<\/li>\n\t\t\t\t\t\t\t\t\t<\/ul>\n<\/div>\n<div class=\"swiper-pagination\"><\/div>\n\n<\/div>\n<\/div>\n<\/section>\n\n\n\n<section class=\"wp-block-group has-global-padding is-layout-constrained wp-block-group-is-layout-constrained\" style=\"margin-top:var(--wp--preset--spacing--80);margin-bottom:var(--wp--preset--spacing--80)\">\n<div class=\"wp-block-columns alignwide is-layout-flex wp-container-core-columns-is-layout-cbe57604 wp-block-columns-is-layout-flex\">\n<div class=\"wp-block-column is-layout-flow wp-block-column-is-layout-flow\" style=\"flex-basis:44.6%\">\n<h1 class=\"wp-block-heading\" id=\"h-en-savoir-plus-sur-nos-produits\">En savoir plus sur nos produits<\/h1>\n\n\n\n<p class=\"has-large-font-size\">Nous \u00e9quipons les forces de l&rsquo;ordre d&rsquo;outils d&rsquo;entretiens efficaces et s\u00e9curis\u00e9s.<\/p>\n\n\n\n<div class=\"wp-block-buttons is-layout-flex wp-block-buttons-is-layout-flex\">\n<div class=\"wp-block-button is-style-fill\"><a class=\"wp-block-button__link has-white-color has-primary-600-background-color has-text-color has-background has-link-color wp-element-button\" href=\"https:\/\/davidhorn.com\/fr\/produits\/\">Aper\u00e7u du produit<\/a><\/div>\n<\/div>\n<\/div>\n\n\n\n<div class=\"wp-block-column has-primary-25-background-color has-background is-layout-flow wp-block-column-is-layout-flow\">\n<figure class=\"wp-block-image size-large\"><img loading=\"lazy\" decoding=\"async\" width=\"1024\" height=\"576\" src=\"https:\/\/d3pwq9e4hibwhv.cloudfront.net\/wp-content\/uploads\/2025\/01\/22065737\/0009_09.05.2024_3D_suspect_room_Marketing_01-1024x576.jpg\" alt=\"Suite de suspects_ meilleure pratique\" class=\"wp-image-4934\" style=\"aspect-ratio:3\/2;object-fit:cover\" srcset=\"https:\/\/d3pwq9e4hibwhv.cloudfront.net\/wp-content\/uploads\/2025\/01\/22065737\/0009_09.05.2024_3D_suspect_room_Marketing_01-1024x576.jpg 1024w, https:\/\/d3pwq9e4hibwhv.cloudfront.net\/wp-content\/uploads\/2025\/01\/22065737\/0009_09.05.2024_3D_suspect_room_Marketing_01-300x169.jpg 300w, https:\/\/d3pwq9e4hibwhv.cloudfront.net\/wp-content\/uploads\/2025\/01\/22065737\/0009_09.05.2024_3D_suspect_room_Marketing_01-768x432.jpg 768w, https:\/\/d3pwq9e4hibwhv.cloudfront.net\/wp-content\/uploads\/2025\/01\/22065737\/0009_09.05.2024_3D_suspect_room_Marketing_01-1536x864.jpg 1536w, https:\/\/d3pwq9e4hibwhv.cloudfront.net\/wp-content\/uploads\/2025\/01\/22065737\/0009_09.05.2024_3D_suspect_room_Marketing_01.jpg 1920w\" sizes=\"auto, (max-width: 1024px) 100vw, 1024px\" \/><\/figure>\n<\/div>\n<\/div>\n<\/section>\n\n\n\n<section class=\"wp-block-group has-global-padding is-layout-constrained wp-container-core-group-is-layout-46ffcf9b wp-block-group-is-layout-constrained\" style=\"margin-top:var(--wp--preset--spacing--80);margin-bottom:var(--wp--preset--spacing--80);padding-top:var(--wp--preset--spacing--60);padding-bottom:var(--wp--preset--spacing--80)\">\n<p class=\"has-text-align-left is-style-default\" style=\"padding-bottom:var(--wp--preset--spacing--30);font-size:clamp(38.682px, 2.418rem + ((1vw - 3.2px) * 3.4), 72px);line-height:1.2\">D\u00e9couvrez comment nos <strong><mark style=\"background-color:rgba(0, 0, 0, 0)\" class=\"has-inline-color has-primary-color\">clients<\/mark><\/strong> utilisent nos produits dans leur travail quotidien.<\/p>\n\n\n\n<div class=\"wp-block-buttons is-layout-flex wp-block-buttons-is-layout-flex\">\n<div class=\"wp-block-button\"><a class=\"wp-block-button__link wp-element-button\" href=\"\/blog\">En savoir plus<\/a><\/div>\n<\/div>\n<\/section>\n","protected":false},"excerpt":{"rendered":"<p>Des enqu\u00eates efficaces, pr\u00e9cises et \u00e9quitables. Soutenir les enqu\u00eateurs et leur travail. Que vous meniez des&#8230;<\/p>\n","protected":false},"author":1,"featured_media":0,"parent":0,"menu_order":0,"comment_status":"closed","ping_status":"closed","template":"","meta":{"_acf_changed":false,"inline_featured_image":false,"footnotes":""},"class_list":["post-9210","page","type-page","status-publish","hentry"],"acf":[],"yoast_head":"<!-- This site is optimized with the Yoast SEO Premium plugin v27.3 (Yoast SEO v27.3) - https:\/\/yoast.com\/product\/yoast-seo-premium-wordpress\/ -->\n<title>Davidhorn<\/title>\n<meta name=\"robots\" content=\"index, follow, max-snippet:-1, max-image-preview:large, max-video-preview:-1\" \/>\n<link rel=\"canonical\" href=\"https:\/\/davidhorn.com\/fr\/industries\/\" \/>\n<meta property=\"og:locale\" content=\"fr_FR\" \/>\n<meta property=\"og:type\" content=\"article\" \/>\n<meta property=\"og:title\" content=\"Industries\" \/>\n<meta property=\"og:description\" content=\"Des enqu\u00eates efficaces, pr\u00e9cises et \u00e9quitables. Soutenir les enqu\u00eateurs et leur travail. Que vous meniez des...\" \/>\n<meta property=\"og:url\" content=\"https:\/\/davidhorn.com\/fr\/industries\/\" \/>\n<meta property=\"og:site_name\" content=\"Davidhorn\" \/>\n<meta property=\"article:publisher\" content=\"https:\/\/www.facebook.com\/Equipped.for.Justice\/\" \/>\n<meta property=\"article:modified_time\" content=\"2025-09-12T08:22:33+00:00\" \/>\n<meta property=\"og:image\" content=\"https:\/\/davidhorn.com\/wp-content\/uploads\/2025\/01\/0009_09.05.2024_3D_suspect_room_Marketing_01-1024x576.jpg\" \/>\n<meta name=\"twitter:card\" content=\"summary_large_image\" \/>\n<meta name=\"twitter:label1\" content=\"Temps de lecture estim\u00e9 \" \/>\n\t<meta name=\"twitter:data1\" content=\"1 minute\" \/>\n<script type=\"application\/ld+json\" class=\"yoast-schema-graph\">{\"@context\":\"https:\\\/\\\/schema.org\",\"@graph\":[{\"@type\":\"WebPage\",\"@id\":\"https:\\\/\\\/davidhorn.com\\\/fr\\\/industries\\\/\",\"url\":\"https:\\\/\\\/davidhorn.com\\\/fr\\\/industries\\\/\",\"name\":\"Industries - Davidhorn\",\"isPartOf\":{\"@id\":\"https:\\\/\\\/davidhorn.com\\\/#website\"},\"primaryImageOfPage\":{\"@id\":\"https:\\\/\\\/davidhorn.com\\\/fr\\\/industries\\\/#primaryimage\"},\"image\":{\"@id\":\"https:\\\/\\\/davidhorn.com\\\/fr\\\/industries\\\/#primaryimage\"},\"thumbnailUrl\":\"https:\\\/\\\/davidhorn.com\\\/wp-content\\\/uploads\\\/2025\\\/01\\\/0009_09.05.2024_3D_suspect_room_Marketing_01-1024x576.jpg\",\"datePublished\":\"2024-05-28T05:42:22+00:00\",\"dateModified\":\"2025-09-12T08:22:33+00:00\",\"breadcrumb\":{\"@id\":\"https:\\\/\\\/davidhorn.com\\\/fr\\\/industries\\\/#breadcrumb\"},\"inLanguage\":\"fr-FR\",\"potentialAction\":[{\"@type\":\"ReadAction\",\"target\":[\"https:\\\/\\\/davidhorn.com\\\/fr\\\/industries\\\/\"]}]},{\"@type\":\"ImageObject\",\"inLanguage\":\"fr-FR\",\"@id\":\"https:\\\/\\\/davidhorn.com\\\/fr\\\/industries\\\/#primaryimage\",\"url\":\"https:\\\/\\\/davidhorn.com\\\/wp-content\\\/uploads\\\/2025\\\/01\\\/0009_09.05.2024_3D_suspect_room_Marketing_01-1024x576.jpg\",\"contentUrl\":\"https:\\\/\\\/davidhorn.com\\\/wp-content\\\/uploads\\\/2025\\\/01\\\/0009_09.05.2024_3D_suspect_room_Marketing_01-1024x576.jpg\"},{\"@type\":\"BreadcrumbList\",\"@id\":\"https:\\\/\\\/davidhorn.com\\\/fr\\\/industries\\\/#breadcrumb\",\"itemListElement\":[{\"@type\":\"ListItem\",\"position\":1,\"name\":\"Accueil\",\"item\":\"https:\\\/\\\/davidhorn.com\\\/fr\\\/\"},{\"@type\":\"ListItem\",\"position\":2,\"name\":\"Industries\"}]},{\"@type\":\"WebSite\",\"@id\":\"https:\\\/\\\/davidhorn.com\\\/#website\",\"url\":\"https:\\\/\\\/davidhorn.com\\\/\",\"name\":\"Davidhorn\",\"description\":\"\",\"publisher\":{\"@id\":\"https:\\\/\\\/davidhorn.com\\\/#organization\"},\"potentialAction\":[{\"@type\":\"SearchAction\",\"target\":{\"@type\":\"EntryPoint\",\"urlTemplate\":\"https:\\\/\\\/davidhorn.com\\\/?s={search_term_string}\"},\"query-input\":{\"@type\":\"PropertyValueSpecification\",\"valueRequired\":true,\"valueName\":\"search_term_string\"}}],\"inLanguage\":\"fr-FR\"},{\"@type\":\"Organization\",\"@id\":\"https:\\\/\\\/davidhorn.com\\\/#organization\",\"name\":\"Davidhorn\",\"url\":\"https:\\\/\\\/davidhorn.com\\\/\",\"logo\":{\"@type\":\"ImageObject\",\"inLanguage\":\"fr-FR\",\"@id\":\"https:\\\/\\\/davidhorn.com\\\/#\\\/schema\\\/logo\\\/image\\\/\",\"url\":\"https:\\\/\\\/d3pwq9e4hibwhv.cloudfront.net\\\/wp-content\\\/uploads\\\/2024\\\/05\\\/29122828\\\/primary-1.svg\",\"contentUrl\":\"https:\\\/\\\/d3pwq9e4hibwhv.cloudfront.net\\\/wp-content\\\/uploads\\\/2024\\\/05\\\/29122828\\\/primary-1.svg\",\"width\":200,\"height\":32,\"caption\":\"Davidhorn\"},\"image\":{\"@id\":\"https:\\\/\\\/davidhorn.com\\\/#\\\/schema\\\/logo\\\/image\\\/\"},\"sameAs\":[\"https:\\\/\\\/www.facebook.com\\\/Equipped.for.Justice\\\/\",\"https:\\\/\\\/www.linkedin.com\\\/company\\\/davidhorn\",\"https:\\\/\\\/www.instagram.com\\\/davidhorn_company\"]}]}<\/script>\n<!-- \/ Yoast SEO Premium plugin. -->","yoast_head_json":{"title":"Davidhorn","robots":{"index":"index","follow":"follow","max-snippet":"max-snippet:-1","max-image-preview":"max-image-preview:large","max-video-preview":"max-video-preview:-1"},"canonical":"https:\/\/davidhorn.com\/fr\/industries\/","og_locale":"fr_FR","og_type":"article","og_title":"Industries","og_description":"Des enqu\u00eates efficaces, pr\u00e9cises et \u00e9quitables. Soutenir les enqu\u00eateurs et leur travail. Que vous meniez des...","og_url":"https:\/\/davidhorn.com\/fr\/industries\/","og_site_name":"Davidhorn","article_publisher":"https:\/\/www.facebook.com\/Equipped.for.Justice\/","article_modified_time":"2025-09-12T08:22:33+00:00","og_image":[{"url":"https:\/\/davidhorn.com\/wp-content\/uploads\/2025\/01\/0009_09.05.2024_3D_suspect_room_Marketing_01-1024x576.jpg","type":"","width":"","height":""}],"twitter_card":"summary_large_image","twitter_misc":{"Temps de lecture estim\u00e9 ":"1 minute"},"schema":{"@context":"https:\/\/schema.org","@graph":[{"@type":"WebPage","@id":"https:\/\/davidhorn.com\/fr\/industries\/","url":"https:\/\/davidhorn.com\/fr\/industries\/","name":"Industries - Davidhorn","isPartOf":{"@id":"https:\/\/davidhorn.com\/#website"},"primaryImageOfPage":{"@id":"https:\/\/davidhorn.com\/fr\/industries\/#primaryimage"},"image":{"@id":"https:\/\/davidhorn.com\/fr\/industries\/#primaryimage"},"thumbnailUrl":"https:\/\/davidhorn.com\/wp-content\/uploads\/2025\/01\/0009_09.05.2024_3D_suspect_room_Marketing_01-1024x576.jpg","datePublished":"2024-05-28T05:42:22+00:00","dateModified":"2025-09-12T08:22:33+00:00","breadcrumb":{"@id":"https:\/\/davidhorn.com\/fr\/industries\/#breadcrumb"},"inLanguage":"fr-FR","potentialAction":[{"@type":"ReadAction","target":["https:\/\/davidhorn.com\/fr\/industries\/"]}]},{"@type":"ImageObject","inLanguage":"fr-FR","@id":"https:\/\/davidhorn.com\/fr\/industries\/#primaryimage","url":"https:\/\/davidhorn.com\/wp-content\/uploads\/2025\/01\/0009_09.05.2024_3D_suspect_room_Marketing_01-1024x576.jpg","contentUrl":"https:\/\/davidhorn.com\/wp-content\/uploads\/2025\/01\/0009_09.05.2024_3D_suspect_room_Marketing_01-1024x576.jpg"},{"@type":"BreadcrumbList","@id":"https:\/\/davidhorn.com\/fr\/industries\/#breadcrumb","itemListElement":[{"@type":"ListItem","position":1,"name":"Accueil","item":"https:\/\/davidhorn.com\/fr\/"},{"@type":"ListItem","position":2,"name":"Industries"}]},{"@type":"WebSite","@id":"https:\/\/davidhorn.com\/#website","url":"https:\/\/davidhorn.com\/","name":"Davidhorn","description":"","publisher":{"@id":"https:\/\/davidhorn.com\/#organization"},"potentialAction":[{"@type":"SearchAction","target":{"@type":"EntryPoint","urlTemplate":"https:\/\/davidhorn.com\/?s={search_term_string}"},"query-input":{"@type":"PropertyValueSpecification","valueRequired":true,"valueName":"search_term_string"}}],"inLanguage":"fr-FR"},{"@type":"Organization","@id":"https:\/\/davidhorn.com\/#organization","name":"Davidhorn","url":"https:\/\/davidhorn.com\/","logo":{"@type":"ImageObject","inLanguage":"fr-FR","@id":"https:\/\/davidhorn.com\/#\/schema\/logo\/image\/","url":"https:\/\/d3pwq9e4hibwhv.cloudfront.net\/wp-content\/uploads\/2024\/05\/29122828\/primary-1.svg","contentUrl":"https:\/\/d3pwq9e4hibwhv.cloudfront.net\/wp-content\/uploads\/2024\/05\/29122828\/primary-1.svg","width":200,"height":32,"caption":"Davidhorn"},"image":{"@id":"https:\/\/davidhorn.com\/#\/schema\/logo\/image\/"},"sameAs":["https:\/\/www.facebook.com\/Equipped.for.Justice\/","https:\/\/www.linkedin.com\/company\/davidhorn","https:\/\/www.instagram.com\/davidhorn_company"]}]}},"_links":{"self":[{"href":"https:\/\/davidhorn.com\/fr\/wp-json\/wp\/v2\/pages\/9210","targetHints":{"allow":["GET"]}}],"collection":[{"href":"https:\/\/davidhorn.com\/fr\/wp-json\/wp\/v2\/pages"}],"about":[{"href":"https:\/\/davidhorn.com\/fr\/wp-json\/wp\/v2\/types\/page"}],"author":[{"embeddable":true,"href":"https:\/\/davidhorn.com\/fr\/wp-json\/wp\/v2\/users\/1"}],"replies":[{"embeddable":true,"href":"https:\/\/davidhorn.com\/fr\/wp-json\/wp\/v2\/comments?post=9210"}],"version-history":[{"count":3,"href":"https:\/\/davidhorn.com\/fr\/wp-json\/wp\/v2\/pages\/9210\/revisions"}],"predecessor-version":[{"id":14538,"href":"https:\/\/davidhorn.com\/fr\/wp-json\/wp\/v2\/pages\/9210\/revisions\/14538"}],"wp:attachment":[{"href":"https:\/\/davidhorn.com\/fr\/wp-json\/wp\/v2\/media?parent=9210"}],"curies":[{"name":"wp","href":"https:\/\/api.w.org\/{rel}","templated":true}]}}