{"id":9220,"date":"2024-05-28T09:13:33","date_gmt":"2024-05-28T07:13:33","guid":{"rendered":"https:\/\/davidhorn.com\/integrations-et-api\/"},"modified":"2025-09-12T12:14:54","modified_gmt":"2025-09-12T10:14:54","slug":"integrations-et-api","status":"publish","type":"page","link":"https:\/\/davidhorn.com\/fr\/integrations-et-api\/","title":{"rendered":"Int\u00e9grations et API"},"content":{"rendered":"\n<div class=\"wp-block-columns alignfull are-vertically-aligned-center is-layout-flex wp-container-core-columns-is-layout-7fc3d43a wp-block-columns-is-layout-flex\">\n<div class=\"wp-block-column is-vertically-aligned-center is-layout-flow wp-block-column-is-layout-flow\" style=\"flex-basis:45%\">\n<div class=\"wp-block-cover is-light cover-50-mobile\" style=\"min-height:70vh;aspect-ratio:unset;\"><img loading=\"lazy\" decoding=\"async\" width=\"2119\" height=\"2560\" class=\"wp-block-cover__image-background wp-image-2273\" alt=\"enregistrement d'entretiens Davidhorn\" src=\"https:\/\/d3pwq9e4hibwhv.cloudfront.net\/wp-content\/uploads\/2024\/06\/26141515\/integrations-scaled.jpg\" data-object-fit=\"cover\" srcset=\"https:\/\/d3pwq9e4hibwhv.cloudfront.net\/wp-content\/uploads\/2024\/06\/26141515\/integrations-scaled.jpg 2119w, https:\/\/d3pwq9e4hibwhv.cloudfront.net\/wp-content\/uploads\/2024\/06\/26141515\/integrations-248x300.jpg 248w, https:\/\/d3pwq9e4hibwhv.cloudfront.net\/wp-content\/uploads\/2024\/06\/26141515\/integrations-847x1024.jpg 847w, https:\/\/d3pwq9e4hibwhv.cloudfront.net\/wp-content\/uploads\/2024\/06\/26141515\/integrations-768x928.jpg 768w, https:\/\/d3pwq9e4hibwhv.cloudfront.net\/wp-content\/uploads\/2024\/06\/26141515\/integrations-1271x1536.jpg 1271w, https:\/\/d3pwq9e4hibwhv.cloudfront.net\/wp-content\/uploads\/2024\/06\/26141515\/integrations-1695x2048.jpg 1695w\" sizes=\"auto, (max-width: 2119px) 100vw, 2119px\" \/><span aria-hidden=\"true\" class=\"wp-block-cover__background has-background-dim-0 has-background-dim\" style=\"background-color:#8c8685\"><\/span><div class=\"wp-block-cover__inner-container has-global-padding is-layout-constrained wp-block-cover-is-layout-constrained\">\n<p class=\"has-text-align-center has-large-font-size\"><\/p>\n<\/div><\/div>\n<\/div>\n\n\n\n<div class=\"wp-block-column is-vertically-aligned-center is-layout-flow wp-block-column-is-layout-flow\">\n<div class=\"wp-block-group has-global-padding is-content-justification-left is-layout-constrained wp-container-core-group-is-layout-ee720ff1 wp-block-group-is-layout-constrained\" style=\"padding-top:var(--wp--preset--spacing--40);padding-right:var(--wp--preset--spacing--30);padding-bottom:var(--wp--preset--spacing--40);padding-left:var(--wp--preset--spacing--30)\">\n<h1 class=\"wp-block-heading has-display-small-font-size\" id=\"h-integrations-et-configurations-de-systemes\" style=\"line-height:1.1\">Int\u00e9grations et configurations de syst\u00e8mes<\/h1>\n\n\n\n<div style=\"height:5px\" aria-hidden=\"true\" class=\"wp-block-spacer\"><\/div>\n\n\n\n<p>Simplifiez l&rsquo;int\u00e9gration de syst\u00e8mes, la surveillance et le transfert de m\u00e9tadonn\u00e9es vers et depuis les syst\u00e8mes RMS \/ DEMS de la police gr\u00e2ce aux int\u00e9grations API de Davidhorn et \u00e0 un panneau d&rsquo;administration robuste et convivial destin\u00e9 aux d\u00e9veloppeurs.<\/p>\n\n\n\n<div style=\"height:10px\" aria-hidden=\"true\" class=\"wp-block-spacer\"><\/div>\n\n\n\n<div class=\"wp-block-buttons is-layout-flex wp-block-buttons-is-layout-flex\">\n<div class=\"wp-block-button is-style-arrow-btn\"><a class=\"wp-block-button__link wp-element-button\" href=\"https:\/\/davidhorn.com\/fr\/reservez-une-demonstration\/\">R\u00e9server une d\u00e9mo<\/a><\/div>\n<\/div>\n<\/div>\n<\/div>\n<\/div>\n\n\n\n<section class=\"wp-block-group has-secondary-background-color has-background has-global-padding is-layout-constrained wp-block-group-is-layout-constrained\" style=\"margin-top:0;margin-bottom:var(--wp--preset--spacing--80);padding-top:var(--wp--preset--spacing--40);padding-bottom:var(--wp--preset--spacing--40)\">\n<h2 class=\"wp-block-heading has-text-align-center has-white-color has-text-color has-link-color wp-elements-0212f21f1359662bdc4924e93eafe3d0\" id=\"h-deployable-sur\">D\u00e9ployable sur<\/h2>\n\n\n\n<figure class=\"wp-block-image size-large\"><img loading=\"lazy\" decoding=\"async\" width=\"1024\" height=\"168\" src=\"https:\/\/d3pwq9e4hibwhv.cloudfront.net\/wp-content\/uploads\/2024\/06\/21153044\/deployable-on-1024x168.png\" alt=\"Visuel montrant la compatibilit\u00e9 des plateformes pour l'Ark et les interviews recordings de Davidhorn, mettant en \u00e9vidence la d\u00e9ployabilit\u00e9 sur Microsoft, Linux, Kubernetes, AWS et Google Cloud - id\u00e9al pour l'h\u00e9bergement de preuves d'interviews num\u00e9riques par les forces de l'ordre et la s\u00e9curisation de la cha\u00eene de preuves.\" class=\"wp-image-1545\" srcset=\"https:\/\/d3pwq9e4hibwhv.cloudfront.net\/wp-content\/uploads\/2024\/06\/21153044\/deployable-on-1024x168.png 1024w, https:\/\/d3pwq9e4hibwhv.cloudfront.net\/wp-content\/uploads\/2024\/06\/21153044\/deployable-on-300x49.png 300w, https:\/\/d3pwq9e4hibwhv.cloudfront.net\/wp-content\/uploads\/2024\/06\/21153044\/deployable-on-768x126.png 768w, https:\/\/d3pwq9e4hibwhv.cloudfront.net\/wp-content\/uploads\/2024\/06\/21153044\/deployable-on-1536x252.png 1536w, https:\/\/d3pwq9e4hibwhv.cloudfront.net\/wp-content\/uploads\/2024\/06\/21153044\/deployable-on-2048x336.png 2048w\" sizes=\"auto, (max-width: 1024px) 100vw, 1024px\" \/><\/figure>\n<\/section>\n\n\n\n<div class=\"wp-block-group alignwide has-global-padding is-layout-constrained wp-block-group-is-layout-constrained\">\n<div class=\"wp-block-columns alignwide are-vertically-aligned-top is-layout-flex wp-container-core-columns-is-layout-4c1dd492 wp-block-columns-is-layout-flex\" style=\"margin-top:var(--wp--preset--spacing--80);margin-bottom:var(--wp--preset--spacing--80)\">\n<div class=\"wp-block-column is-vertically-aligned-top is-layout-flow wp-block-column-is-layout-flow\">\n<div class=\"wp-block-group heading-underline has-global-padding is-layout-constrained wp-block-group-is-layout-constrained\" style=\"margin-top:0;margin-bottom:var(--wp--preset--spacing--30)\">\n<h2 class=\"wp-block-heading has-display-medium-font-size\" id=\"h-surveillez-votre-systeme-en-un-seul-endroit\"><span style=\"white-space:pre-wrap;\">Surveillez votre syst\u00e8me en un seul endroit<\/span><\/h2>\n<\/div>\n<\/div>\n\n\n\n<div class=\"wp-block-column is-vertically-aligned-top is-layout-flow wp-block-column-is-layout-flow\">\n<p class=\"is-style-lead\">Observez et contr\u00f4lez vos syst\u00e8mes en un seul endroit et en temps r\u00e9el.<br>Davidhorn offre de solides capacit\u00e9s d&rsquo;int\u00e9gration pour aider les administrateurs de syst\u00e8mes informatiques \u00e0 \u00e9quiper leurs \u00e9quipes pour la justice.<\/p>\n\n\n\n<p>Dot\u00e9 de fonctions compl\u00e8tes de gestion du contenu et de configuration, le panneau d&rsquo;administration Davidhorn garantit que les preuves sont saisies et conserv\u00e9es en toute s\u00e9curit\u00e9 et dans le respect des r\u00e8gles. Le panneau est accompagn\u00e9 d&rsquo;une documentation d\u00e9taill\u00e9e \u00e0 l&rsquo;intention des d\u00e9veloppeurs. <\/p>\n<\/div>\n<\/div>\n<\/div>\n\n\n\n<section class=\"wp-block-group has-global-padding is-layout-constrained wp-block-group-is-layout-constrained\" style=\"margin-top:var(--wp--preset--spacing--80);margin-bottom:var(--wp--preset--spacing--80)\">\n<div class=\"wp-block-columns alignwide is-layout-flex wp-container-core-columns-is-layout-28f84493 wp-block-columns-is-layout-flex\">\n<div class=\"wp-block-column is-layout-flow wp-block-column-is-layout-flow\">\n<div class=\"wp-block-columns are-vertically-aligned-center is-not-stacked-on-mobile is-layout-flex wp-container-core-columns-is-layout-28f84493 wp-block-columns-is-layout-flex\">\n<div class=\"wp-block-column is-vertically-aligned-center is-layout-flow wp-block-column-is-layout-flow\">\n<h3 class=\"wp-block-heading\" id=\"h-configurer-et-gerer-le-contenu-les-appareils-et-les-utilisateurs\">Configurer et g\u00e9rer le contenu, les appareils et les utilisateurs<br><\/h3>\n\n\n\n<p class=\"has-medium-font-size\">Cr\u00e9ez des mod\u00e8les d&rsquo;enregistrement personnalis\u00e9s et configurez les param\u00e8tres relatifs aux clients, aux services, aux autorisations et \u00e0 la conservation afin de refl\u00e9ter les m\u00e9thodes de travail de votre organisation et de votre \u00e9quipe.<\/p>\n<\/div>\n<\/div>\n<\/div>\n\n\n\n<div class=\"wp-block-column is-layout-flow wp-block-column-is-layout-flow\">\n<div class=\"wp-block-columns are-vertically-aligned-center is-not-stacked-on-mobile is-layout-flex wp-container-core-columns-is-layout-28f84493 wp-block-columns-is-layout-flex\">\n<div class=\"wp-block-column is-vertically-aligned-center is-layout-flow wp-block-column-is-layout-flow\">\n<h3 class=\"wp-block-heading\" id=\"h-integration-avec-d-autres-systemes-rms-dems\">Int\u00e9gration avec d&rsquo;autres syst\u00e8mes RMS \/ DEMS  <br><\/h3>\n\n\n\n<p class=\"has-medium-font-size\">Les int\u00e9grations API de Davidhorn peuvent extraire les m\u00e9tadonn\u00e9es des syst\u00e8mes de garde \u00e0 vue (RMS) et les transmettre \u00e0 des syst\u00e8mes tiers de preuves num\u00e9riques \/ d&rsquo;actifs<a href=\"https:\/\/assets.publishing.service.gov.uk\/media\/62582bd7d3bf7f6002963966\/DIMP_v3.0.pdf\">(DEMS\/DAMS)<\/a>, automatisant ainsi le transfert de preuves entre les syst\u00e8mes et supprimant la n\u00e9cessit\u00e9 d&rsquo;une saisie manuelle des donn\u00e9es.  <\/p>\n<\/div>\n<\/div>\n<\/div>\n<\/div>\n<\/section>\n\n\n\n<section class=\"wp-block-group has-global-padding is-layout-constrained wp-block-group-is-layout-constrained\" style=\"margin-top:var(--wp--preset--spacing--80);margin-bottom:var(--wp--preset--spacing--80)\">\n<div class=\"wp-block-group alignwide is-layout-flow wp-block-group-is-layout-flow\">\n<h2 class=\"wp-block-heading\" id=\"h-vous-pourriez-aussi-aimer\">Vous pourriez aussi aimer<\/h2>\n\n\n\n<div class=\"align wp-block-site-carousel\" id=\"block-4aabf4915517a6c3b423af34cd577b7a\">\n\n<div class=\"swiper\">\n\t<div class=\"swiper-button-prev\"><\/div>\n\t<div class=\"swiper-button-next\"><\/div>\n\t<ul class=\"carousel carousel__container swiper-wrapper\">\n\t\t\t\t\t\t\t\t\t<li class=\"carousel__item swiper-slide\">\n\t\t\t\t\t<a href=\"https:\/\/davidhorn.com\/fr\/product\/gestion-des-entretiens-a-lark\/\">\n\t\t\t\t\t\t\t\t\t\t\t\t\t<figure class=\"carousel__figure\">\n\t\t\t\t\t\t\t\t<img decoding=\"async\" src=\"https:\/\/d3pwq9e4hibwhv.cloudfront.net\/wp-content\/uploads\/2024\/06\/26094613\/DSCF1093_1-1-1024x683.jpg\">\n\t\t\t\t\t\t\t<\/figure>\n\t\t\t\t\t\t\t\t\t\t\t\t<div class=\"carousel__item-content\">\n\t\t\t\t\t\t\t<h2 class=\"carousel__item-title\">Logiciel Ark &#8211; Gestion d&rsquo;entretiens policiers et preuves num\u00e9riques<\/h2>\n\t\t\t\t\t\t\t<p class=\"carousel__item-excerpt\"><p>Recevoir, contr\u00f4ler et conserver les preuves tout au long de leur dur\u00e9e de vie.<\/p>\n<\/p>\n\t\t\t\t\t\t<\/div>\n\t\t\t\t\t<\/a>\n\t\t\t\t<\/li>\n\t\t\t\t\t\t\t<li class=\"carousel__item swiper-slide\">\n\t\t\t\t\t<a href=\"https:\/\/davidhorn.com\/fr\/product\/capture\/\">\n\t\t\t\t\t\t\t\t\t\t\t\t\t<figure class=\"carousel__figure\">\n\t\t\t\t\t\t\t\t<img decoding=\"async\" src=\"https:\/\/d3pwq9e4hibwhv.cloudfront.net\/wp-content\/uploads\/2024\/06\/22070457\/Mobile_product-1024x1007.jpg\">\n\t\t\t\t\t\t\t<\/figure>\n\t\t\t\t\t\t\t\t\t\t\t\t<div class=\"carousel__item-content\">\n\t\t\t\t\t\t\t<h2 class=\"carousel__item-title\">Capture &#8211; Enregistrement d&rsquo;entretiens mobiles<\/h2>\n\t\t\t\t\t\t\t<p class=\"carousel__item-excerpt\"><p>Enregistreur d&rsquo;application mobile pour capturer des preuves en d\u00e9placement.<\/p>\n<\/p>\n\t\t\t\t\t\t<\/div>\n\t\t\t\t\t<\/a>\n\t\t\t\t<\/li>\n\t\t\t\t\t\t\t<li class=\"carousel__item swiper-slide\">\n\t\t\t\t\t<a href=\"https:\/\/davidhorn.com\/fr\/product\/enregistreur-portable\/\">\n\t\t\t\t\t\t\t\t\t\t\t\t\t<figure class=\"carousel__figure\">\n\t\t\t\t\t\t\t\t<img decoding=\"async\" src=\"https:\/\/d3pwq9e4hibwhv.cloudfront.net\/wp-content\/uploads\/2024\/05\/18111442\/DSCF0515-683x1024.jpg\">\n\t\t\t\t\t\t\t<\/figure>\n\t\t\t\t\t\t\t\t\t\t\t\t<div class=\"carousel__item-content\">\n\t\t\t\t\t\t\t<h2 class=\"carousel__item-title\">Enregistreur portable d&rsquo;entretiens policiers<\/h2>\n\t\t\t\t\t\t\t<p class=\"carousel__item-excerpt\"><p>Enregistreur d&rsquo;entretien l\u00e9ger, conforme \u00e0 la norme PACE, pour tout type d&rsquo;environnement.<\/p>\n<\/p>\n\t\t\t\t\t\t<\/div>\n\t\t\t\t\t<\/a>\n\t\t\t\t<\/li>\n\t\t\t\t\t\t\t<li class=\"carousel__item swiper-slide\">\n\t\t\t\t\t<a href=\"https:\/\/davidhorn.com\/fr\/product\/enregistreur-fixe\/\">\n\t\t\t\t\t\t\t\t\t\t\t\t\t<figure class=\"carousel__figure\">\n\t\t\t\t\t\t\t\t<img decoding=\"async\" src=\"https:\/\/d3pwq9e4hibwhv.cloudfront.net\/wp-content\/uploads\/2024\/06\/18110937\/DSCF0669-1-1024x683.jpg\">\n\t\t\t\t\t\t\t<\/figure>\n\t\t\t\t\t\t\t\t\t\t\t\t<div class=\"carousel__item-content\">\n\t\t\t\t\t\t\t<h2 class=\"carousel__item-title\">Enregistreur fixe d&rsquo;entretiens policiers HD<\/h2>\n\t\t\t\t\t\t\t<p class=\"carousel__item-excerpt\"><p>Enregistreur HD fixe pour les salles d&rsquo;interrogatoire de haute s\u00e9curit\u00e9.<\/p>\n<\/p>\n\t\t\t\t\t\t<\/div>\n\t\t\t\t\t<\/a>\n\t\t\t\t<\/li>\n\t\t\t\t\t\t\t\t\t<\/ul>\n<\/div>\n<div class=\"swiper-pagination\"><\/div>\n\n<\/div>\n<\/div>\n<\/section>\n","protected":false},"excerpt":{"rendered":"<p>Int\u00e9grations et configurations de syst\u00e8mes Simplifiez l&rsquo;int\u00e9gration de syst\u00e8mes, la surveillance et le&#8230;<\/p>\n","protected":false},"author":1,"featured_media":2274,"parent":0,"menu_order":0,"comment_status":"closed","ping_status":"closed","template":"","meta":{"_acf_changed":false,"inline_featured_image":false,"footnotes":""},"class_list":["post-9220","page","type-page","status-publish","has-post-thumbnail","hentry"],"acf":[],"yoast_head":"<!-- This site is optimized with the Yoast SEO Premium plugin v27.3 (Yoast SEO v27.3) - https:\/\/yoast.com\/product\/yoast-seo-premium-wordpress\/ -->\n<title>Davidhorn<\/title>\n<meta name=\"description\" content=\"Simplifiez la surveillance du syst\u00e8me et le transfert de donn\u00e9es vers et depuis les syst\u00e8mes RMS ou DEMS \/ DAMS gr\u00e2ce aux int\u00e9grations API de Davidhorn et \u00e0 un panneau d&#039;administration robuste.\" \/>\n<meta name=\"robots\" content=\"index, follow, max-snippet:-1, max-image-preview:large, max-video-preview:-1\" \/>\n<link rel=\"canonical\" href=\"https:\/\/davidhorn.com\/fr\/integrations-et-api\/\" \/>\n<meta property=\"og:locale\" content=\"fr_FR\" \/>\n<meta property=\"og:type\" content=\"article\" \/>\n<meta property=\"og:title\" content=\"Int\u00e9grations et API\" \/>\n<meta property=\"og:description\" content=\"Simplifiez la surveillance du syst\u00e8me et le transfert de donn\u00e9es vers et depuis les syst\u00e8mes RMS ou DEMS \/ DAMS gr\u00e2ce aux int\u00e9grations API de Davidhorn et \u00e0 un panneau d&#039;administration robuste.\" \/>\n<meta property=\"og:url\" content=\"https:\/\/davidhorn.com\/fr\/integrations-et-api\/\" \/>\n<meta property=\"og:site_name\" content=\"Davidhorn\" \/>\n<meta property=\"article:publisher\" content=\"https:\/\/www.facebook.com\/Equipped.for.Justice\/\" \/>\n<meta property=\"article:modified_time\" content=\"2025-09-12T10:14:54+00:00\" \/>\n<meta property=\"og:image\" content=\"https:\/\/d3pwq9e4hibwhv.cloudfront.net\/wp-content\/uploads\/2024\/06\/26141515\/integrations-scaled.jpg\" \/>\n\t<meta property=\"og:image:width\" content=\"2119\" \/>\n\t<meta property=\"og:image:height\" content=\"2560\" \/>\n\t<meta property=\"og:image:type\" content=\"image\/jpeg\" \/>\n<meta name=\"twitter:card\" content=\"summary_large_image\" \/>\n<meta name=\"twitter:label1\" content=\"Temps de lecture estim\u00e9 \" \/>\n\t<meta name=\"twitter:data1\" content=\"2 minute\" \/>\n<script type=\"application\/ld+json\" class=\"yoast-schema-graph\">{\"@context\":\"https:\\\/\\\/schema.org\",\"@graph\":[{\"@type\":\"WebPage\",\"@id\":\"https:\\\/\\\/davidhorn.com\\\/fr\\\/integrations-et-api\\\/\",\"url\":\"https:\\\/\\\/davidhorn.com\\\/fr\\\/integrations-et-api\\\/\",\"name\":\"Int\u00e9grations et configurations RMS \\\/ DEMS - Davidhorn %.\",\"isPartOf\":{\"@id\":\"https:\\\/\\\/davidhorn.com\\\/#website\"},\"primaryImageOfPage\":{\"@id\":\"https:\\\/\\\/davidhorn.com\\\/fr\\\/integrations-et-api\\\/#primaryimage\"},\"image\":{\"@id\":\"https:\\\/\\\/davidhorn.com\\\/fr\\\/integrations-et-api\\\/#primaryimage\"},\"thumbnailUrl\":\"https:\\\/\\\/d3pwq9e4hibwhv.cloudfront.net\\\/wp-content\\\/uploads\\\/2024\\\/06\\\/26141515\\\/integrations-scaled.jpg\",\"datePublished\":\"2024-05-28T07:13:33+00:00\",\"dateModified\":\"2025-09-12T10:14:54+00:00\",\"description\":\"Simplifiez la surveillance du syst\u00e8me et le transfert de donn\u00e9es vers et depuis les syst\u00e8mes RMS ou DEMS \\\/ DAMS gr\u00e2ce aux int\u00e9grations API de Davidhorn et \u00e0 un panneau d'administration robuste.\",\"breadcrumb\":{\"@id\":\"https:\\\/\\\/davidhorn.com\\\/fr\\\/integrations-et-api\\\/#breadcrumb\"},\"inLanguage\":\"fr-FR\",\"potentialAction\":[{\"@type\":\"ReadAction\",\"target\":[\"https:\\\/\\\/davidhorn.com\\\/fr\\\/integrations-et-api\\\/\"]}]},{\"@type\":\"ImageObject\",\"inLanguage\":\"fr-FR\",\"@id\":\"https:\\\/\\\/davidhorn.com\\\/fr\\\/integrations-et-api\\\/#primaryimage\",\"url\":\"https:\\\/\\\/d3pwq9e4hibwhv.cloudfront.net\\\/wp-content\\\/uploads\\\/2024\\\/06\\\/26141515\\\/integrations-scaled.jpg\",\"contentUrl\":\"https:\\\/\\\/d3pwq9e4hibwhv.cloudfront.net\\\/wp-content\\\/uploads\\\/2024\\\/06\\\/26141515\\\/integrations-scaled.jpg\",\"width\":2119,\"height\":2560,\"caption\":\"Abstract graphic featuring a central black tile with a Davidhorn logo, surrounded by light gray tiles displaying icons for network connectivity, media playback, transcription, and other features for law enforcement agencies\u2014representing configurable modules in Davidhorn\u2019s software integration with RMS and DEMS systems for secure digital interview recording and evidence management.\"},{\"@type\":\"BreadcrumbList\",\"@id\":\"https:\\\/\\\/davidhorn.com\\\/fr\\\/integrations-et-api\\\/#breadcrumb\",\"itemListElement\":[{\"@type\":\"ListItem\",\"position\":1,\"name\":\"Accueil\",\"item\":\"https:\\\/\\\/davidhorn.com\\\/fr\\\/\"},{\"@type\":\"ListItem\",\"position\":2,\"name\":\"Int\u00e9grations et API\"}]},{\"@type\":\"WebSite\",\"@id\":\"https:\\\/\\\/davidhorn.com\\\/#website\",\"url\":\"https:\\\/\\\/davidhorn.com\\\/\",\"name\":\"Davidhorn\",\"description\":\"\",\"publisher\":{\"@id\":\"https:\\\/\\\/davidhorn.com\\\/#organization\"},\"potentialAction\":[{\"@type\":\"SearchAction\",\"target\":{\"@type\":\"EntryPoint\",\"urlTemplate\":\"https:\\\/\\\/davidhorn.com\\\/?s={search_term_string}\"},\"query-input\":{\"@type\":\"PropertyValueSpecification\",\"valueRequired\":true,\"valueName\":\"search_term_string\"}}],\"inLanguage\":\"fr-FR\"},{\"@type\":\"Organization\",\"@id\":\"https:\\\/\\\/davidhorn.com\\\/#organization\",\"name\":\"Davidhorn\",\"url\":\"https:\\\/\\\/davidhorn.com\\\/\",\"logo\":{\"@type\":\"ImageObject\",\"inLanguage\":\"fr-FR\",\"@id\":\"https:\\\/\\\/davidhorn.com\\\/#\\\/schema\\\/logo\\\/image\\\/\",\"url\":\"https:\\\/\\\/d3pwq9e4hibwhv.cloudfront.net\\\/wp-content\\\/uploads\\\/2024\\\/05\\\/29122828\\\/primary-1.svg\",\"contentUrl\":\"https:\\\/\\\/d3pwq9e4hibwhv.cloudfront.net\\\/wp-content\\\/uploads\\\/2024\\\/05\\\/29122828\\\/primary-1.svg\",\"width\":200,\"height\":32,\"caption\":\"Davidhorn\"},\"image\":{\"@id\":\"https:\\\/\\\/davidhorn.com\\\/#\\\/schema\\\/logo\\\/image\\\/\"},\"sameAs\":[\"https:\\\/\\\/www.facebook.com\\\/Equipped.for.Justice\\\/\",\"https:\\\/\\\/www.linkedin.com\\\/company\\\/davidhorn\",\"https:\\\/\\\/www.instagram.com\\\/davidhorn_company\"]}]}<\/script>\n<!-- \/ Yoast SEO Premium plugin. -->","yoast_head_json":{"title":"Davidhorn","description":"Simplifiez la surveillance du syst\u00e8me et le transfert de donn\u00e9es vers et depuis les syst\u00e8mes RMS ou DEMS \/ DAMS gr\u00e2ce aux int\u00e9grations API de Davidhorn et \u00e0 un panneau d'administration robuste.","robots":{"index":"index","follow":"follow","max-snippet":"max-snippet:-1","max-image-preview":"max-image-preview:large","max-video-preview":"max-video-preview:-1"},"canonical":"https:\/\/davidhorn.com\/fr\/integrations-et-api\/","og_locale":"fr_FR","og_type":"article","og_title":"Int\u00e9grations et API","og_description":"Simplifiez la surveillance du syst\u00e8me et le transfert de donn\u00e9es vers et depuis les syst\u00e8mes RMS ou DEMS \/ DAMS gr\u00e2ce aux int\u00e9grations API de Davidhorn et \u00e0 un panneau d'administration robuste.","og_url":"https:\/\/davidhorn.com\/fr\/integrations-et-api\/","og_site_name":"Davidhorn","article_publisher":"https:\/\/www.facebook.com\/Equipped.for.Justice\/","article_modified_time":"2025-09-12T10:14:54+00:00","og_image":[{"width":2119,"height":2560,"url":"https:\/\/d3pwq9e4hibwhv.cloudfront.net\/wp-content\/uploads\/2024\/06\/26141515\/integrations-scaled.jpg","type":"image\/jpeg"}],"twitter_card":"summary_large_image","twitter_misc":{"Temps de lecture estim\u00e9 ":"2 minute"},"schema":{"@context":"https:\/\/schema.org","@graph":[{"@type":"WebPage","@id":"https:\/\/davidhorn.com\/fr\/integrations-et-api\/","url":"https:\/\/davidhorn.com\/fr\/integrations-et-api\/","name":"Int\u00e9grations et configurations RMS \/ DEMS - Davidhorn %.","isPartOf":{"@id":"https:\/\/davidhorn.com\/#website"},"primaryImageOfPage":{"@id":"https:\/\/davidhorn.com\/fr\/integrations-et-api\/#primaryimage"},"image":{"@id":"https:\/\/davidhorn.com\/fr\/integrations-et-api\/#primaryimage"},"thumbnailUrl":"https:\/\/d3pwq9e4hibwhv.cloudfront.net\/wp-content\/uploads\/2024\/06\/26141515\/integrations-scaled.jpg","datePublished":"2024-05-28T07:13:33+00:00","dateModified":"2025-09-12T10:14:54+00:00","description":"Simplifiez la surveillance du syst\u00e8me et le transfert de donn\u00e9es vers et depuis les syst\u00e8mes RMS ou DEMS \/ DAMS gr\u00e2ce aux int\u00e9grations API de Davidhorn et \u00e0 un panneau d'administration robuste.","breadcrumb":{"@id":"https:\/\/davidhorn.com\/fr\/integrations-et-api\/#breadcrumb"},"inLanguage":"fr-FR","potentialAction":[{"@type":"ReadAction","target":["https:\/\/davidhorn.com\/fr\/integrations-et-api\/"]}]},{"@type":"ImageObject","inLanguage":"fr-FR","@id":"https:\/\/davidhorn.com\/fr\/integrations-et-api\/#primaryimage","url":"https:\/\/d3pwq9e4hibwhv.cloudfront.net\/wp-content\/uploads\/2024\/06\/26141515\/integrations-scaled.jpg","contentUrl":"https:\/\/d3pwq9e4hibwhv.cloudfront.net\/wp-content\/uploads\/2024\/06\/26141515\/integrations-scaled.jpg","width":2119,"height":2560,"caption":"Abstract graphic featuring a central black tile with a Davidhorn logo, surrounded by light gray tiles displaying icons for network connectivity, media playback, transcription, and other features for law enforcement agencies\u2014representing configurable modules in Davidhorn\u2019s software integration with RMS and DEMS systems for secure digital interview recording and evidence management."},{"@type":"BreadcrumbList","@id":"https:\/\/davidhorn.com\/fr\/integrations-et-api\/#breadcrumb","itemListElement":[{"@type":"ListItem","position":1,"name":"Accueil","item":"https:\/\/davidhorn.com\/fr\/"},{"@type":"ListItem","position":2,"name":"Int\u00e9grations et API"}]},{"@type":"WebSite","@id":"https:\/\/davidhorn.com\/#website","url":"https:\/\/davidhorn.com\/","name":"Davidhorn","description":"","publisher":{"@id":"https:\/\/davidhorn.com\/#organization"},"potentialAction":[{"@type":"SearchAction","target":{"@type":"EntryPoint","urlTemplate":"https:\/\/davidhorn.com\/?s={search_term_string}"},"query-input":{"@type":"PropertyValueSpecification","valueRequired":true,"valueName":"search_term_string"}}],"inLanguage":"fr-FR"},{"@type":"Organization","@id":"https:\/\/davidhorn.com\/#organization","name":"Davidhorn","url":"https:\/\/davidhorn.com\/","logo":{"@type":"ImageObject","inLanguage":"fr-FR","@id":"https:\/\/davidhorn.com\/#\/schema\/logo\/image\/","url":"https:\/\/d3pwq9e4hibwhv.cloudfront.net\/wp-content\/uploads\/2024\/05\/29122828\/primary-1.svg","contentUrl":"https:\/\/d3pwq9e4hibwhv.cloudfront.net\/wp-content\/uploads\/2024\/05\/29122828\/primary-1.svg","width":200,"height":32,"caption":"Davidhorn"},"image":{"@id":"https:\/\/davidhorn.com\/#\/schema\/logo\/image\/"},"sameAs":["https:\/\/www.facebook.com\/Equipped.for.Justice\/","https:\/\/www.linkedin.com\/company\/davidhorn","https:\/\/www.instagram.com\/davidhorn_company"]}]}},"_links":{"self":[{"href":"https:\/\/davidhorn.com\/fr\/wp-json\/wp\/v2\/pages\/9220","targetHints":{"allow":["GET"]}}],"collection":[{"href":"https:\/\/davidhorn.com\/fr\/wp-json\/wp\/v2\/pages"}],"about":[{"href":"https:\/\/davidhorn.com\/fr\/wp-json\/wp\/v2\/types\/page"}],"author":[{"embeddable":true,"href":"https:\/\/davidhorn.com\/fr\/wp-json\/wp\/v2\/users\/1"}],"replies":[{"embeddable":true,"href":"https:\/\/davidhorn.com\/fr\/wp-json\/wp\/v2\/comments?post=9220"}],"version-history":[{"count":8,"href":"https:\/\/davidhorn.com\/fr\/wp-json\/wp\/v2\/pages\/9220\/revisions"}],"predecessor-version":[{"id":14548,"href":"https:\/\/davidhorn.com\/fr\/wp-json\/wp\/v2\/pages\/9220\/revisions\/14548"}],"wp:featuredmedia":[{"embeddable":true,"href":"https:\/\/davidhorn.com\/fr\/wp-json\/wp\/v2\/media\/2274"}],"wp:attachment":[{"href":"https:\/\/davidhorn.com\/fr\/wp-json\/wp\/v2\/media?parent=9220"}],"curies":[{"name":"wp","href":"https:\/\/api.w.org\/{rel}","templated":true}]}}