{"id":9237,"date":"2024-06-26T10:06:45","date_gmt":"2024-06-26T10:06:45","guid":{"rendered":"https:\/\/davidhorn.com\/logiciel-foclar\/"},"modified":"2025-07-29T08:20:03","modified_gmt":"2025-07-29T06:20:03","slug":"logiciel-foclar","status":"publish","type":"page","link":"https:\/\/davidhorn.com\/fr\/logiciel-foclar\/","title":{"rendered":"Logiciel Foclar"},"content":{"rendered":"\n<div class=\"wp-block-cover alignfull is-light\" style=\"min-height:70vh;aspect-ratio:unset;\"><span aria-hidden=\"true\" class=\"wp-block-cover__background has-secondary-background-color has-background-dim-40 has-background-dim\"><\/span><img loading=\"lazy\" decoding=\"async\" width=\"1152\" height=\"1005\" class=\"wp-block-cover__image-background wp-image-1721\" alt=\"\" src=\"https:\/\/d3pwq9e4hibwhv.cloudfront.net\/wp-content\/uploads\/2024\/06\/24123504\/image-1.png\" data-object-fit=\"cover\" srcset=\"https:\/\/d3pwq9e4hibwhv.cloudfront.net\/wp-content\/uploads\/2024\/06\/24123504\/image-1.png 1152w, https:\/\/d3pwq9e4hibwhv.cloudfront.net\/wp-content\/uploads\/2024\/06\/24123504\/image-1-300x262.png 300w, https:\/\/d3pwq9e4hibwhv.cloudfront.net\/wp-content\/uploads\/2024\/06\/24123504\/image-1-1024x893.png 1024w, https:\/\/d3pwq9e4hibwhv.cloudfront.net\/wp-content\/uploads\/2024\/06\/24123504\/image-1-768x670.png 768w\" sizes=\"auto, (max-width: 1152px) 100vw, 1152px\" \/><div class=\"wp-block-cover__inner-container is-layout-flow wp-block-cover-is-layout-flow\">\n<div class=\"wp-block-group has-global-padding is-layout-constrained wp-block-group-is-layout-constrained\">\n<div class=\"wp-block-columns alignwide is-layout-flex wp-container-core-columns-is-layout-28f84493 wp-block-columns-is-layout-flex\">\n<div class=\"wp-block-column has-global-padding is-layout-constrained wp-block-column-is-layout-constrained\" style=\"flex-basis:420px\">\n<h1 class=\"wp-block-heading has-white-color has-text-color has-link-color has-display-font-size wp-elements-090758f198015330fd62952e5283946a\" style=\"line-height:1.4\">Foclar<\/h1>\n\n\n\n<p class=\"has-white-color has-text-color has-link-color wp-elements-9517f08d9a1974cb994b5e935010e604\">Davidhorn est un revendeur officiel du logiciel Foclar au Royaume-Uni. Foclar permet aux forces de l&rsquo;ordre d&rsquo;obtenir des informations exploitables \u00e0 partir d&rsquo;images num\u00e9riques en traduisant des m\u00e9thodes scientifiques en applications logicielles intuitives. <\/p>\n\n\n\n<div class=\"wp-block-buttons is-layout-flex wp-block-buttons-is-layout-flex\">\n<div class=\"wp-block-button is-style-arrow-btn\"><a class=\"wp-block-button__link wp-element-button\" href=\"https:\/\/davidhorn.com\/fr\/reservez-une-demonstration\/\">R\u00e9server une d\u00e9mo<\/a><\/div>\n<\/div>\n<\/div>\n\n\n\n<div class=\"wp-block-column is-layout-flow wp-block-column-is-layout-flow\"><\/div>\n<\/div>\n<\/div>\n<\/div><\/div>\n\n<section class=\"wp-block-group has-global-padding is-layout-constrained wp-block-group-is-layout-constrained\" style=\"margin-top:var(--wp--preset--spacing--80);margin-bottom:var(--wp--preset--spacing--80)\">\n<div class=\"wp-block-columns alignwide is-layout-flex wp-container-core-columns-is-layout-28f84493 wp-block-columns-is-layout-flex\">\n<div class=\"wp-block-column is-layout-flow wp-block-column-is-layout-flow\">\n<figure class=\"wp-block-image size-large is-resized\"><img decoding=\"async\" src=\"https:\/\/ucarecdn.com\/867abd53-26e1-4e26-aaee-0e1a1ac304d9\/-\/quality\/smart\/product-impress-new-grey.png?v=1623670421\" alt=\"\" style=\"width:183px;height:auto\"\/><\/figure>\n\n\n\n<div class=\"wp-block-columns are-vertically-aligned-center is-not-stacked-on-mobile is-layout-flex wp-container-core-columns-is-layout-28f84493 wp-block-columns-is-layout-flex\">\n<div class=\"wp-block-column is-vertically-aligned-center is-layout-flow wp-block-column-is-layout-flow\">\n<h3 class=\"wp-block-heading\">Foclar Impress<\/h3>\n\n\n\n<p class=\"has-medium-font-size\">Une bo\u00eete \u00e0 outils compl\u00e8te pour l&rsquo;am\u00e9lioration d&rsquo;images de mauvaise qualit\u00e9 afin d&rsquo;en extraire des informations et de monter un dossier.<\/p>\n<\/div>\n<\/div>\n\n\n\n<div class=\"wp-block-buttons is-layout-flex wp-block-buttons-is-layout-flex\">\n<div class=\"wp-block-button is-style-link\"><a class=\"wp-block-button__link wp-element-button\" href=\"https:\/\/foclar.com\/products\/impress\" target=\"_blank\" rel=\"noreferrer noopener\">En savoir plus<\/a><\/div>\n<\/div>\n<\/div>\n\n\n\n<div class=\"wp-block-column is-layout-flow wp-block-column-is-layout-flow\">\n<div class=\"wp-block-columns are-vertically-aligned-center is-not-stacked-on-mobile is-layout-flex wp-container-core-columns-is-layout-28f84493 wp-block-columns-is-layout-flex\">\n<div class=\"wp-block-column is-vertically-aligned-center is-layout-flow wp-block-column-is-layout-flow\">\n<figure class=\"wp-block-image size-large is-resized\"><img decoding=\"async\" src=\"https:\/\/ucarecdn.com\/c0583c9c-a1a3-4a1b-b7f8-954f1bb9a808\/-\/quality\/smart\/product-mandet-new-grey.png?v=1623670422\" alt=\"\" style=\"width:213px;height:auto\"\/><\/figure>\n\n\n\n<h3 class=\"wp-block-heading\">Foclar Mandet<\/h3>\n\n\n\n<p class=\"has-medium-font-size\">Une plateforme facile \u00e0 utiliser pour rechercher efficacement des traces d&rsquo;alt\u00e9ration dans les images et les vid\u00e9os.<\/p>\n<\/div>\n<\/div>\n\n\n\n<div class=\"wp-block-buttons is-layout-flex wp-block-buttons-is-layout-flex\">\n<div class=\"wp-block-button is-style-link\"><a class=\"wp-block-button__link wp-element-button\" href=\"https:\/\/foclar.com\/products\/mandet\" target=\"_blank\" rel=\"noreferrer noopener\">En savoir plus<\/a><\/div>\n<\/div>\n<\/div>\n\n\n\n<div class=\"wp-block-column is-layout-flow wp-block-column-is-layout-flow\">\n<div class=\"wp-block-columns are-vertically-aligned-center is-not-stacked-on-mobile is-layout-flex wp-container-core-columns-is-layout-28f84493 wp-block-columns-is-layout-flex\">\n<div class=\"wp-block-column is-vertically-aligned-center is-layout-flow wp-block-column-is-layout-flow\">\n<figure class=\"wp-block-image size-large is-resized\"><img decoding=\"async\" src=\"https:\/\/ucarecdn.com\/b08fa5fc-c601-4173-b07b-eb56bbceef76\/-\/quality\/smart\/product-corepro-new-grey.png?v=1623670420\" alt=\"\" style=\"width:298px;height:auto\"\/><\/figure>\n\n\n\n<h3 class=\"wp-block-heading\">Foclar Corepro<\/h3>\n\n\n\n<p class=\"has-medium-font-size\">Un outil sp\u00e9cialis\u00e9 pour d\u00e9terminer la taille des suspects en utilisant la projection invers\u00e9e par ordinateur.<\/p>\n\n\n\n<div class=\"wp-block-buttons is-layout-flex wp-block-buttons-is-layout-flex\">\n<div class=\"wp-block-button is-style-link\"><a class=\"wp-block-button__link wp-element-button\" href=\"https:\/\/foclar.com\/products\/corepro\" target=\"_blank\" rel=\"noreferrer noopener\">En savoir plus<\/a><\/div>\n<\/div>\n<\/div>\n<\/div>\n<\/div>\n<\/div>\n<\/section>\n\n<section class=\"wp-block-group alignfull has-medium-gray-background-color has-background has-global-padding is-layout-constrained wp-block-group-is-layout-constrained\" style=\"margin-top:var(--wp--preset--spacing--80);margin-bottom:var(--wp--preset--spacing--80);padding-top:var(--wp--preset--spacing--80);padding-bottom:var(--wp--preset--spacing--80)\">\n<div class=\"wp-block-columns alignwide is-layout-flex wp-container-core-columns-is-layout-28f84493 wp-block-columns-is-layout-flex\">\n<div class=\"wp-block-column is-layout-flow wp-block-column-is-layout-flow\">\n<div class=\"wp-block-group heading-underline has-global-padding is-layout-constrained wp-block-group-is-layout-constrained\" style=\"margin-top:0;margin-bottom:var(--wp--preset--spacing--30)\">\n<h2 class=\"wp-block-heading has-gray-50-color has-text-color has-link-color has-display-medium-font-size wp-elements-718c22aabc1ea266587c4518b4c66274\">Traduire les m\u00e9thodes scientifiques en applications logicielles intuitives<\/h2>\n<\/div>\n<\/div>\n\n\n\n<div class=\"wp-block-column is-layout-flow wp-block-column-is-layout-flow\">\n<p class=\"has-gray-50-color has-text-color has-link-color wp-elements-56d932e779840a72a90e269c2fac0db5\">En traduisant des m\u00e9thodes scientifiques en applications logicielles intuitives, Foclar fournit aux forces de l&rsquo;ordre du monde entier les outils n\u00e9cessaires pour extraire efficacement des renseignements et monter un dossier \u00e0 partir d&rsquo;images et de vid\u00e9os num\u00e9riques.<\/p>\n\n\n\n<div style=\"height:10px\" aria-hidden=\"true\" class=\"wp-block-spacer\"><\/div>\n\n\n\n<div class=\"wp-block-buttons is-layout-flex wp-block-buttons-is-layout-flex\">\n<div class=\"wp-block-button is-style-arrow-btn\"><a class=\"wp-block-button__link has-secondary-background-color has-background wp-element-button\" href=\"https:\/\/foclar.com\/\" target=\"_blank\" rel=\"noreferrer noopener\">Foclar.com<\/a><\/div>\n<\/div>\n<\/div>\n<\/div>\n<\/section>\n","protected":false},"excerpt":{"rendered":"<p>Foclar Impress Une bo\u00eete \u00e0 outils compl\u00e8te pour l&rsquo;am\u00e9lioration d&rsquo;images de mauvaise qualit\u00e9 afin&#8230;<\/p>\n","protected":false},"author":3,"featured_media":0,"parent":0,"menu_order":0,"comment_status":"closed","ping_status":"closed","template":"","meta":{"_acf_changed":false,"inline_featured_image":false,"footnotes":""},"class_list":["post-9237","page","type-page","status-publish","hentry"],"acf":[],"yoast_head":"<!-- This site is optimized with the Yoast SEO Premium plugin v27.3 (Yoast SEO v27.3) - https:\/\/yoast.com\/product\/yoast-seo-premium-wordpress\/ -->\n<title>Davidhorn<\/title>\n<meta name=\"robots\" content=\"index, follow, max-snippet:-1, max-image-preview:large, max-video-preview:-1\" \/>\n<link rel=\"canonical\" href=\"https:\/\/davidhorn.com\/fr\/logiciel-foclar\/\" \/>\n<meta property=\"og:locale\" content=\"fr_FR\" \/>\n<meta property=\"og:type\" content=\"article\" \/>\n<meta property=\"og:title\" content=\"Logiciel Foclar\" \/>\n<meta property=\"og:description\" content=\"Foclar Impress Une bo\u00eete \u00e0 outils compl\u00e8te pour l&rsquo;am\u00e9lioration d&rsquo;images de mauvaise qualit\u00e9 afin...\" \/>\n<meta property=\"og:url\" content=\"https:\/\/davidhorn.com\/fr\/logiciel-foclar\/\" \/>\n<meta property=\"og:site_name\" content=\"Davidhorn\" \/>\n<meta property=\"article:publisher\" content=\"https:\/\/www.facebook.com\/Equipped.for.Justice\/\" \/>\n<meta property=\"article:modified_time\" content=\"2025-07-29T06:20:03+00:00\" \/>\n<meta property=\"og:image\" content=\"https:\/\/davidhorn.com\/wp-content\/uploads\/2024\/06\/image-1.png\" \/>\n<meta name=\"twitter:card\" content=\"summary_large_image\" \/>\n<meta name=\"twitter:label1\" content=\"Temps de lecture estim\u00e9 \" \/>\n\t<meta name=\"twitter:data1\" content=\"1 minute\" \/>\n<script type=\"application\/ld+json\" class=\"yoast-schema-graph\">{\"@context\":\"https:\\\/\\\/schema.org\",\"@graph\":[{\"@type\":\"WebPage\",\"@id\":\"https:\\\/\\\/davidhorn.com\\\/fr\\\/logiciel-foclar\\\/\",\"url\":\"https:\\\/\\\/davidhorn.com\\\/fr\\\/logiciel-foclar\\\/\",\"name\":\"Logiciel Foclar - Davidhorn\",\"isPartOf\":{\"@id\":\"https:\\\/\\\/davidhorn.com\\\/#website\"},\"primaryImageOfPage\":{\"@id\":\"https:\\\/\\\/davidhorn.com\\\/fr\\\/logiciel-foclar\\\/#primaryimage\"},\"image\":{\"@id\":\"https:\\\/\\\/davidhorn.com\\\/fr\\\/logiciel-foclar\\\/#primaryimage\"},\"thumbnailUrl\":\"https:\\\/\\\/davidhorn.com\\\/wp-content\\\/uploads\\\/2024\\\/06\\\/image-1.png\",\"datePublished\":\"2024-06-26T10:06:45+00:00\",\"dateModified\":\"2025-07-29T06:20:03+00:00\",\"breadcrumb\":{\"@id\":\"https:\\\/\\\/davidhorn.com\\\/fr\\\/logiciel-foclar\\\/#breadcrumb\"},\"inLanguage\":\"fr-FR\",\"potentialAction\":[{\"@type\":\"ReadAction\",\"target\":[\"https:\\\/\\\/davidhorn.com\\\/fr\\\/logiciel-foclar\\\/\"]}]},{\"@type\":\"ImageObject\",\"inLanguage\":\"fr-FR\",\"@id\":\"https:\\\/\\\/davidhorn.com\\\/fr\\\/logiciel-foclar\\\/#primaryimage\",\"url\":\"https:\\\/\\\/davidhorn.com\\\/wp-content\\\/uploads\\\/2024\\\/06\\\/image-1.png\",\"contentUrl\":\"https:\\\/\\\/davidhorn.com\\\/wp-content\\\/uploads\\\/2024\\\/06\\\/image-1.png\"},{\"@type\":\"BreadcrumbList\",\"@id\":\"https:\\\/\\\/davidhorn.com\\\/fr\\\/logiciel-foclar\\\/#breadcrumb\",\"itemListElement\":[{\"@type\":\"ListItem\",\"position\":1,\"name\":\"Accueil\",\"item\":\"https:\\\/\\\/davidhorn.com\\\/fr\\\/\"},{\"@type\":\"ListItem\",\"position\":2,\"name\":\"Logiciel Foclar\"}]},{\"@type\":\"WebSite\",\"@id\":\"https:\\\/\\\/davidhorn.com\\\/#website\",\"url\":\"https:\\\/\\\/davidhorn.com\\\/\",\"name\":\"Davidhorn\",\"description\":\"\",\"publisher\":{\"@id\":\"https:\\\/\\\/davidhorn.com\\\/#organization\"},\"potentialAction\":[{\"@type\":\"SearchAction\",\"target\":{\"@type\":\"EntryPoint\",\"urlTemplate\":\"https:\\\/\\\/davidhorn.com\\\/?s={search_term_string}\"},\"query-input\":{\"@type\":\"PropertyValueSpecification\",\"valueRequired\":true,\"valueName\":\"search_term_string\"}}],\"inLanguage\":\"fr-FR\"},{\"@type\":\"Organization\",\"@id\":\"https:\\\/\\\/davidhorn.com\\\/#organization\",\"name\":\"Davidhorn\",\"url\":\"https:\\\/\\\/davidhorn.com\\\/\",\"logo\":{\"@type\":\"ImageObject\",\"inLanguage\":\"fr-FR\",\"@id\":\"https:\\\/\\\/davidhorn.com\\\/#\\\/schema\\\/logo\\\/image\\\/\",\"url\":\"https:\\\/\\\/d3pwq9e4hibwhv.cloudfront.net\\\/wp-content\\\/uploads\\\/2024\\\/05\\\/29122828\\\/primary-1.svg\",\"contentUrl\":\"https:\\\/\\\/d3pwq9e4hibwhv.cloudfront.net\\\/wp-content\\\/uploads\\\/2024\\\/05\\\/29122828\\\/primary-1.svg\",\"width\":200,\"height\":32,\"caption\":\"Davidhorn\"},\"image\":{\"@id\":\"https:\\\/\\\/davidhorn.com\\\/#\\\/schema\\\/logo\\\/image\\\/\"},\"sameAs\":[\"https:\\\/\\\/www.facebook.com\\\/Equipped.for.Justice\\\/\",\"https:\\\/\\\/www.linkedin.com\\\/company\\\/davidhorn\",\"https:\\\/\\\/www.instagram.com\\\/davidhorn_company\"]}]}<\/script>\n<!-- \/ Yoast SEO Premium plugin. -->","yoast_head_json":{"title":"Davidhorn","robots":{"index":"index","follow":"follow","max-snippet":"max-snippet:-1","max-image-preview":"max-image-preview:large","max-video-preview":"max-video-preview:-1"},"canonical":"https:\/\/davidhorn.com\/fr\/logiciel-foclar\/","og_locale":"fr_FR","og_type":"article","og_title":"Logiciel Foclar","og_description":"Foclar Impress Une bo\u00eete \u00e0 outils compl\u00e8te pour l&rsquo;am\u00e9lioration d&rsquo;images de mauvaise qualit\u00e9 afin...","og_url":"https:\/\/davidhorn.com\/fr\/logiciel-foclar\/","og_site_name":"Davidhorn","article_publisher":"https:\/\/www.facebook.com\/Equipped.for.Justice\/","article_modified_time":"2025-07-29T06:20:03+00:00","og_image":[{"url":"https:\/\/davidhorn.com\/wp-content\/uploads\/2024\/06\/image-1.png","type":"","width":"","height":""}],"twitter_card":"summary_large_image","twitter_misc":{"Temps de lecture estim\u00e9 ":"1 minute"},"schema":{"@context":"https:\/\/schema.org","@graph":[{"@type":"WebPage","@id":"https:\/\/davidhorn.com\/fr\/logiciel-foclar\/","url":"https:\/\/davidhorn.com\/fr\/logiciel-foclar\/","name":"Logiciel Foclar - Davidhorn","isPartOf":{"@id":"https:\/\/davidhorn.com\/#website"},"primaryImageOfPage":{"@id":"https:\/\/davidhorn.com\/fr\/logiciel-foclar\/#primaryimage"},"image":{"@id":"https:\/\/davidhorn.com\/fr\/logiciel-foclar\/#primaryimage"},"thumbnailUrl":"https:\/\/davidhorn.com\/wp-content\/uploads\/2024\/06\/image-1.png","datePublished":"2024-06-26T10:06:45+00:00","dateModified":"2025-07-29T06:20:03+00:00","breadcrumb":{"@id":"https:\/\/davidhorn.com\/fr\/logiciel-foclar\/#breadcrumb"},"inLanguage":"fr-FR","potentialAction":[{"@type":"ReadAction","target":["https:\/\/davidhorn.com\/fr\/logiciel-foclar\/"]}]},{"@type":"ImageObject","inLanguage":"fr-FR","@id":"https:\/\/davidhorn.com\/fr\/logiciel-foclar\/#primaryimage","url":"https:\/\/davidhorn.com\/wp-content\/uploads\/2024\/06\/image-1.png","contentUrl":"https:\/\/davidhorn.com\/wp-content\/uploads\/2024\/06\/image-1.png"},{"@type":"BreadcrumbList","@id":"https:\/\/davidhorn.com\/fr\/logiciel-foclar\/#breadcrumb","itemListElement":[{"@type":"ListItem","position":1,"name":"Accueil","item":"https:\/\/davidhorn.com\/fr\/"},{"@type":"ListItem","position":2,"name":"Logiciel Foclar"}]},{"@type":"WebSite","@id":"https:\/\/davidhorn.com\/#website","url":"https:\/\/davidhorn.com\/","name":"Davidhorn","description":"","publisher":{"@id":"https:\/\/davidhorn.com\/#organization"},"potentialAction":[{"@type":"SearchAction","target":{"@type":"EntryPoint","urlTemplate":"https:\/\/davidhorn.com\/?s={search_term_string}"},"query-input":{"@type":"PropertyValueSpecification","valueRequired":true,"valueName":"search_term_string"}}],"inLanguage":"fr-FR"},{"@type":"Organization","@id":"https:\/\/davidhorn.com\/#organization","name":"Davidhorn","url":"https:\/\/davidhorn.com\/","logo":{"@type":"ImageObject","inLanguage":"fr-FR","@id":"https:\/\/davidhorn.com\/#\/schema\/logo\/image\/","url":"https:\/\/d3pwq9e4hibwhv.cloudfront.net\/wp-content\/uploads\/2024\/05\/29122828\/primary-1.svg","contentUrl":"https:\/\/d3pwq9e4hibwhv.cloudfront.net\/wp-content\/uploads\/2024\/05\/29122828\/primary-1.svg","width":200,"height":32,"caption":"Davidhorn"},"image":{"@id":"https:\/\/davidhorn.com\/#\/schema\/logo\/image\/"},"sameAs":["https:\/\/www.facebook.com\/Equipped.for.Justice\/","https:\/\/www.linkedin.com\/company\/davidhorn","https:\/\/www.instagram.com\/davidhorn_company"]}]}},"_links":{"self":[{"href":"https:\/\/davidhorn.com\/fr\/wp-json\/wp\/v2\/pages\/9237","targetHints":{"allow":["GET"]}}],"collection":[{"href":"https:\/\/davidhorn.com\/fr\/wp-json\/wp\/v2\/pages"}],"about":[{"href":"https:\/\/davidhorn.com\/fr\/wp-json\/wp\/v2\/types\/page"}],"author":[{"embeddable":true,"href":"https:\/\/davidhorn.com\/fr\/wp-json\/wp\/v2\/users\/3"}],"replies":[{"embeddable":true,"href":"https:\/\/davidhorn.com\/fr\/wp-json\/wp\/v2\/comments?post=9237"}],"version-history":[{"count":3,"href":"https:\/\/davidhorn.com\/fr\/wp-json\/wp\/v2\/pages\/9237\/revisions"}],"predecessor-version":[{"id":13740,"href":"https:\/\/davidhorn.com\/fr\/wp-json\/wp\/v2\/pages\/9237\/revisions\/13740"}],"wp:attachment":[{"href":"https:\/\/davidhorn.com\/fr\/wp-json\/wp\/v2\/media?parent=9237"}],"curies":[{"name":"wp","href":"https:\/\/api.w.org\/{rel}","templated":true}]}}