{"id":9242,"date":"2024-05-28T11:02:28","date_gmt":"2024-05-28T09:02:28","guid":{"rendered":"https:\/\/davidhorn.com\/soutien\/"},"modified":"2025-09-12T14:35:52","modified_gmt":"2025-09-12T12:35:52","slug":"soutien","status":"publish","type":"page","link":"https:\/\/davidhorn.com\/fr\/soutien\/","title":{"rendered":"Aide"},"content":{"rendered":"\n<div class=\"wp-block-cover is-light\" style=\"padding-right:var(--wp--preset--spacing--40);padding-left:var(--wp--preset--spacing--40);min-height:692px;aspect-ratio:unset;\"><span aria-hidden=\"true\" class=\"wp-block-cover__background has-primary-25-background-color has-background-dim-100 has-background-dim\"><\/span><div class=\"wp-block-cover__inner-container has-global-padding is-layout-constrained wp-container-core-cover-is-layout-97829e9f wp-block-cover-is-layout-constrained\">\n<div class=\"wp-block-columns alignfull are-vertically-aligned-center is-layout-flex wp-container-core-columns-is-layout-feb467cd wp-block-columns-is-layout-flex\" style=\"padding-right:var(--wp--preset--spacing--30);padding-left:var(--wp--preset--spacing--30)\">\n<div class=\"wp-block-column is-vertically-aligned-center is-layout-flow wp-block-column-is-layout-flow\" style=\"flex-basis:45%\">\n<div class=\"wp-block-cover is-light cover-50-mobile\" style=\"min-height:70vh;aspect-ratio:unset;\"><img loading=\"lazy\" decoding=\"async\" width=\"1500\" height=\"1500\" class=\"wp-block-cover__image-background wp-image-174\" alt=\"\" src=\"https:\/\/d3pwq9e4hibwhv.cloudfront.net\/wp-content\/uploads\/2024\/05\/28074601\/Untitled-design-17.png\" data-object-fit=\"cover\" srcset=\"https:\/\/d3pwq9e4hibwhv.cloudfront.net\/wp-content\/uploads\/2024\/05\/28074601\/Untitled-design-17.png 1500w, https:\/\/d3pwq9e4hibwhv.cloudfront.net\/wp-content\/uploads\/2024\/05\/28074601\/Untitled-design-17-300x300.png 300w, https:\/\/d3pwq9e4hibwhv.cloudfront.net\/wp-content\/uploads\/2024\/05\/28074601\/Untitled-design-17-1024x1024.png 1024w, https:\/\/d3pwq9e4hibwhv.cloudfront.net\/wp-content\/uploads\/2024\/05\/28074601\/Untitled-design-17-150x150.png 150w, https:\/\/d3pwq9e4hibwhv.cloudfront.net\/wp-content\/uploads\/2024\/05\/28074601\/Untitled-design-17-768x768.png 768w\" sizes=\"auto, (max-width: 1500px) 100vw, 1500px\" \/><span aria-hidden=\"true\" class=\"wp-block-cover__background has-background-dim-0 has-background-dim\" style=\"background-color:#8c8685\"><\/span><div class=\"wp-block-cover__inner-container has-global-padding is-layout-constrained wp-block-cover-is-layout-constrained\">\n<p class=\"has-text-align-center has-large-font-size\"><\/p>\n<\/div><\/div>\n<\/div>\n\n\n\n<div class=\"wp-block-column is-vertically-aligned-center is-layout-flow wp-block-column-is-layout-flow\">\n<div class=\"wp-block-group has-global-padding is-content-justification-left is-layout-constrained wp-container-core-group-is-layout-ee720ff1 wp-block-group-is-layout-constrained\" style=\"padding-top:var(--wp--preset--spacing--40);padding-right:var(--wp--preset--spacing--30);padding-bottom:var(--wp--preset--spacing--40);padding-left:var(--wp--preset--spacing--30)\">\n<h1 class=\"wp-block-heading has-display-font-size\" id=\"h-we-re-here-to-help\" style=\"line-height:1.1\">Nous sommes l\u00e0 pour vous aider<\/h1>\n\n\n\n<div style=\"height:5px\" aria-hidden=\"true\" class=\"wp-block-spacer\"><\/div>\n\n\n\n<p>Nous proposons \u00e0 nos clients des services complets d&rsquo;int\u00e9gration, de formation aux produits et d&rsquo;aide. Contactez notre \u00e9quipe d&rsquo;aide via le portail Aide ou r\u00e9servez une d\u00e9mo pour en savoir plus sur notre offre d&rsquo;onboarding, de formation et d&rsquo;assistance. <\/p>\n\n\n\n<div style=\"height:10px\" aria-hidden=\"true\" class=\"wp-block-spacer\"><\/div>\n\n\n\n<div class=\"wp-block-buttons is-layout-flex wp-block-buttons-is-layout-flex\">\n<div class=\"wp-block-button is-style-arrow-btn\"><a class=\"wp-block-button__link wp-element-button\" href=\"https:\/\/support.indicosys.com\/\" target=\"_blank\" rel=\"noreferrer noopener\">Portail d&rsquo;aide<\/a><\/div>\n\n\n\n<div class=\"wp-block-button is-style-outline is-style-outline--1\"><a class=\"wp-block-button__link wp-element-button\" href=\"https:\/\/davidhorn.com\/fr\/profil\/\" target=\"_blank\" rel=\"noreferrer noopener\">Portail de formation aux produits<\/a><\/div>\n<\/div>\n<\/div>\n<\/div>\n<\/div>\n<\/div><\/div>\n\n<section class=\"wp-block-group has-global-padding is-layout-constrained wp-block-group-is-layout-constrained\" style=\"margin-top:var(--wp--preset--spacing--80);margin-bottom:var(--wp--preset--spacing--80)\">\n<h2 class=\"wp-block-heading alignwide\" id=\"h-what-our-customers-say\" style=\"margin-bottom:var(--wp--preset--spacing--60)\">Ce que disent nos clients<\/h2>\n\n\n\n<div class=\"wp-block-query alignwide is-layout-flow wp-block-query-is-layout-flow\"><ul class=\"columns-3 wp-block-post-template is-layout-grid wp-container-core-post-template-is-layout-10753265 wp-block-post-template-is-layout-grid\"><li class=\"wp-block-post post-9739 testimonial type-testimonial status-publish hentry\">\n<div class=\"entry-content wp-block-post-content is-layout-flow wp-block-post-content-is-layout-flow\">\n<p>\u00ab\u00a0Il a \u00e9t\u00e9 utilis\u00e9 \u00e0 bon escient ! Une solution tr\u00e8s simple et efficace.<\/p>\n\n<p><strong>Officier de police<\/strong><br\/>Force de police europ\u00e9enne<\/p>\n\n<p><\/p>\n<\/div>\n<\/li><li class=\"wp-block-post post-9741 testimonial type-testimonial status-publish hentry\">\n<div class=\"entry-content wp-block-post-content is-layout-flow wp-block-post-content-is-layout-flow\">\n<p>\u00ab\u00a0Je suis toujours pr\u00eate. Je n&rsquo;ai pas besoin de prendre un autre rendez-vous la semaine prochaine parce que j&rsquo;ai besoin d&rsquo;un \u00e9quipement. Je l&rsquo;ai d\u00e9j\u00e0 avec moi et je suis tr\u00e8s flexible\u00a0\u00bb.<\/p>\n\n<p><strong>Chef de la s\u00e9curit\u00e9 des entreprises<\/strong><br\/>Client des enqu\u00eates sur les entreprises<\/p>\n\n<p><\/p>\n<\/div>\n<\/li><li class=\"wp-block-post post-9743 testimonial type-testimonial status-publish hentry\">\n<div class=\"entry-content wp-block-post-content is-layout-flow wp-block-post-content-is-layout-flow\">\n<p>\u00ab\u00a0La premi\u00e8re \u00e9tape d&rsquo;une bonne interview est de l&rsquo;enregistrer. Nous \u00e9tions \u00e0 la recherche d&rsquo;une entreprise qui pourrait nous aider \u00e0 cet \u00e9gard. Un contact nous a recommand\u00e9 Davidhorn (anciennement Indico Systems) en 2012 et cela s&rsquo;est av\u00e9r\u00e9 \u00eatre un excellent choix pour nous. Nous avons r\u00e9ussi \u00e0 faire passer nos op\u00e9rations d&rsquo;enqu\u00eate \u00e0 un autre niveau. Nous travaillons avec eux depuis lors.\u00a0\u00bb<\/p>\n\n<p><strong><strong>Uwe Keller<\/strong><\/strong><br\/>Ex-police du Schleswig-Holstein<\/p>\n<\/div>\n<\/li><\/ul><\/div>\n<\/section>\n\n<section class=\"wp-block-group alignwide is-layout-flow wp-block-group-is-layout-flow\" style=\"margin-top:var(--wp--preset--spacing--80);margin-bottom:var(--wp--preset--spacing--80)\">\n<div class=\"wp-block-cover is-light white-box has-aspect-ratio\" style=\"margin-top:0;margin-bottom:0;aspect-ratio:16\/9;min-height:unset;\"><img loading=\"lazy\" decoding=\"async\" width=\"1770\" height=\"972\" class=\"wp-block-cover__image-background wp-image-2094\" alt=\"\" src=\"https:\/\/d3pwq9e4hibwhv.cloudfront.net\/wp-content\/uploads\/2024\/06\/26092519\/stefan-stefancik-bEeq7l5LoiI-unsplash-scaled-e1719393966575.jpg\" data-object-fit=\"cover\" srcset=\"https:\/\/d3pwq9e4hibwhv.cloudfront.net\/wp-content\/uploads\/2024\/06\/26092519\/stefan-stefancik-bEeq7l5LoiI-unsplash-scaled-e1719393966575.jpg 1770w, https:\/\/d3pwq9e4hibwhv.cloudfront.net\/wp-content\/uploads\/2024\/06\/26092519\/stefan-stefancik-bEeq7l5LoiI-unsplash-scaled-e1719393966575-300x165.jpg 300w, https:\/\/d3pwq9e4hibwhv.cloudfront.net\/wp-content\/uploads\/2024\/06\/26092519\/stefan-stefancik-bEeq7l5LoiI-unsplash-scaled-e1719393966575-1024x562.jpg 1024w, https:\/\/d3pwq9e4hibwhv.cloudfront.net\/wp-content\/uploads\/2024\/06\/26092519\/stefan-stefancik-bEeq7l5LoiI-unsplash-scaled-e1719393966575-768x422.jpg 768w, https:\/\/d3pwq9e4hibwhv.cloudfront.net\/wp-content\/uploads\/2024\/06\/26092519\/stefan-stefancik-bEeq7l5LoiI-unsplash-scaled-e1719393966575-1536x843.jpg 1536w\" sizes=\"auto, (max-width: 1770px) 100vw, 1770px\" \/><span aria-hidden=\"true\" class=\"wp-block-cover__background has-primary-background-color has-background-dim-30 has-background-dim\"><\/span><div class=\"wp-block-cover__inner-container has-global-padding is-layout-constrained wp-block-cover-is-layout-constrained\">\n<div class=\"wp-block-group alignwide has-global-padding is-layout-constrained wp-block-group-is-layout-constrained\" style=\"padding-top:0;padding-bottom:0\">\n<div class=\"wp-block-group alignwide is-nowrap is-layout-flex wp-container-core-group-is-layout-cd9ab148 wp-block-group-is-layout-flex\">\n<div class=\"wp-block-group w-100-mobile position-relative has-background has-global-padding is-layout-constrained wp-container-core-group-is-layout-0519f95b wp-block-group-is-layout-constrained\" style=\"background-color:#ffffffe6;margin-top:0;margin-bottom:0;padding-top:var(--wp--preset--spacing--50);padding-right:var(--wp--preset--spacing--40);padding-bottom:var(--wp--preset--spacing--50);padding-left:var(--wp--preset--spacing--40)\">\n<div class=\"wp-block-group heading-underline has-global-padding is-layout-constrained wp-block-group-is-layout-constrained\" style=\"margin-top:0;margin-bottom:var(--wp--preset--spacing--30)\">\n<h2 class=\"wp-block-heading is-style-underline has-arrow stretched-link has-secondary-color has-text-color has-link-color wp-elements-a5ab01c2a0369daa6de952fcc808dfaa\" id=\"h-product-training\" style=\"font-size:clamp(29.768px, 1.861rem + ((1vw - 3.2px) * 2.269), 52px);font-style:normal;font-weight:300;line-height:1.4\"><a href=\"https:\/\/davidhorn.com\/fr\/profil\/\">Formation sur les produits<\/a><\/h2>\n<\/div>\n\n\n\n<p class=\"has-text-align-left has-secondary-color has-text-color has-link-color has-large-font-size wp-elements-8cb20cbd1024f7097e28047232a4e2a1\">Acc\u00e9dez \u00e0 des le\u00e7ons vid\u00e9o sur les produits utilis\u00e9s par votre organisation et obtenez les connaissances et les comp\u00e9tences n\u00e9cessaires pour utiliser les enregistreurs Davidhorn et les logiciels de gestion des entretiens.<\/p>\n<\/div>\n<\/div>\n<\/div>\n<\/div><\/div>\n<\/section>\n\n<p><\/p>\n","protected":false},"excerpt":{"rendered":"<p>Ce que disent nos clients<\/p>\n","protected":false},"author":1,"featured_media":0,"parent":0,"menu_order":0,"comment_status":"closed","ping_status":"closed","template":"","meta":{"_acf_changed":false,"inline_featured_image":false,"footnotes":""},"class_list":["post-9242","page","type-page","status-publish","hentry"],"acf":[],"yoast_head":"<!-- This site is optimized with the Yoast SEO Premium plugin v27.3 (Yoast SEO v27.3) - https:\/\/yoast.com\/product\/yoast-seo-premium-wordpress\/ -->\n<title>Davidhorn<\/title>\n<meta name=\"description\" content=\"B\u00e9n\u00e9ficiez d&#039;une formation compl\u00e8te, d&#039;une prise en main et d&#039;une assistance pour les enregistreurs d&#039;entretiens et les logiciels Davidhorn. Notre \u00e9quipe d&#039;assistance \u00e0 la client\u00e8le est l\u00e0 pour vous aider.\" \/>\n<meta name=\"robots\" content=\"index, follow, max-snippet:-1, max-image-preview:large, max-video-preview:-1\" \/>\n<link rel=\"canonical\" href=\"https:\/\/davidhorn.com\/fr\/soutien\/\" \/>\n<meta property=\"og:locale\" content=\"fr_FR\" \/>\n<meta property=\"og:type\" content=\"article\" \/>\n<meta property=\"og:title\" content=\"Aide\" \/>\n<meta property=\"og:description\" content=\"B\u00e9n\u00e9ficiez d&#039;une formation compl\u00e8te, d&#039;une prise en main et d&#039;une assistance pour les enregistreurs d&#039;entretiens et les logiciels Davidhorn. Notre \u00e9quipe d&#039;assistance \u00e0 la client\u00e8le est l\u00e0 pour vous aider.\" \/>\n<meta property=\"og:url\" content=\"https:\/\/davidhorn.com\/fr\/soutien\/\" \/>\n<meta property=\"og:site_name\" content=\"Davidhorn\" \/>\n<meta property=\"article:publisher\" content=\"https:\/\/www.facebook.com\/Equipped.for.Justice\/\" \/>\n<meta property=\"article:modified_time\" content=\"2025-09-12T12:35:52+00:00\" \/>\n<meta property=\"og:image\" content=\"https:\/\/davidhorn.com\/wp-content\/uploads\/2024\/05\/Untitled-design-17.png\" \/>\n<meta name=\"twitter:card\" content=\"summary_large_image\" \/>\n<meta name=\"twitter:label1\" content=\"Temps de lecture estim\u00e9 \" \/>\n\t<meta name=\"twitter:data1\" content=\"1 minute\" \/>\n<script type=\"application\/ld+json\" class=\"yoast-schema-graph\">{\"@context\":\"https:\\\/\\\/schema.org\",\"@graph\":[{\"@type\":\"WebPage\",\"@id\":\"https:\\\/\\\/davidhorn.com\\\/fr\\\/soutien\\\/\",\"url\":\"https:\\\/\\\/davidhorn.com\\\/fr\\\/soutien\\\/\",\"name\":\"Aide - Davidhorn\",\"isPartOf\":{\"@id\":\"https:\\\/\\\/davidhorn.com\\\/#website\"},\"primaryImageOfPage\":{\"@id\":\"https:\\\/\\\/davidhorn.com\\\/fr\\\/soutien\\\/#primaryimage\"},\"image\":{\"@id\":\"https:\\\/\\\/davidhorn.com\\\/fr\\\/soutien\\\/#primaryimage\"},\"thumbnailUrl\":\"https:\\\/\\\/davidhorn.com\\\/wp-content\\\/uploads\\\/2024\\\/05\\\/Untitled-design-17.png\",\"datePublished\":\"2024-05-28T09:02:28+00:00\",\"dateModified\":\"2025-09-12T12:35:52+00:00\",\"description\":\"B\u00e9n\u00e9ficiez d'une formation compl\u00e8te, d'une prise en main et d'une assistance pour les enregistreurs d'entretiens et les logiciels Davidhorn. Notre \u00e9quipe d'assistance \u00e0 la client\u00e8le est l\u00e0 pour vous aider.\",\"breadcrumb\":{\"@id\":\"https:\\\/\\\/davidhorn.com\\\/fr\\\/soutien\\\/#breadcrumb\"},\"inLanguage\":\"fr-FR\",\"potentialAction\":[{\"@type\":\"ReadAction\",\"target\":[\"https:\\\/\\\/davidhorn.com\\\/fr\\\/soutien\\\/\"]}]},{\"@type\":\"ImageObject\",\"inLanguage\":\"fr-FR\",\"@id\":\"https:\\\/\\\/davidhorn.com\\\/fr\\\/soutien\\\/#primaryimage\",\"url\":\"https:\\\/\\\/davidhorn.com\\\/wp-content\\\/uploads\\\/2024\\\/05\\\/Untitled-design-17.png\",\"contentUrl\":\"https:\\\/\\\/davidhorn.com\\\/wp-content\\\/uploads\\\/2024\\\/05\\\/Untitled-design-17.png\"},{\"@type\":\"BreadcrumbList\",\"@id\":\"https:\\\/\\\/davidhorn.com\\\/fr\\\/soutien\\\/#breadcrumb\",\"itemListElement\":[{\"@type\":\"ListItem\",\"position\":1,\"name\":\"Accueil\",\"item\":\"https:\\\/\\\/davidhorn.com\\\/fr\\\/\"},{\"@type\":\"ListItem\",\"position\":2,\"name\":\"Aide\"}]},{\"@type\":\"WebSite\",\"@id\":\"https:\\\/\\\/davidhorn.com\\\/#website\",\"url\":\"https:\\\/\\\/davidhorn.com\\\/\",\"name\":\"Davidhorn\",\"description\":\"\",\"publisher\":{\"@id\":\"https:\\\/\\\/davidhorn.com\\\/#organization\"},\"potentialAction\":[{\"@type\":\"SearchAction\",\"target\":{\"@type\":\"EntryPoint\",\"urlTemplate\":\"https:\\\/\\\/davidhorn.com\\\/?s={search_term_string}\"},\"query-input\":{\"@type\":\"PropertyValueSpecification\",\"valueRequired\":true,\"valueName\":\"search_term_string\"}}],\"inLanguage\":\"fr-FR\"},{\"@type\":\"Organization\",\"@id\":\"https:\\\/\\\/davidhorn.com\\\/#organization\",\"name\":\"Davidhorn\",\"url\":\"https:\\\/\\\/davidhorn.com\\\/\",\"logo\":{\"@type\":\"ImageObject\",\"inLanguage\":\"fr-FR\",\"@id\":\"https:\\\/\\\/davidhorn.com\\\/#\\\/schema\\\/logo\\\/image\\\/\",\"url\":\"https:\\\/\\\/d3pwq9e4hibwhv.cloudfront.net\\\/wp-content\\\/uploads\\\/2024\\\/05\\\/29122828\\\/primary-1.svg\",\"contentUrl\":\"https:\\\/\\\/d3pwq9e4hibwhv.cloudfront.net\\\/wp-content\\\/uploads\\\/2024\\\/05\\\/29122828\\\/primary-1.svg\",\"width\":200,\"height\":32,\"caption\":\"Davidhorn\"},\"image\":{\"@id\":\"https:\\\/\\\/davidhorn.com\\\/#\\\/schema\\\/logo\\\/image\\\/\"},\"sameAs\":[\"https:\\\/\\\/www.facebook.com\\\/Equipped.for.Justice\\\/\",\"https:\\\/\\\/www.linkedin.com\\\/company\\\/davidhorn\",\"https:\\\/\\\/www.instagram.com\\\/davidhorn_company\"]}]}<\/script>\n<!-- \/ Yoast SEO Premium plugin. -->","yoast_head_json":{"title":"Davidhorn","description":"B\u00e9n\u00e9ficiez d'une formation compl\u00e8te, d'une prise en main et d'une assistance pour les enregistreurs d'entretiens et les logiciels Davidhorn. Notre \u00e9quipe d'assistance \u00e0 la client\u00e8le est l\u00e0 pour vous aider.","robots":{"index":"index","follow":"follow","max-snippet":"max-snippet:-1","max-image-preview":"max-image-preview:large","max-video-preview":"max-video-preview:-1"},"canonical":"https:\/\/davidhorn.com\/fr\/soutien\/","og_locale":"fr_FR","og_type":"article","og_title":"Aide","og_description":"B\u00e9n\u00e9ficiez d'une formation compl\u00e8te, d'une prise en main et d'une assistance pour les enregistreurs d'entretiens et les logiciels Davidhorn. Notre \u00e9quipe d'assistance \u00e0 la client\u00e8le est l\u00e0 pour vous aider.","og_url":"https:\/\/davidhorn.com\/fr\/soutien\/","og_site_name":"Davidhorn","article_publisher":"https:\/\/www.facebook.com\/Equipped.for.Justice\/","article_modified_time":"2025-09-12T12:35:52+00:00","og_image":[{"url":"https:\/\/davidhorn.com\/wp-content\/uploads\/2024\/05\/Untitled-design-17.png","type":"","width":"","height":""}],"twitter_card":"summary_large_image","twitter_misc":{"Temps de lecture estim\u00e9 ":"1 minute"},"schema":{"@context":"https:\/\/schema.org","@graph":[{"@type":"WebPage","@id":"https:\/\/davidhorn.com\/fr\/soutien\/","url":"https:\/\/davidhorn.com\/fr\/soutien\/","name":"Aide - Davidhorn","isPartOf":{"@id":"https:\/\/davidhorn.com\/#website"},"primaryImageOfPage":{"@id":"https:\/\/davidhorn.com\/fr\/soutien\/#primaryimage"},"image":{"@id":"https:\/\/davidhorn.com\/fr\/soutien\/#primaryimage"},"thumbnailUrl":"https:\/\/davidhorn.com\/wp-content\/uploads\/2024\/05\/Untitled-design-17.png","datePublished":"2024-05-28T09:02:28+00:00","dateModified":"2025-09-12T12:35:52+00:00","description":"B\u00e9n\u00e9ficiez d'une formation compl\u00e8te, d'une prise en main et d'une assistance pour les enregistreurs d'entretiens et les logiciels Davidhorn. Notre \u00e9quipe d'assistance \u00e0 la client\u00e8le est l\u00e0 pour vous aider.","breadcrumb":{"@id":"https:\/\/davidhorn.com\/fr\/soutien\/#breadcrumb"},"inLanguage":"fr-FR","potentialAction":[{"@type":"ReadAction","target":["https:\/\/davidhorn.com\/fr\/soutien\/"]}]},{"@type":"ImageObject","inLanguage":"fr-FR","@id":"https:\/\/davidhorn.com\/fr\/soutien\/#primaryimage","url":"https:\/\/davidhorn.com\/wp-content\/uploads\/2024\/05\/Untitled-design-17.png","contentUrl":"https:\/\/davidhorn.com\/wp-content\/uploads\/2024\/05\/Untitled-design-17.png"},{"@type":"BreadcrumbList","@id":"https:\/\/davidhorn.com\/fr\/soutien\/#breadcrumb","itemListElement":[{"@type":"ListItem","position":1,"name":"Accueil","item":"https:\/\/davidhorn.com\/fr\/"},{"@type":"ListItem","position":2,"name":"Aide"}]},{"@type":"WebSite","@id":"https:\/\/davidhorn.com\/#website","url":"https:\/\/davidhorn.com\/","name":"Davidhorn","description":"","publisher":{"@id":"https:\/\/davidhorn.com\/#organization"},"potentialAction":[{"@type":"SearchAction","target":{"@type":"EntryPoint","urlTemplate":"https:\/\/davidhorn.com\/?s={search_term_string}"},"query-input":{"@type":"PropertyValueSpecification","valueRequired":true,"valueName":"search_term_string"}}],"inLanguage":"fr-FR"},{"@type":"Organization","@id":"https:\/\/davidhorn.com\/#organization","name":"Davidhorn","url":"https:\/\/davidhorn.com\/","logo":{"@type":"ImageObject","inLanguage":"fr-FR","@id":"https:\/\/davidhorn.com\/#\/schema\/logo\/image\/","url":"https:\/\/d3pwq9e4hibwhv.cloudfront.net\/wp-content\/uploads\/2024\/05\/29122828\/primary-1.svg","contentUrl":"https:\/\/d3pwq9e4hibwhv.cloudfront.net\/wp-content\/uploads\/2024\/05\/29122828\/primary-1.svg","width":200,"height":32,"caption":"Davidhorn"},"image":{"@id":"https:\/\/davidhorn.com\/#\/schema\/logo\/image\/"},"sameAs":["https:\/\/www.facebook.com\/Equipped.for.Justice\/","https:\/\/www.linkedin.com\/company\/davidhorn","https:\/\/www.instagram.com\/davidhorn_company"]}]}},"_links":{"self":[{"href":"https:\/\/davidhorn.com\/fr\/wp-json\/wp\/v2\/pages\/9242","targetHints":{"allow":["GET"]}}],"collection":[{"href":"https:\/\/davidhorn.com\/fr\/wp-json\/wp\/v2\/pages"}],"about":[{"href":"https:\/\/davidhorn.com\/fr\/wp-json\/wp\/v2\/types\/page"}],"author":[{"embeddable":true,"href":"https:\/\/davidhorn.com\/fr\/wp-json\/wp\/v2\/users\/1"}],"replies":[{"embeddable":true,"href":"https:\/\/davidhorn.com\/fr\/wp-json\/wp\/v2\/comments?post=9242"}],"version-history":[{"count":11,"href":"https:\/\/davidhorn.com\/fr\/wp-json\/wp\/v2\/pages\/9242\/revisions"}],"predecessor-version":[{"id":14575,"href":"https:\/\/davidhorn.com\/fr\/wp-json\/wp\/v2\/pages\/9242\/revisions\/14575"}],"wp:attachment":[{"href":"https:\/\/davidhorn.com\/fr\/wp-json\/wp\/v2\/media?parent=9242"}],"curies":[{"name":"wp","href":"https:\/\/api.w.org\/{rel}","templated":true}]}}