{"id":9243,"date":"2024-06-06T07:25:18","date_gmt":"2024-06-06T07:25:18","guid":{"rendered":"https:\/\/davidhorn.com\/cas-dutilisation\/"},"modified":"2025-05-19T06:37:47","modified_gmt":"2025-05-19T06:37:47","slug":"cas-dutilisation","status":"publish","type":"page","link":"https:\/\/davidhorn.com\/fr\/cas-dutilisation\/","title":{"rendered":"Cas d&rsquo;utilisation"},"content":{"rendered":"\n<section class=\"wp-block-group has-global-padding is-layout-constrained wp-block-group-is-layout-constrained\" style=\"margin-top:var(--wp--preset--spacing--80);margin-bottom:var(--wp--preset--spacing--80)\">\n<div class=\"wp-block-columns alignwide is-layout-flex wp-container-core-columns-is-layout-28f84493 wp-block-columns-is-layout-flex\">\n<div class=\"wp-block-column is-layout-flow wp-block-column-is-layout-flow\">\n<h1 class=\"wp-block-heading\">Des enqu\u00eates efficaces, pr\u00e9cises et \u00e9quitables.<\/h1>\n\n\n\n<p class=\"is-style-lead\">Soutenir les enqu\u00eateurs et leur travail. Que vous interrogiez des t\u00e9moins vuln\u00e9rables, des enfants ou des suspects. Que vous travailliez dans la police, la d\u00e9fense, l&rsquo;immigration, Barnahus ou les investissements d&rsquo;entreprise.  <\/p>\n\n\n\n<p>  Davidhorn vous apportera des solutions bas\u00e9es sur l&rsquo;innovation et 40 ans d&rsquo;exp\u00e9rience.<\/p>\n<\/div>\n\n\n\n<div class=\"wp-block-column is-layout-flow wp-block-column-is-layout-flow\"><\/div>\n<\/div>\n<\/section>\n\n<section class=\"wp-block-group has-global-padding is-layout-constrained wp-block-group-is-layout-constrained\" style=\"margin-top:var(--wp--preset--spacing--80);margin-bottom:var(--wp--preset--spacing--80)\">\n<div class=\"wp-block-group alignwide is-content-justification-space-between is-layout-flex wp-container-core-group-is-layout-9366075c wp-block-group-is-layout-flex\">\n<h2 class=\"wp-block-heading\">Cas d&rsquo;utilisation que nous servons<\/h2>\n\n\n\n<p class=\"is-style-arrow\"><\/p>\n<\/div>\n\n\n\n<div class=\"wp-block-query alignwide is-style-default is-layout-flow wp-block-query-is-layout-flow\"><ul class=\"columns-3 wp-block-post-template is-layout-grid wp-container-core-post-template-is-layout-6d3fbd8f wp-block-post-template-is-layout-grid\"><li class=\"wp-block-post post-9747 use-case type-use-case status-publish has-post-thumbnail hentry\">\n\n<div class=\"wp-block-group position-relative has-global-padding is-layout-constrained wp-block-group-is-layout-constrained\"><figure style=\"aspect-ratio:2\/3;\" class=\"wp-block-post-featured-image\"><a href=\"https:\/\/davidhorn.com\/fr\/use-case\/entretiens-sur-le-terrain\/\" target=\"_self\"  ><img loading=\"lazy\" decoding=\"async\" width=\"2560\" height=\"1709\" src=\"https:\/\/d3pwq9e4hibwhv.cloudfront.net\/wp-content\/uploads\/2024\/06\/20095320\/shutterstock_1420353632-scaled.jpg\" class=\"attachment-post-thumbnail size-post-thumbnail wp-post-image\" alt=\"Entretiens sur le terrain\" style=\"width:100%;height:100%;object-fit:cover;\" srcset=\"https:\/\/d3pwq9e4hibwhv.cloudfront.net\/wp-content\/uploads\/2024\/06\/20095320\/shutterstock_1420353632-scaled.jpg 2560w, https:\/\/d3pwq9e4hibwhv.cloudfront.net\/wp-content\/uploads\/2024\/06\/20095320\/shutterstock_1420353632-300x200.jpg 300w, https:\/\/d3pwq9e4hibwhv.cloudfront.net\/wp-content\/uploads\/2024\/06\/20095320\/shutterstock_1420353632-1024x684.jpg 1024w, https:\/\/d3pwq9e4hibwhv.cloudfront.net\/wp-content\/uploads\/2024\/06\/20095320\/shutterstock_1420353632-768x513.jpg 768w, https:\/\/d3pwq9e4hibwhv.cloudfront.net\/wp-content\/uploads\/2024\/06\/20095320\/shutterstock_1420353632-1536x1025.jpg 1536w, https:\/\/d3pwq9e4hibwhv.cloudfront.net\/wp-content\/uploads\/2024\/06\/20095320\/shutterstock_1420353632-2048x1367.jpg 2048w\" sizes=\"auto, (max-width: 2560px) 100vw, 2560px\" \/><\/a><\/figure>\n\n\n<article class=\"wp-block-group width-100 position-absolute bottom-0 info-container has-background has-global-padding is-layout-constrained wp-container-core-group-is-layout-c816cdf9 wp-block-group-is-layout-constrained\" style=\"background-color:#ffffffb0;margin-top:0;margin-bottom:0;padding-top:var(--wp--preset--spacing--40);padding-right:var(--wp--preset--spacing--40);padding-bottom:var(--wp--preset--spacing--40);padding-left:var(--wp--preset--spacing--40)\"><h2 style=\"font-size:clamp(18.959px, 1.185rem + ((1vw - 3.2px) * 1.127), 30px);text-decoration:none;\" class=\"stretched-link is-style-arrow wp-block-post-title\"><a href=\"https:\/\/davidhorn.com\/fr\/use-case\/entretiens-sur-le-terrain\/\" target=\"_self\" >Entretiens sur le terrain<\/a><\/h2>\n\n<div class=\"wp-block-post-excerpt\"><p class=\"wp-block-post-excerpt__excerpt\">Voyez comment combler le foss\u00e9 entre la police traditionnelle et&#8230;<\/p><p class=\"wp-block-post-excerpt__more-text\"><a class=\"wp-block-post-excerpt__more-link\" href=\"https:\/\/davidhorn.com\/fr\/use-case\/entretiens-sur-le-terrain\/\">Plus d&rsquo;informations ici<\/a><\/p><\/div><\/article>\n<\/div>\n\n<\/li><li class=\"wp-block-post post-9748 use-case type-use-case status-publish has-post-thumbnail hentry\">\n\n<div class=\"wp-block-group position-relative has-global-padding is-layout-constrained wp-block-group-is-layout-constrained\"><figure style=\"aspect-ratio:2\/3;\" class=\"wp-block-post-featured-image\"><a href=\"https:\/\/davidhorn.com\/fr\/use-case\/entretien-avec-un-temoin-vulnerable\/\" target=\"_self\"  ><img loading=\"lazy\" decoding=\"async\" width=\"2560\" height=\"2560\" src=\"https:\/\/d3pwq9e4hibwhv.cloudfront.net\/wp-content\/uploads\/2024\/05\/28074339\/greyscale-shot-of-the-shadows-of-two-people-s-shad-2023-11-27-05-28-04-utc-scaled.jpg\" class=\"attachment-post-thumbnail size-post-thumbnail wp-post-image\" alt=\"Entretien avec un t\u00e9moin vuln\u00e9rable\" style=\"width:100%;height:100%;object-fit:cover;\" srcset=\"https:\/\/d3pwq9e4hibwhv.cloudfront.net\/wp-content\/uploads\/2024\/05\/28074339\/greyscale-shot-of-the-shadows-of-two-people-s-shad-2023-11-27-05-28-04-utc-scaled.jpg 2560w, https:\/\/d3pwq9e4hibwhv.cloudfront.net\/wp-content\/uploads\/2024\/05\/28074339\/greyscale-shot-of-the-shadows-of-two-people-s-shad-2023-11-27-05-28-04-utc-300x300.jpg 300w, https:\/\/d3pwq9e4hibwhv.cloudfront.net\/wp-content\/uploads\/2024\/05\/28074339\/greyscale-shot-of-the-shadows-of-two-people-s-shad-2023-11-27-05-28-04-utc-1024x1024.jpg 1024w, https:\/\/d3pwq9e4hibwhv.cloudfront.net\/wp-content\/uploads\/2024\/05\/28074339\/greyscale-shot-of-the-shadows-of-two-people-s-shad-2023-11-27-05-28-04-utc-150x150.jpg 150w, https:\/\/d3pwq9e4hibwhv.cloudfront.net\/wp-content\/uploads\/2024\/05\/28074339\/greyscale-shot-of-the-shadows-of-two-people-s-shad-2023-11-27-05-28-04-utc-768x768.jpg 768w, https:\/\/d3pwq9e4hibwhv.cloudfront.net\/wp-content\/uploads\/2024\/05\/28074339\/greyscale-shot-of-the-shadows-of-two-people-s-shad-2023-11-27-05-28-04-utc-1536x1536.jpg 1536w, https:\/\/d3pwq9e4hibwhv.cloudfront.net\/wp-content\/uploads\/2024\/05\/28074339\/greyscale-shot-of-the-shadows-of-two-people-s-shad-2023-11-27-05-28-04-utc-2048x2048.jpg 2048w\" sizes=\"auto, (max-width: 2560px) 100vw, 2560px\" \/><\/a><\/figure>\n\n\n<article class=\"wp-block-group width-100 position-absolute bottom-0 info-container has-background has-global-padding is-layout-constrained wp-container-core-group-is-layout-c816cdf9 wp-block-group-is-layout-constrained\" style=\"background-color:#ffffffb0;margin-top:0;margin-bottom:0;padding-top:var(--wp--preset--spacing--40);padding-right:var(--wp--preset--spacing--40);padding-bottom:var(--wp--preset--spacing--40);padding-left:var(--wp--preset--spacing--40)\"><h2 style=\"font-size:clamp(18.959px, 1.185rem + ((1vw - 3.2px) * 1.127), 30px);text-decoration:none;\" class=\"stretched-link is-style-arrow wp-block-post-title\"><a href=\"https:\/\/davidhorn.com\/fr\/use-case\/entretien-avec-un-temoin-vulnerable\/\" target=\"_self\" >Entretien avec un t\u00e9moin vuln\u00e9rable<\/a><\/h2>\n\n<div class=\"wp-block-post-excerpt\"><p class=\"wp-block-post-excerpt__excerpt\">D\u00e9couvrez comment cr\u00e9er un environnement s\u00fbr et favorable lors des&#8230;<\/p><p class=\"wp-block-post-excerpt__more-text\"><a class=\"wp-block-post-excerpt__more-link\" href=\"https:\/\/davidhorn.com\/fr\/use-case\/entretien-avec-un-temoin-vulnerable\/\">Plus d&rsquo;informations ici<\/a><\/p><\/div><\/article>\n<\/div>\n\n<\/li><li class=\"wp-block-post post-9749 use-case type-use-case status-publish has-post-thumbnail hentry\">\n\n<div class=\"wp-block-group position-relative has-global-padding is-layout-constrained wp-block-group-is-layout-constrained\"><figure style=\"aspect-ratio:2\/3;\" class=\"wp-block-post-featured-image\"><a href=\"https:\/\/davidhorn.com\/fr\/use-case\/entretien-avec-le-suspect\/\" target=\"_self\"  ><img loading=\"lazy\" decoding=\"async\" width=\"2560\" height=\"1707\" src=\"https:\/\/d3pwq9e4hibwhv.cloudfront.net\/wp-content\/uploads\/2024\/06\/18060507\/AdobeStock_510796720-scaled.jpeg\" class=\"attachment-post-thumbnail size-post-thumbnail wp-post-image\" alt=\"Entretien avec le suspect\" style=\"width:100%;height:100%;object-fit:cover;\" srcset=\"https:\/\/d3pwq9e4hibwhv.cloudfront.net\/wp-content\/uploads\/2024\/06\/18060507\/AdobeStock_510796720-scaled.jpeg 2560w, https:\/\/d3pwq9e4hibwhv.cloudfront.net\/wp-content\/uploads\/2024\/06\/18060507\/AdobeStock_510796720-300x200.jpeg 300w, https:\/\/d3pwq9e4hibwhv.cloudfront.net\/wp-content\/uploads\/2024\/06\/18060507\/AdobeStock_510796720-1024x683.jpeg 1024w, https:\/\/d3pwq9e4hibwhv.cloudfront.net\/wp-content\/uploads\/2024\/06\/18060507\/AdobeStock_510796720-768x512.jpeg 768w, https:\/\/d3pwq9e4hibwhv.cloudfront.net\/wp-content\/uploads\/2024\/06\/18060507\/AdobeStock_510796720-1536x1024.jpeg 1536w, https:\/\/d3pwq9e4hibwhv.cloudfront.net\/wp-content\/uploads\/2024\/06\/18060507\/AdobeStock_510796720-2048x1365.jpeg 2048w\" sizes=\"auto, (max-width: 2560px) 100vw, 2560px\" \/><\/a><\/figure>\n\n\n<article class=\"wp-block-group width-100 position-absolute bottom-0 info-container has-background has-global-padding is-layout-constrained wp-container-core-group-is-layout-c816cdf9 wp-block-group-is-layout-constrained\" style=\"background-color:#ffffffb0;margin-top:0;margin-bottom:0;padding-top:var(--wp--preset--spacing--40);padding-right:var(--wp--preset--spacing--40);padding-bottom:var(--wp--preset--spacing--40);padding-left:var(--wp--preset--spacing--40)\"><h2 style=\"font-size:clamp(18.959px, 1.185rem + ((1vw - 3.2px) * 1.127), 30px);text-decoration:none;\" class=\"stretched-link is-style-arrow wp-block-post-title\"><a href=\"https:\/\/davidhorn.com\/fr\/use-case\/entretien-avec-le-suspect\/\" target=\"_self\" >Entretien avec le suspect<\/a><\/h2>\n\n<div class=\"wp-block-post-excerpt\"><p class=\"wp-block-post-excerpt__excerpt\">D\u00e9couvrez comment la technologie d&rsquo;enregistrement permet d&rsquo;\u00e9viter les erreurs judiciaires&#8230;<\/p><p class=\"wp-block-post-excerpt__more-text\"><a class=\"wp-block-post-excerpt__more-link\" href=\"https:\/\/davidhorn.com\/fr\/use-case\/entretien-avec-le-suspect\/\">Plus d&rsquo;informations ici<\/a><\/p><\/div><\/article>\n<\/div>\n\n<\/li><\/ul><\/div>\n<\/section>\n\n<section class=\"wp-block-group has-global-padding is-layout-constrained wp-container-core-group-is-layout-46ffcf9b wp-block-group-is-layout-constrained\" style=\"margin-top:var(--wp--preset--spacing--80);margin-bottom:var(--wp--preset--spacing--80);padding-top:var(--wp--preset--spacing--60);padding-bottom:var(--wp--preset--spacing--80)\">\n<p class=\"has-text-align-left is-style-default\" style=\"padding-bottom:var(--wp--preset--spacing--30);font-size:clamp(38.682px, 2.418rem + ((1vw - 3.2px) * 3.4), 72px);line-height:1.2\">Vous souhaitez en savoir plus sur nos <strong><mark style=\"background-color:rgba(0, 0, 0, 0)\" class=\"has-inline-color has-primary-color\">gamme<\/mark><\/strong> produits ?  <\/p>\n\n\n\n<div class=\"wp-block-buttons is-layout-flex wp-block-buttons-is-layout-flex\">\n<div class=\"wp-block-button\"><a class=\"wp-block-button__link wp-element-button\" href=\"https:\/\/davidhorn.com\/fr\/produits\/\">En savoir plus<\/a><\/div>\n<\/div>\n<\/section>\n","protected":false},"excerpt":{"rendered":"<p>Des enqu\u00eates efficaces, pr\u00e9cises et \u00e9quitables. Soutenir les enqu\u00eateurs et leur travail. Que vous interrogiez des&#8230;<\/p>\n","protected":false},"author":1,"featured_media":0,"parent":0,"menu_order":0,"comment_status":"closed","ping_status":"closed","template":"","meta":{"_acf_changed":false,"inline_featured_image":false,"footnotes":""},"class_list":["post-9243","page","type-page","status-publish","hentry"],"acf":[],"yoast_head":"<!-- This site is optimized with the Yoast SEO Premium plugin v27.3 (Yoast SEO v27.3) - https:\/\/yoast.com\/product\/yoast-seo-premium-wordpress\/ -->\n<title>Davidhorn<\/title>\n<meta name=\"robots\" content=\"index, follow, max-snippet:-1, max-image-preview:large, max-video-preview:-1\" \/>\n<link rel=\"canonical\" href=\"https:\/\/davidhorn.com\/fr\/cas-dutilisation\/\" \/>\n<meta property=\"og:locale\" content=\"fr_FR\" \/>\n<meta property=\"og:type\" content=\"article\" \/>\n<meta property=\"og:title\" content=\"Cas d&#039;utilisation\" \/>\n<meta property=\"og:description\" content=\"Des enqu\u00eates efficaces, pr\u00e9cises et \u00e9quitables. Soutenir les enqu\u00eateurs et leur travail. Que vous interrogiez des...\" \/>\n<meta property=\"og:url\" content=\"https:\/\/davidhorn.com\/fr\/cas-dutilisation\/\" \/>\n<meta property=\"og:site_name\" content=\"Davidhorn\" \/>\n<meta property=\"article:publisher\" content=\"https:\/\/www.facebook.com\/Equipped.for.Justice\/\" \/>\n<meta property=\"article:modified_time\" content=\"2025-05-19T06:37:47+00:00\" \/>\n<meta property=\"og:image\" content=\"https:\/\/d3pwq9e4hibwhv.cloudfront.net\/wp-content\/uploads\/2024\/06\/23104719\/night-life-blur-background-2024-02-28-03-24-31-utc-scaled-1-1024x683.jpg\" \/>\n\t<meta property=\"og:image:width\" content=\"1024\" \/>\n\t<meta property=\"og:image:height\" content=\"683\" \/>\n\t<meta property=\"og:image:type\" content=\"image\/jpeg\" \/>\n<meta name=\"twitter:card\" content=\"summary_large_image\" \/>\n<script type=\"application\/ld+json\" class=\"yoast-schema-graph\">{\"@context\":\"https:\\\/\\\/schema.org\",\"@graph\":[{\"@type\":\"WebPage\",\"@id\":\"https:\\\/\\\/davidhorn.com\\\/fr\\\/cas-dutilisation\\\/\",\"url\":\"https:\\\/\\\/davidhorn.com\\\/fr\\\/cas-dutilisation\\\/\",\"name\":\"Cas d'utilisation - Davidhorn\",\"isPartOf\":{\"@id\":\"https:\\\/\\\/davidhorn.com\\\/#website\"},\"datePublished\":\"2024-06-06T07:25:18+00:00\",\"dateModified\":\"2025-05-19T06:37:47+00:00\",\"breadcrumb\":{\"@id\":\"https:\\\/\\\/davidhorn.com\\\/fr\\\/cas-dutilisation\\\/#breadcrumb\"},\"inLanguage\":\"fr-FR\",\"potentialAction\":[{\"@type\":\"ReadAction\",\"target\":[\"https:\\\/\\\/davidhorn.com\\\/fr\\\/cas-dutilisation\\\/\"]}]},{\"@type\":\"BreadcrumbList\",\"@id\":\"https:\\\/\\\/davidhorn.com\\\/fr\\\/cas-dutilisation\\\/#breadcrumb\",\"itemListElement\":[{\"@type\":\"ListItem\",\"position\":1,\"name\":\"Accueil\",\"item\":\"https:\\\/\\\/davidhorn.com\\\/fr\\\/\"},{\"@type\":\"ListItem\",\"position\":2,\"name\":\"Cas d&#8217;utilisation\"}]},{\"@type\":\"WebSite\",\"@id\":\"https:\\\/\\\/davidhorn.com\\\/#website\",\"url\":\"https:\\\/\\\/davidhorn.com\\\/\",\"name\":\"Davidhorn\",\"description\":\"\",\"publisher\":{\"@id\":\"https:\\\/\\\/davidhorn.com\\\/#organization\"},\"potentialAction\":[{\"@type\":\"SearchAction\",\"target\":{\"@type\":\"EntryPoint\",\"urlTemplate\":\"https:\\\/\\\/davidhorn.com\\\/?s={search_term_string}\"},\"query-input\":{\"@type\":\"PropertyValueSpecification\",\"valueRequired\":true,\"valueName\":\"search_term_string\"}}],\"inLanguage\":\"fr-FR\"},{\"@type\":\"Organization\",\"@id\":\"https:\\\/\\\/davidhorn.com\\\/#organization\",\"name\":\"Davidhorn\",\"url\":\"https:\\\/\\\/davidhorn.com\\\/\",\"logo\":{\"@type\":\"ImageObject\",\"inLanguage\":\"fr-FR\",\"@id\":\"https:\\\/\\\/davidhorn.com\\\/#\\\/schema\\\/logo\\\/image\\\/\",\"url\":\"https:\\\/\\\/d3pwq9e4hibwhv.cloudfront.net\\\/wp-content\\\/uploads\\\/2024\\\/05\\\/29122828\\\/primary-1.svg\",\"contentUrl\":\"https:\\\/\\\/d3pwq9e4hibwhv.cloudfront.net\\\/wp-content\\\/uploads\\\/2024\\\/05\\\/29122828\\\/primary-1.svg\",\"width\":200,\"height\":32,\"caption\":\"Davidhorn\"},\"image\":{\"@id\":\"https:\\\/\\\/davidhorn.com\\\/#\\\/schema\\\/logo\\\/image\\\/\"},\"sameAs\":[\"https:\\\/\\\/www.facebook.com\\\/Equipped.for.Justice\\\/\",\"https:\\\/\\\/www.linkedin.com\\\/company\\\/davidhorn\",\"https:\\\/\\\/www.instagram.com\\\/davidhorn_company\"]}]}<\/script>\n<!-- \/ Yoast SEO Premium plugin. -->","yoast_head_json":{"title":"Davidhorn","robots":{"index":"index","follow":"follow","max-snippet":"max-snippet:-1","max-image-preview":"max-image-preview:large","max-video-preview":"max-video-preview:-1"},"canonical":"https:\/\/davidhorn.com\/fr\/cas-dutilisation\/","og_locale":"fr_FR","og_type":"article","og_title":"Cas d'utilisation","og_description":"Des enqu\u00eates efficaces, pr\u00e9cises et \u00e9quitables. Soutenir les enqu\u00eateurs et leur travail. Que vous interrogiez des...","og_url":"https:\/\/davidhorn.com\/fr\/cas-dutilisation\/","og_site_name":"Davidhorn","article_publisher":"https:\/\/www.facebook.com\/Equipped.for.Justice\/","article_modified_time":"2025-05-19T06:37:47+00:00","og_image":[{"width":1024,"height":683,"url":"https:\/\/d3pwq9e4hibwhv.cloudfront.net\/wp-content\/uploads\/2024\/06\/23104719\/night-life-blur-background-2024-02-28-03-24-31-utc-scaled-1-1024x683.jpg","type":"image\/jpeg"}],"twitter_card":"summary_large_image","schema":{"@context":"https:\/\/schema.org","@graph":[{"@type":"WebPage","@id":"https:\/\/davidhorn.com\/fr\/cas-dutilisation\/","url":"https:\/\/davidhorn.com\/fr\/cas-dutilisation\/","name":"Cas d'utilisation - Davidhorn","isPartOf":{"@id":"https:\/\/davidhorn.com\/#website"},"datePublished":"2024-06-06T07:25:18+00:00","dateModified":"2025-05-19T06:37:47+00:00","breadcrumb":{"@id":"https:\/\/davidhorn.com\/fr\/cas-dutilisation\/#breadcrumb"},"inLanguage":"fr-FR","potentialAction":[{"@type":"ReadAction","target":["https:\/\/davidhorn.com\/fr\/cas-dutilisation\/"]}]},{"@type":"BreadcrumbList","@id":"https:\/\/davidhorn.com\/fr\/cas-dutilisation\/#breadcrumb","itemListElement":[{"@type":"ListItem","position":1,"name":"Accueil","item":"https:\/\/davidhorn.com\/fr\/"},{"@type":"ListItem","position":2,"name":"Cas d&#8217;utilisation"}]},{"@type":"WebSite","@id":"https:\/\/davidhorn.com\/#website","url":"https:\/\/davidhorn.com\/","name":"Davidhorn","description":"","publisher":{"@id":"https:\/\/davidhorn.com\/#organization"},"potentialAction":[{"@type":"SearchAction","target":{"@type":"EntryPoint","urlTemplate":"https:\/\/davidhorn.com\/?s={search_term_string}"},"query-input":{"@type":"PropertyValueSpecification","valueRequired":true,"valueName":"search_term_string"}}],"inLanguage":"fr-FR"},{"@type":"Organization","@id":"https:\/\/davidhorn.com\/#organization","name":"Davidhorn","url":"https:\/\/davidhorn.com\/","logo":{"@type":"ImageObject","inLanguage":"fr-FR","@id":"https:\/\/davidhorn.com\/#\/schema\/logo\/image\/","url":"https:\/\/d3pwq9e4hibwhv.cloudfront.net\/wp-content\/uploads\/2024\/05\/29122828\/primary-1.svg","contentUrl":"https:\/\/d3pwq9e4hibwhv.cloudfront.net\/wp-content\/uploads\/2024\/05\/29122828\/primary-1.svg","width":200,"height":32,"caption":"Davidhorn"},"image":{"@id":"https:\/\/davidhorn.com\/#\/schema\/logo\/image\/"},"sameAs":["https:\/\/www.facebook.com\/Equipped.for.Justice\/","https:\/\/www.linkedin.com\/company\/davidhorn","https:\/\/www.instagram.com\/davidhorn_company"]}]}},"_links":{"self":[{"href":"https:\/\/davidhorn.com\/fr\/wp-json\/wp\/v2\/pages\/9243","targetHints":{"allow":["GET"]}}],"collection":[{"href":"https:\/\/davidhorn.com\/fr\/wp-json\/wp\/v2\/pages"}],"about":[{"href":"https:\/\/davidhorn.com\/fr\/wp-json\/wp\/v2\/types\/page"}],"author":[{"embeddable":true,"href":"https:\/\/davidhorn.com\/fr\/wp-json\/wp\/v2\/users\/1"}],"replies":[{"embeddable":true,"href":"https:\/\/davidhorn.com\/fr\/wp-json\/wp\/v2\/comments?post=9243"}],"version-history":[{"count":1,"href":"https:\/\/davidhorn.com\/fr\/wp-json\/wp\/v2\/pages\/9243\/revisions"}],"predecessor-version":[{"id":9247,"href":"https:\/\/davidhorn.com\/fr\/wp-json\/wp\/v2\/pages\/9243\/revisions\/9247"}],"wp:attachment":[{"href":"https:\/\/davidhorn.com\/fr\/wp-json\/wp\/v2\/media?parent=9243"}],"curies":[{"name":"wp","href":"https:\/\/api.w.org\/{rel}","templated":true}]}}