{"id":9260,"date":"2024-07-02T07:36:08","date_gmt":"2024-07-02T05:36:08","guid":{"rendered":"https:\/\/davidhorn.com\/succes-de-linscription\/"},"modified":"2025-05-22T15:01:10","modified_gmt":"2025-05-22T13:01:10","slug":"succes-de-linscription","status":"publish","type":"page","link":"https:\/\/davidhorn.com\/fr\/succes-de-linscription\/","title":{"rendered":"Succ\u00e8s de l&rsquo;inscription"},"content":{"rendered":"\n<div class=\"wp-block-group has-global-padding is-layout-constrained wp-block-group-is-layout-constrained\" style=\"margin-top:var(--wp--preset--spacing--50);margin-bottom:var(--wp--preset--spacing--50)\">\n<div class=\"wp-block-group is-vertical is-layout-flex wp-container-core-group-is-layout-fe9cc265 wp-block-group-is-layout-flex\">\n<div class=\"wp-block-group is-nowrap is-layout-flex wp-container-core-group-is-layout-5c4495dd wp-block-group-is-layout-flex\">\n<h1 class=\"wp-block-heading has-text-align-left has-gigantic-font-size\">Bienvenue !<\/h1>\n<\/div>\n\n\n\n<p>F\u00e9licitations, vous faites d\u00e9sormais partie de notre communaut\u00e9 d&rsquo;apprentissage !<\/p>\n\n\n\n<div class=\"wp-block-buttons is-layout-flex wp-block-buttons-is-layout-flex\">\n<div class=\"wp-block-button is-style-fill\"><a class=\"wp-block-button__link wp-element-button\" href=\"https:\/\/davidhorn.com\/fr\/profil\/\">Aller au profil<\/a><\/div>\n<\/div>\n<\/div>\n<\/div>\n","protected":false},"excerpt":{"rendered":"<p>Bienvenue ! F\u00e9licitations, vous faites d\u00e9sormais partie de notre communaut\u00e9 d&rsquo;apprentissage !<\/p>\n","protected":false},"author":1,"featured_media":0,"parent":0,"menu_order":0,"comment_status":"closed","ping_status":"closed","template":"","meta":{"_acf_changed":false,"inline_featured_image":false,"footnotes":""},"class_list":["post-9260","page","type-page","status-publish","hentry"],"acf":[],"yoast_head":"<!-- This site is optimized with the Yoast SEO Premium plugin v27.3 (Yoast SEO v27.3) - https:\/\/yoast.com\/product\/yoast-seo-premium-wordpress\/ -->\n<title>Davidhorn<\/title>\n<meta name=\"robots\" content=\"index, follow, max-snippet:-1, max-image-preview:large, max-video-preview:-1\" \/>\n<link rel=\"canonical\" href=\"https:\/\/davidhorn.com\/fr\/succes-de-linscription\/\" \/>\n<meta property=\"og:locale\" content=\"fr_FR\" \/>\n<meta property=\"og:type\" content=\"article\" \/>\n<meta property=\"og:title\" content=\"Succ\u00e8s de l&#039;inscription\" \/>\n<meta property=\"og:description\" content=\"Bienvenue ! F\u00e9licitations, vous faites d\u00e9sormais partie de notre communaut\u00e9 d&rsquo;apprentissage !\" \/>\n<meta property=\"og:url\" content=\"https:\/\/davidhorn.com\/fr\/succes-de-linscription\/\" \/>\n<meta property=\"og:site_name\" content=\"Davidhorn\" \/>\n<meta property=\"article:publisher\" content=\"https:\/\/www.facebook.com\/Equipped.for.Justice\/\" \/>\n<meta property=\"article:modified_time\" content=\"2025-05-22T13:01:10+00:00\" \/>\n<meta property=\"og:image\" content=\"https:\/\/d3pwq9e4hibwhv.cloudfront.net\/wp-content\/uploads\/2024\/06\/23104719\/night-life-blur-background-2024-02-28-03-24-31-utc-scaled-1-1024x683.jpg\" \/>\n\t<meta property=\"og:image:width\" content=\"1024\" \/>\n\t<meta property=\"og:image:height\" content=\"683\" \/>\n\t<meta property=\"og:image:type\" content=\"image\/jpeg\" \/>\n<meta name=\"twitter:card\" content=\"summary_large_image\" \/>\n<script type=\"application\/ld+json\" class=\"yoast-schema-graph\">{\"@context\":\"https:\\\/\\\/schema.org\",\"@graph\":[{\"@type\":\"WebPage\",\"@id\":\"https:\\\/\\\/davidhorn.com\\\/fr\\\/succes-de-linscription\\\/\",\"url\":\"https:\\\/\\\/davidhorn.com\\\/fr\\\/succes-de-linscription\\\/\",\"name\":\"Succ\u00e8s de l'inscription - Davidhorn\",\"isPartOf\":{\"@id\":\"https:\\\/\\\/davidhorn.com\\\/#website\"},\"datePublished\":\"2024-07-02T05:36:08+00:00\",\"dateModified\":\"2025-05-22T13:01:10+00:00\",\"breadcrumb\":{\"@id\":\"https:\\\/\\\/davidhorn.com\\\/fr\\\/succes-de-linscription\\\/#breadcrumb\"},\"inLanguage\":\"fr-FR\",\"potentialAction\":[{\"@type\":\"ReadAction\",\"target\":[\"https:\\\/\\\/davidhorn.com\\\/fr\\\/succes-de-linscription\\\/\"]}]},{\"@type\":\"BreadcrumbList\",\"@id\":\"https:\\\/\\\/davidhorn.com\\\/fr\\\/succes-de-linscription\\\/#breadcrumb\",\"itemListElement\":[{\"@type\":\"ListItem\",\"position\":1,\"name\":\"Accueil\",\"item\":\"https:\\\/\\\/davidhorn.com\\\/fr\\\/\"},{\"@type\":\"ListItem\",\"position\":2,\"name\":\"Succ\u00e8s de l&#8217;inscription\"}]},{\"@type\":\"WebSite\",\"@id\":\"https:\\\/\\\/davidhorn.com\\\/#website\",\"url\":\"https:\\\/\\\/davidhorn.com\\\/\",\"name\":\"Davidhorn\",\"description\":\"\",\"publisher\":{\"@id\":\"https:\\\/\\\/davidhorn.com\\\/#organization\"},\"potentialAction\":[{\"@type\":\"SearchAction\",\"target\":{\"@type\":\"EntryPoint\",\"urlTemplate\":\"https:\\\/\\\/davidhorn.com\\\/?s={search_term_string}\"},\"query-input\":{\"@type\":\"PropertyValueSpecification\",\"valueRequired\":true,\"valueName\":\"search_term_string\"}}],\"inLanguage\":\"fr-FR\"},{\"@type\":\"Organization\",\"@id\":\"https:\\\/\\\/davidhorn.com\\\/#organization\",\"name\":\"Davidhorn\",\"url\":\"https:\\\/\\\/davidhorn.com\\\/\",\"logo\":{\"@type\":\"ImageObject\",\"inLanguage\":\"fr-FR\",\"@id\":\"https:\\\/\\\/davidhorn.com\\\/#\\\/schema\\\/logo\\\/image\\\/\",\"url\":\"https:\\\/\\\/d3pwq9e4hibwhv.cloudfront.net\\\/wp-content\\\/uploads\\\/2024\\\/05\\\/29122828\\\/primary-1.svg\",\"contentUrl\":\"https:\\\/\\\/d3pwq9e4hibwhv.cloudfront.net\\\/wp-content\\\/uploads\\\/2024\\\/05\\\/29122828\\\/primary-1.svg\",\"width\":200,\"height\":32,\"caption\":\"Davidhorn\"},\"image\":{\"@id\":\"https:\\\/\\\/davidhorn.com\\\/#\\\/schema\\\/logo\\\/image\\\/\"},\"sameAs\":[\"https:\\\/\\\/www.facebook.com\\\/Equipped.for.Justice\\\/\",\"https:\\\/\\\/www.linkedin.com\\\/company\\\/davidhorn\",\"https:\\\/\\\/www.instagram.com\\\/davidhorn_company\"]}]}<\/script>\n<!-- \/ Yoast SEO Premium plugin. -->","yoast_head_json":{"title":"Davidhorn","robots":{"index":"index","follow":"follow","max-snippet":"max-snippet:-1","max-image-preview":"max-image-preview:large","max-video-preview":"max-video-preview:-1"},"canonical":"https:\/\/davidhorn.com\/fr\/succes-de-linscription\/","og_locale":"fr_FR","og_type":"article","og_title":"Succ\u00e8s de l'inscription","og_description":"Bienvenue ! F\u00e9licitations, vous faites d\u00e9sormais partie de notre communaut\u00e9 d&rsquo;apprentissage !","og_url":"https:\/\/davidhorn.com\/fr\/succes-de-linscription\/","og_site_name":"Davidhorn","article_publisher":"https:\/\/www.facebook.com\/Equipped.for.Justice\/","article_modified_time":"2025-05-22T13:01:10+00:00","og_image":[{"width":1024,"height":683,"url":"https:\/\/d3pwq9e4hibwhv.cloudfront.net\/wp-content\/uploads\/2024\/06\/23104719\/night-life-blur-background-2024-02-28-03-24-31-utc-scaled-1-1024x683.jpg","type":"image\/jpeg"}],"twitter_card":"summary_large_image","schema":{"@context":"https:\/\/schema.org","@graph":[{"@type":"WebPage","@id":"https:\/\/davidhorn.com\/fr\/succes-de-linscription\/","url":"https:\/\/davidhorn.com\/fr\/succes-de-linscription\/","name":"Succ\u00e8s de l'inscription - Davidhorn","isPartOf":{"@id":"https:\/\/davidhorn.com\/#website"},"datePublished":"2024-07-02T05:36:08+00:00","dateModified":"2025-05-22T13:01:10+00:00","breadcrumb":{"@id":"https:\/\/davidhorn.com\/fr\/succes-de-linscription\/#breadcrumb"},"inLanguage":"fr-FR","potentialAction":[{"@type":"ReadAction","target":["https:\/\/davidhorn.com\/fr\/succes-de-linscription\/"]}]},{"@type":"BreadcrumbList","@id":"https:\/\/davidhorn.com\/fr\/succes-de-linscription\/#breadcrumb","itemListElement":[{"@type":"ListItem","position":1,"name":"Accueil","item":"https:\/\/davidhorn.com\/fr\/"},{"@type":"ListItem","position":2,"name":"Succ\u00e8s de l&#8217;inscription"}]},{"@type":"WebSite","@id":"https:\/\/davidhorn.com\/#website","url":"https:\/\/davidhorn.com\/","name":"Davidhorn","description":"","publisher":{"@id":"https:\/\/davidhorn.com\/#organization"},"potentialAction":[{"@type":"SearchAction","target":{"@type":"EntryPoint","urlTemplate":"https:\/\/davidhorn.com\/?s={search_term_string}"},"query-input":{"@type":"PropertyValueSpecification","valueRequired":true,"valueName":"search_term_string"}}],"inLanguage":"fr-FR"},{"@type":"Organization","@id":"https:\/\/davidhorn.com\/#organization","name":"Davidhorn","url":"https:\/\/davidhorn.com\/","logo":{"@type":"ImageObject","inLanguage":"fr-FR","@id":"https:\/\/davidhorn.com\/#\/schema\/logo\/image\/","url":"https:\/\/d3pwq9e4hibwhv.cloudfront.net\/wp-content\/uploads\/2024\/05\/29122828\/primary-1.svg","contentUrl":"https:\/\/d3pwq9e4hibwhv.cloudfront.net\/wp-content\/uploads\/2024\/05\/29122828\/primary-1.svg","width":200,"height":32,"caption":"Davidhorn"},"image":{"@id":"https:\/\/davidhorn.com\/#\/schema\/logo\/image\/"},"sameAs":["https:\/\/www.facebook.com\/Equipped.for.Justice\/","https:\/\/www.linkedin.com\/company\/davidhorn","https:\/\/www.instagram.com\/davidhorn_company"]}]}},"_links":{"self":[{"href":"https:\/\/davidhorn.com\/fr\/wp-json\/wp\/v2\/pages\/9260","targetHints":{"allow":["GET"]}}],"collection":[{"href":"https:\/\/davidhorn.com\/fr\/wp-json\/wp\/v2\/pages"}],"about":[{"href":"https:\/\/davidhorn.com\/fr\/wp-json\/wp\/v2\/types\/page"}],"author":[{"embeddable":true,"href":"https:\/\/davidhorn.com\/fr\/wp-json\/wp\/v2\/users\/1"}],"replies":[{"embeddable":true,"href":"https:\/\/davidhorn.com\/fr\/wp-json\/wp\/v2\/comments?post=9260"}],"version-history":[{"count":2,"href":"https:\/\/davidhorn.com\/fr\/wp-json\/wp\/v2\/pages\/9260\/revisions"}],"predecessor-version":[{"id":11304,"href":"https:\/\/davidhorn.com\/fr\/wp-json\/wp\/v2\/pages\/9260\/revisions\/11304"}],"wp:attachment":[{"href":"https:\/\/davidhorn.com\/fr\/wp-json\/wp\/v2\/media?parent=9260"}],"curies":[{"name":"wp","href":"https:\/\/api.w.org\/{rel}","templated":true}]}}