{"id":9282,"date":"2024-09-16T20:52:45","date_gmt":"2024-09-16T20:52:45","guid":{"rendered":"https:\/\/davidhorn.com\/tableau-de-bord-des-rapports\/"},"modified":"2025-05-19T06:37:54","modified_gmt":"2025-05-19T06:37:54","slug":"tableau-de-bord-des-rapports","status":"publish","type":"page","link":"https:\/\/davidhorn.com\/fr\/tableau-de-bord-des-rapports\/","title":{"rendered":"Tableau de bord des rapports"},"content":{"rendered":"\n<div class=\"wp-block-group has-global-padding is-layout-constrained wp-block-group-is-layout-constrained\">\n<div class=\"wp-block-columns wrld-mw-1400 is-layout-flex wp-container-core-columns-is-layout-28f84493 wp-block-columns-is-layout-flex\">\n<div class=\"wp-block-column lr-top-tiles is-layout-flow wp-block-column-is-layout-flow\">\n<div class=\"wp-block-wisdm-learndash-reports-date-filters\"><div class=\"wisdm-learndash-reports-chart-block\"><div class=\"wisdm-learndash-reports-date-filters front\"><\/div><\/div><\/div>\n\n\n\n<div class=\"wp-block-columns lr-tiles-container is-layout-flex wp-container-core-columns-is-layout-28f84493 wp-block-columns-is-layout-flex\">\n<div class=\"wp-block-column lr-tre is-layout-flow wp-block-column-is-layout-flow\">\n<div class=\"wp-block-wisdm-learndash-reports-total-revenue-earned\"><div class=\"wisdm-learndash-reports-total-revenue-earned front\"><\/div><\/div>\n<\/div>\n\n\n\n<div class=\"wp-block-column is-layout-flow wp-block-column-is-layout-flow\">\n<div class=\"wp-block-wisdm-learndash-reports-total-courses\"><div class=\"wisdm-learndash-reports-total-courses front\"><\/div><\/div>\n<\/div>\n\n\n\n<div class=\"wp-block-column is-layout-flow wp-block-column-is-layout-flow\">\n<div class=\"wp-block-wisdm-learndash-reports-total-learners\"><div class=\"wisdm-learndash-reports-total-learners front\"><\/div><\/div>\n<\/div>\n\n\n\n<div class=\"wp-block-column is-layout-flow wp-block-column-is-layout-flow\">\n<div class=\"wp-block-wisdm-learndash-reports-pending-assignments\"><div class=\"wisdm-learndash-reports-pending-assignments front\"><\/div><\/div>\n<\/div>\n<\/div>\n<\/div>\n<\/div>\n\n\n\n<div class=\"wp-block-columns wrld-mw-1400 is-layout-flex wp-container-core-columns-is-layout-28f84493 wp-block-columns-is-layout-flex\">\n<div class=\"wp-block-column wisdm-reports is-layout-flow wp-block-column-is-layout-flow\">\n<div class=\"wp-block-wisdm-learndash-reports-revenue-from-courses\"><div class=\"wisdm-learndash-reports-revenue-from-courses front\"><\/div><\/div>\n\n\n\n<div class=\"wp-block-wisdm-learndash-reports-daily-enrollments\"><div class=\"wisdm-learndash-reports-daily-enrollments front\"><\/div><\/div>\n\n\n\n<div class=\"wp-block-wisdm-learndash-reports-report-filters\"><div class=\"wisdm-learndash-reports-report-filters front\"><\/div><\/div>\n\n\n\n<div class=\"wp-block-wisdm-learndash-reports-time-spent-on-a-course\"><div class=\"wisdm-learndash-reports-time-spent-on-a-course\"><\/div><\/div>\n\n\n\n<div class=\"wp-block-wisdm-learndash-reports-course-completion-rate\"><div class=\"wisdm-learndash-reports-course-completion-rate front\"><\/div><\/div>\n\n\n\n<div class=\"wp-block-wisdm-learndash-reports-course-progress-rate\"><div class=\"wisdm-learndash-reports-course-progress-rate front\"><\/div><\/div>\n\n\n\n<div class=\"wp-block-wisdm-learndash-reports-quiz-completion-rate-per-course\"><div class=\"wisdm-learndash-reports-quiz-completion-rate-per-course front\"><\/div><\/div>\n\n\n\n<div class=\"wp-block-wisdm-learndash-reports-quiz-completion-time-per-course\"><div class=\"wisdm-learndash-reports-quiz-completion-time-per-course front\"><\/div><\/div>\n\n\n\n<div class=\"wp-block-wisdm-learndash-reports-learner-pass-fail-rate-per-course\"><div class=\"wisdm-learndash-reports-learner-pass-fail-rate-per-course front\"><\/div><\/div>\n\n\n\n<div class=\"wp-block-wisdm-learndash-reports-average-quiz-attempts\"><div class=\"wisdm-learndash-reports-average-quiz-attempts front\"><\/div><\/div>\n\n\n\n<div class=\"wp-block-wisdm-learndash-reports-inactive-users\"><div class=\"wisdm-learndash-reports-inactive-users front\"><\/div><\/div>\n\n\n\n<div class=\"wp-block-wisdm-learndash-reports-learner-activity-log\"><div class=\"wisdm-learndash-reports-learner-activity-log front\"><\/div><\/div>\n\n\n\n<div class=\"wp-block-wisdm-learndash-reports-course-list\"><div class=\"wisdm-learndash-reports-course-list\"><\/div><\/div>\n\n\n\n<div class=\"wp-block-wisdm-learndash-reports-quiz-reports\"><div id=\"wisdm-learndash-reports-quiz-report-view\" class=\"wisdm-learndash-reports-quiz-reports\"><div class='qre-breadcrumbs'><span><strong>Quiz Tableau de bord des rapports<\/strong><\/span><\/div><div class=\"wrld-loader\"><\/div><div class=\"qre-reports-content\"><h2>Rapport de toutes les tentatives<\/h2>\t\t\t\t<div class=\"qre_nodata_container\">\n\t\t\t\t\t<div>\n\t\t\t\t\t\t<strong>Acc\u00e8s refus\u00e9.<\/strong>\n\t\t\t\t\t\tVous devez \u00eatre connect\u00e9 pour acc\u00e9der \u00e0 cette page.\t\t\t\t\t<\/div>\n\t\t\t\t<\/div>\n\t\t\t\t<\/div><\/div><\/div>\n<\/div>\n<\/div>\n<\/div>\n","protected":false},"excerpt":{"rendered":"","protected":false},"author":1,"featured_media":0,"parent":0,"menu_order":0,"comment_status":"closed","ping_status":"closed","template":"","meta":{"_acf_changed":false,"inline_featured_image":false,"footnotes":""},"class_list":["post-9282","page","type-page","status-publish","hentry"],"acf":[],"yoast_head":"<!-- This site is optimized with the Yoast SEO Premium plugin v27.3 (Yoast SEO v27.3) - https:\/\/yoast.com\/product\/yoast-seo-premium-wordpress\/ -->\n<title>Davidhorn<\/title>\n<meta name=\"robots\" content=\"index, follow, max-snippet:-1, max-image-preview:large, max-video-preview:-1\" \/>\n<link rel=\"canonical\" href=\"https:\/\/davidhorn.com\/fr\/tableau-de-bord-des-rapports\/\" \/>\n<meta property=\"og:locale\" content=\"fr_FR\" \/>\n<meta property=\"og:type\" content=\"article\" \/>\n<meta property=\"og:title\" content=\"Tableau de bord des rapports\" \/>\n<meta property=\"og:url\" content=\"https:\/\/davidhorn.com\/fr\/tableau-de-bord-des-rapports\/\" \/>\n<meta property=\"og:site_name\" content=\"Davidhorn\" \/>\n<meta property=\"article:publisher\" content=\"https:\/\/www.facebook.com\/Equipped.for.Justice\/\" \/>\n<meta property=\"article:modified_time\" content=\"2025-05-19T06:37:54+00:00\" \/>\n<meta property=\"og:image\" content=\"https:\/\/d3pwq9e4hibwhv.cloudfront.net\/wp-content\/uploads\/2024\/06\/23104719\/night-life-blur-background-2024-02-28-03-24-31-utc-scaled-1-1024x683.jpg\" \/>\n\t<meta property=\"og:image:width\" content=\"1024\" \/>\n\t<meta property=\"og:image:height\" content=\"683\" \/>\n\t<meta property=\"og:image:type\" content=\"image\/jpeg\" \/>\n<meta name=\"twitter:card\" content=\"summary_large_image\" \/>\n<script type=\"application\/ld+json\" class=\"yoast-schema-graph\">{\"@context\":\"https:\\\/\\\/schema.org\",\"@graph\":[{\"@type\":\"WebPage\",\"@id\":\"https:\\\/\\\/davidhorn.com\\\/fr\\\/tableau-de-bord-des-rapports\\\/\",\"url\":\"https:\\\/\\\/davidhorn.com\\\/fr\\\/tableau-de-bord-des-rapports\\\/\",\"name\":\"Tableau de bord des rapports - Davidhorn\",\"isPartOf\":{\"@id\":\"https:\\\/\\\/davidhorn.com\\\/#website\"},\"datePublished\":\"2024-09-16T20:52:45+00:00\",\"dateModified\":\"2025-05-19T06:37:54+00:00\",\"breadcrumb\":{\"@id\":\"https:\\\/\\\/davidhorn.com\\\/fr\\\/tableau-de-bord-des-rapports\\\/#breadcrumb\"},\"inLanguage\":\"fr-FR\",\"potentialAction\":[{\"@type\":\"ReadAction\",\"target\":[\"https:\\\/\\\/davidhorn.com\\\/fr\\\/tableau-de-bord-des-rapports\\\/\"]}]},{\"@type\":\"BreadcrumbList\",\"@id\":\"https:\\\/\\\/davidhorn.com\\\/fr\\\/tableau-de-bord-des-rapports\\\/#breadcrumb\",\"itemListElement\":[{\"@type\":\"ListItem\",\"position\":1,\"name\":\"Accueil\",\"item\":\"https:\\\/\\\/davidhorn.com\\\/fr\\\/\"},{\"@type\":\"ListItem\",\"position\":2,\"name\":\"Tableau de bord des rapports\"}]},{\"@type\":\"WebSite\",\"@id\":\"https:\\\/\\\/davidhorn.com\\\/#website\",\"url\":\"https:\\\/\\\/davidhorn.com\\\/\",\"name\":\"Davidhorn\",\"description\":\"\",\"publisher\":{\"@id\":\"https:\\\/\\\/davidhorn.com\\\/#organization\"},\"potentialAction\":[{\"@type\":\"SearchAction\",\"target\":{\"@type\":\"EntryPoint\",\"urlTemplate\":\"https:\\\/\\\/davidhorn.com\\\/?s={search_term_string}\"},\"query-input\":{\"@type\":\"PropertyValueSpecification\",\"valueRequired\":true,\"valueName\":\"search_term_string\"}}],\"inLanguage\":\"fr-FR\"},{\"@type\":\"Organization\",\"@id\":\"https:\\\/\\\/davidhorn.com\\\/#organization\",\"name\":\"Davidhorn\",\"url\":\"https:\\\/\\\/davidhorn.com\\\/\",\"logo\":{\"@type\":\"ImageObject\",\"inLanguage\":\"fr-FR\",\"@id\":\"https:\\\/\\\/davidhorn.com\\\/#\\\/schema\\\/logo\\\/image\\\/\",\"url\":\"https:\\\/\\\/d3pwq9e4hibwhv.cloudfront.net\\\/wp-content\\\/uploads\\\/2024\\\/05\\\/29122828\\\/primary-1.svg\",\"contentUrl\":\"https:\\\/\\\/d3pwq9e4hibwhv.cloudfront.net\\\/wp-content\\\/uploads\\\/2024\\\/05\\\/29122828\\\/primary-1.svg\",\"width\":200,\"height\":32,\"caption\":\"Davidhorn\"},\"image\":{\"@id\":\"https:\\\/\\\/davidhorn.com\\\/#\\\/schema\\\/logo\\\/image\\\/\"},\"sameAs\":[\"https:\\\/\\\/www.facebook.com\\\/Equipped.for.Justice\\\/\",\"https:\\\/\\\/www.linkedin.com\\\/company\\\/davidhorn\",\"https:\\\/\\\/www.instagram.com\\\/davidhorn_company\"]}]}<\/script>\n<!-- \/ Yoast SEO Premium plugin. -->","yoast_head_json":{"title":"Davidhorn","robots":{"index":"index","follow":"follow","max-snippet":"max-snippet:-1","max-image-preview":"max-image-preview:large","max-video-preview":"max-video-preview:-1"},"canonical":"https:\/\/davidhorn.com\/fr\/tableau-de-bord-des-rapports\/","og_locale":"fr_FR","og_type":"article","og_title":"Tableau de bord des rapports","og_url":"https:\/\/davidhorn.com\/fr\/tableau-de-bord-des-rapports\/","og_site_name":"Davidhorn","article_publisher":"https:\/\/www.facebook.com\/Equipped.for.Justice\/","article_modified_time":"2025-05-19T06:37:54+00:00","og_image":[{"width":1024,"height":683,"url":"https:\/\/d3pwq9e4hibwhv.cloudfront.net\/wp-content\/uploads\/2024\/06\/23104719\/night-life-blur-background-2024-02-28-03-24-31-utc-scaled-1-1024x683.jpg","type":"image\/jpeg"}],"twitter_card":"summary_large_image","schema":{"@context":"https:\/\/schema.org","@graph":[{"@type":"WebPage","@id":"https:\/\/davidhorn.com\/fr\/tableau-de-bord-des-rapports\/","url":"https:\/\/davidhorn.com\/fr\/tableau-de-bord-des-rapports\/","name":"Tableau de bord des rapports - Davidhorn","isPartOf":{"@id":"https:\/\/davidhorn.com\/#website"},"datePublished":"2024-09-16T20:52:45+00:00","dateModified":"2025-05-19T06:37:54+00:00","breadcrumb":{"@id":"https:\/\/davidhorn.com\/fr\/tableau-de-bord-des-rapports\/#breadcrumb"},"inLanguage":"fr-FR","potentialAction":[{"@type":"ReadAction","target":["https:\/\/davidhorn.com\/fr\/tableau-de-bord-des-rapports\/"]}]},{"@type":"BreadcrumbList","@id":"https:\/\/davidhorn.com\/fr\/tableau-de-bord-des-rapports\/#breadcrumb","itemListElement":[{"@type":"ListItem","position":1,"name":"Accueil","item":"https:\/\/davidhorn.com\/fr\/"},{"@type":"ListItem","position":2,"name":"Tableau de bord des rapports"}]},{"@type":"WebSite","@id":"https:\/\/davidhorn.com\/#website","url":"https:\/\/davidhorn.com\/","name":"Davidhorn","description":"","publisher":{"@id":"https:\/\/davidhorn.com\/#organization"},"potentialAction":[{"@type":"SearchAction","target":{"@type":"EntryPoint","urlTemplate":"https:\/\/davidhorn.com\/?s={search_term_string}"},"query-input":{"@type":"PropertyValueSpecification","valueRequired":true,"valueName":"search_term_string"}}],"inLanguage":"fr-FR"},{"@type":"Organization","@id":"https:\/\/davidhorn.com\/#organization","name":"Davidhorn","url":"https:\/\/davidhorn.com\/","logo":{"@type":"ImageObject","inLanguage":"fr-FR","@id":"https:\/\/davidhorn.com\/#\/schema\/logo\/image\/","url":"https:\/\/d3pwq9e4hibwhv.cloudfront.net\/wp-content\/uploads\/2024\/05\/29122828\/primary-1.svg","contentUrl":"https:\/\/d3pwq9e4hibwhv.cloudfront.net\/wp-content\/uploads\/2024\/05\/29122828\/primary-1.svg","width":200,"height":32,"caption":"Davidhorn"},"image":{"@id":"https:\/\/davidhorn.com\/#\/schema\/logo\/image\/"},"sameAs":["https:\/\/www.facebook.com\/Equipped.for.Justice\/","https:\/\/www.linkedin.com\/company\/davidhorn","https:\/\/www.instagram.com\/davidhorn_company"]}]}},"_links":{"self":[{"href":"https:\/\/davidhorn.com\/fr\/wp-json\/wp\/v2\/pages\/9282","targetHints":{"allow":["GET"]}}],"collection":[{"href":"https:\/\/davidhorn.com\/fr\/wp-json\/wp\/v2\/pages"}],"about":[{"href":"https:\/\/davidhorn.com\/fr\/wp-json\/wp\/v2\/types\/page"}],"author":[{"embeddable":true,"href":"https:\/\/davidhorn.com\/fr\/wp-json\/wp\/v2\/users\/1"}],"replies":[{"embeddable":true,"href":"https:\/\/davidhorn.com\/fr\/wp-json\/wp\/v2\/comments?post=9282"}],"version-history":[{"count":1,"href":"https:\/\/davidhorn.com\/fr\/wp-json\/wp\/v2\/pages\/9282\/revisions"}],"predecessor-version":[{"id":9284,"href":"https:\/\/davidhorn.com\/fr\/wp-json\/wp\/v2\/pages\/9282\/revisions\/9284"}],"wp:attachment":[{"href":"https:\/\/davidhorn.com\/fr\/wp-json\/wp\/v2\/media?parent=9282"}],"curies":[{"name":"wp","href":"https:\/\/api.w.org\/{rel}","templated":true}]}}